{"id":170,"date":"2019-01-29T15:43:10","date_gmt":"2019-01-29T14:43:10","guid":{"rendered":"https:\/\/digital4d.net\/masterspray\/prodotto\/import-placeholder-for-476\/"},"modified":"2021-10-05T16:05:56","modified_gmt":"2021-10-05T14:05:56","slug":"gold-4200","status":"publish","type":"product","link":"https:\/\/digital4d.net\/masterspray\/prodotto\/gold-4200\/","title":{"rendered":"GOLD 4200"},"content":{"rendered":"<p>E&#8217; un&#8217;apparecchiatura airless elettrica a membrana ideale per i piccoli e medi lavori di verniciatura a spruzzo. Leggera e maneggevole, si pu\u00f2 facilmente trasportare sul luogo di lavoro. La testata della pompa \u00e8 in alluminio trattato, la valvola in carburo di tungsteno per garantire qualit\u00e0 e durata dei componenti.<\/p>\n<p>Il motore elettrico della GOLD 4200 \u00e9 in classe H, vale a dire: il massimo della qualit\u00e0 e della sicurezza. Pu\u00f2 lavorare anche in condizioni gravose e con alte temperature ambientali. Un sistema automatico interrompe la corrente quando i limiti di sicurezza elettrici stanno per essere superati.<\/p>\n<p>Il set-up standard dell&#8217;apparecchiatura include:<\/p>\n<ul>\n<li>Tubo HP dia. 1\/4&#8243; &#8211; mt. 10<\/li>\n<li>Sistema aspirazione vernici<\/li>\n<li>Pistola Airless<\/li>\n<li>Ugello Autopulitore cpl.<\/li>\n<\/ul>\n<h3>Applicazioni<\/h3>\n<p>Acrilico, antiruggine, emulsioni, fissativi, fondi, idropitture, impregnanti, lacche, primer, smalti, vernici, ecc.<\/p>\n<h3>Campi d&#8217;applicazione<\/h3>\n<p>Imbiancature Interne ed Esterne \u2022 Intonacature \u2022 Ristrutturazioni \u2022 Costruzioni Industriali \u2022 Verniciatura di tetti \u2022 ecc.<\/p>\n<p>&nbsp;<\/p>\n","protected":false},"excerpt":{"rendered":"<p>E\u2019 un apparecchio di verniciatura airless a membrana progettato per le necessit\u00e0 delle piccole industrie e per l\u2019artigiano. Ideale per piccoli e medi lavori nell\u2019edilizia, per l\u2019applicazione di lacche, vernici, per la lucidatura dei mobili, per le carpenterie e le officine artigiane.<\/p>\n","protected":false},"featured_media":1928,"template":"","meta":[],"product_brand":[],"product_cat":[81],"product_tag":[69,73],"class_list":{"0":"post-170","1":"product","2":"type-product","3":"status-publish","4":"has-post-thumbnail","6":"product_cat-pompe-elettriche-a-membrana","7":"product_tag-edilizia","8":"product_tag-iniezione","10":"first","11":"instock","12":"shipping-taxable","13":"product-type-simple"},"_links":{"self":[{"href":"https:\/\/digital4d.net\/masterspray\/wp-json\/wp\/v2\/product\/170","targetHints":{"allow":["GET"]}}],"collection":[{"href":"https:\/\/digital4d.net\/masterspray\/wp-json\/wp\/v2\/product"}],"about":[{"href":"https:\/\/digital4d.net\/masterspray\/wp-json\/wp\/v2\/types\/product"}],"wp:featuredmedia":[{"embeddable":true,"href":"https:\/\/digital4d.net\/masterspray\/wp-json\/wp\/v2\/media\/1928"}],"wp:attachment":[{"href":"https:\/\/digital4d.net\/masterspray\/wp-json\/wp\/v2\/media?parent=170"}],"wp:term":[{"taxonomy":"product_brand","embeddable":true,"href":"https:\/\/digital4d.net\/masterspray\/wp-json\/wp\/v2\/product_brand?post=170"},{"taxonomy":"product_cat","embeddable":true,"href":"https:\/\/digital4d.net\/masterspray\/wp-json\/wp\/v2\/product_cat?post=170"},{"taxonomy":"product_tag","embeddable":true,"href":"https:\/\/digital4d.net\/masterspray\/wp-json\/wp\/v2\/product_tag?post=170"}],"curies":[{"name":"wp","href":"https:\/\/api.w.org\/{rel}","templated":true}]}}