{"id":171,"date":"2019-01-29T15:43:11","date_gmt":"2019-01-29T14:43:11","guid":{"rendered":"https:\/\/digital4d.net\/masterspray\/prodotto\/import-placeholder-for-562\/"},"modified":"2021-10-05T16:28:49","modified_gmt":"2021-10-05T14:28:49","slug":"gold-6500","status":"publish","type":"product","link":"https:\/\/digital4d.net\/masterspray\/prodotto\/gold-6500\/","title":{"rendered":"GOLD 6500"},"content":{"rendered":"<p>E&#8217; un&#8217;apparecchiaura airless elettrica a membrana ideale per medi e grandi lavori di verniciatura. La testata della pompa \u00e8 in inox e le valvole sono in carburo di tungsteno per garantire il massimo dell&#8217;affidabilit\u00e0.<\/p>\n<p>Il motore elettrico della GOLD 6500 \u00e9 in classe H, vale a dire: il massimo della qualit\u00e0 e della sicurezza. Pu\u00f2 lavorare anche in condizioni gravose e con alte temperature ambientali. Un sistema automatico interrompe la corrente quando i limiti di sicurezza elettrici stanno per essere superati.<\/p>\n<p>Il set-up standard dell&#8217;apparecchiatura include:<\/p>\n<ul>\n<li>Tubo HP dia. 1\/4&#8243; &#8211; mt. 10<\/li>\n<li>Sistema aspirazione dispersioni<\/li>\n<li>Pistola Airless<\/li>\n<li>Ugello Autopulitore cpl.<\/li>\n<\/ul>\n<h3>Applicazioni<\/h3>\n<p>Acrilico, antiruggine, bituminosi, emulsioni, fissativi, fondi, idropitture, impregnanti, lacche, primer, smalti, vernici, ecc.<\/p>\n<h3>Campi d&#8217;applicazione<\/h3>\n<p>Imbiancature Interne ed Esterne \u2022 Intonacature \u2022 Ristrutturazioni \u2022 Costruzioni Industriali \u2022 Verniciatura di tetti \u2022 ecc.<\/p>\n<p>&nbsp;<\/p>\n","protected":false},"excerpt":{"rendered":"<p>E\u2019 un apparecchio airless elettrico a membrana di media potenza, progettato per spruzzare tutti i prodotti correnti nell\u2019edilizia, costruzione meccanica, falegnameria, carpenteria e molto altro<\/p>\n","protected":false},"featured_media":1914,"template":"","meta":[],"product_brand":[],"product_cat":[81],"product_tag":[69,73],"class_list":{"0":"post-171","1":"product","2":"type-product","3":"status-publish","4":"has-post-thumbnail","6":"product_cat-pompe-elettriche-a-membrana","7":"product_tag-edilizia","8":"product_tag-iniezione","10":"first","11":"instock","12":"shipping-taxable","13":"product-type-simple"},"_links":{"self":[{"href":"https:\/\/digital4d.net\/masterspray\/wp-json\/wp\/v2\/product\/171","targetHints":{"allow":["GET"]}}],"collection":[{"href":"https:\/\/digital4d.net\/masterspray\/wp-json\/wp\/v2\/product"}],"about":[{"href":"https:\/\/digital4d.net\/masterspray\/wp-json\/wp\/v2\/types\/product"}],"wp:featuredmedia":[{"embeddable":true,"href":"https:\/\/digital4d.net\/masterspray\/wp-json\/wp\/v2\/media\/1914"}],"wp:attachment":[{"href":"https:\/\/digital4d.net\/masterspray\/wp-json\/wp\/v2\/media?parent=171"}],"wp:term":[{"taxonomy":"product_brand","embeddable":true,"href":"https:\/\/digital4d.net\/masterspray\/wp-json\/wp\/v2\/product_brand?post=171"},{"taxonomy":"product_cat","embeddable":true,"href":"https:\/\/digital4d.net\/masterspray\/wp-json\/wp\/v2\/product_cat?post=171"},{"taxonomy":"product_tag","embeddable":true,"href":"https:\/\/digital4d.net\/masterspray\/wp-json\/wp\/v2\/product_tag?post=171"}],"curies":[{"name":"wp","href":"https:\/\/api.w.org\/{rel}","templated":true}]}}