{"id":174,"date":"2019-01-29T15:43:11","date_gmt":"2019-01-29T14:43:11","guid":{"rendered":"https:\/\/digital4d.net\/masterspray\/prodotto\/import-placeholder-for-572\/"},"modified":"2021-11-22T16:18:50","modified_gmt":"2021-11-22T15:18:50","slug":"iron-15000","status":"publish","type":"product","link":"https:\/\/digital4d.net\/masterspray\/prodotto\/iron-15000\/","title":{"rendered":"IRON 15000"},"content":{"rendered":"<p>E&#8217; un&#8217;apparecchiatura elettrica idraulica a pistone che lavora in airless. L&#8217;apparecchiatura ha una portata libera di 4,5 ltr\/min, l&#8217;ideale per medi e grandi lavori di verniciatura a spruzzo.<\/p>\n<p>Il motore elettrico che comanda la pompa idraulica \u00e9 in classe H, vale a dire: il massimo della qualit\u00e0 e della sicurezza. Pu\u00f2 lavorare anche in condizioni gravose e con alte temperature ambientali. Un sistema automatico interrompe la corrente quando i limiti di sicurezza elettrici stanno per essere superati. Tutte le parti in contatto con il prodotto sono in acciaio inox e carburo di tungsteno per garantire una maggior sicurezza.<\/p>\n<p>Il set-up standard dell&#8217;apparecchiatura include:<\/p>\n<ul>\n<li>Tubo HP dia. 3\/8&#8243; &#8211; mt. 10<\/li>\n<li>Pistola Airless<\/li>\n<li>Ugello Autopulitore cpl.<\/li>\n<\/ul>\n<h3>Applicazioni<\/h3>\n<p>Acrilico, antiruggine, bituminosi, elastomeri, emulsioni, fissativi, fondi, gessi, idropitture, ignifughi, impermeabilizzanti, impregnanti, incapsulanti, intonaci autolivellanti, intonaci premiscelati, intumescenti, isolanti, lacche, primer, rasanti, resine epossidiche, riempitivi, smalti, stucchi, vernici, ecc.<\/p>\n<h3>Campi d&#8217;applicazione<\/h3>\n<p>Imbiancature Interne ed Esterne \u2022 Intonacature \u2022 Ristrutturazioni \u2022 Costruzioni Industriali \u2022 Verniciatura<\/p>\n<p>&nbsp;<\/p>\n","protected":false},"excerpt":{"rendered":"<p>E\u2019 un\u2019apparecchiatura airless idraulica a pistone. Progettata per la spruzzatura di tutti i prodotti tixotropici in edilizia. Grazie all&#8217;aspirazione diretta l&#8217;apparecchiatura \u00e8 in grado di spruzzare prodotti densi.<\/p>\n","protected":false},"featured_media":3689,"template":"","meta":[],"product_brand":[],"product_cat":[82],"product_tag":[69],"class_list":{"0":"post-174","1":"product","2":"type-product","3":"status-publish","4":"has-post-thumbnail","6":"product_cat-pompe-elettroidrauliche","7":"product_tag-edilizia","9":"first","10":"instock","11":"shipping-taxable","12":"product-type-simple"},"_links":{"self":[{"href":"https:\/\/digital4d.net\/masterspray\/wp-json\/wp\/v2\/product\/174","targetHints":{"allow":["GET"]}}],"collection":[{"href":"https:\/\/digital4d.net\/masterspray\/wp-json\/wp\/v2\/product"}],"about":[{"href":"https:\/\/digital4d.net\/masterspray\/wp-json\/wp\/v2\/types\/product"}],"wp:featuredmedia":[{"embeddable":true,"href":"https:\/\/digital4d.net\/masterspray\/wp-json\/wp\/v2\/media\/3689"}],"wp:attachment":[{"href":"https:\/\/digital4d.net\/masterspray\/wp-json\/wp\/v2\/media?parent=174"}],"wp:term":[{"taxonomy":"product_brand","embeddable":true,"href":"https:\/\/digital4d.net\/masterspray\/wp-json\/wp\/v2\/product_brand?post=174"},{"taxonomy":"product_cat","embeddable":true,"href":"https:\/\/digital4d.net\/masterspray\/wp-json\/wp\/v2\/product_cat?post=174"},{"taxonomy":"product_tag","embeddable":true,"href":"https:\/\/digital4d.net\/masterspray\/wp-json\/wp\/v2\/product_tag?post=174"}],"curies":[{"name":"wp","href":"https:\/\/api.w.org\/{rel}","templated":true}]}}