{"id":176,"date":"2019-01-29T15:43:11","date_gmt":"2019-01-29T14:43:11","guid":{"rendered":"https:\/\/digital4d.net\/masterspray\/prodotto\/import-placeholder-for-576\/"},"modified":"2021-11-22T16:38:43","modified_gmt":"2021-11-22T15:38:43","slug":"iron-44000","status":"publish","type":"product","link":"https:\/\/digital4d.net\/masterspray\/prodotto\/iron-44000\/","title":{"rendered":"IRON 44000"},"content":{"rendered":"<p>E&#8217; un&#8217;apparecchiatura elettrica idraulica a pistone che lavora in airless. IRON 44000 \u00e8 disponibile sia nella versione elettrica 380V\/50 Hz che nella versione a benzina, motore Honda.<\/p>\n<p>Il motore elettrico che comanda la pompa idraulica \u00e9 in classe H, vale a dire: il massimo della qualit\u00e0 e della sicurezza. Pu\u00f2 lavorare anche in condizioni gravose e con alte temperature ambientali. Un sistema automatico interrompe la corrente quando i limiti di sicurezza elettrici stanno per essere superati. Tutte le parti in contatto con il prodotto sono in acciaio inox e carburo di tungsteno per garantire una maggior sicurezza.<\/p>\n<p>Il set-up standard dell&#8217;apparecchiatura include:<\/p>\n<ul>\n<li>Tubo HP dia. 3\/8&#8243; &#8211; mt. 10<\/li>\n<li>Pistola Airless AG 500L<\/li>\n<li>Ugello Autopulitore cpl.<\/li>\n<\/ul>\n<h3>Applicazioni<\/h3>\n<p>Acrilico, antiruggine, bituminosi, elastomeri, emulsioni, fissativi, fondi, gessi, idropitture, ignifughi, impermeabilizzanti, impregnanti, incapsulanti, intonaci autolivellanti, intonaci premiscelati, intumescenti, isolanti, lacche, primer, rasanti, resine epossidiche, riempitivi, smalti, stucchi, vernici, ecc.<\/p>\n<h3>Campi d&#8217;applicazione<\/h3>\n<p>Imbiancature Interne ed Esterne \u2022 Intonacature \u2022 Ristrutturazioni \u2022 Costruzioni Industriali \u2022 Verniciatura<\/p>\n<p>&nbsp;<\/p>\n","protected":false},"excerpt":{"rendered":"<p>E\u2019 un\u2019apparecchiatura airless idraulica a pistone. IRON 44000 \u00e8 l&#8217;ideale per grandi lavori di verniciatura. La caratteristica che la distingue \u00e8 la sua potente aspirazione che permette di aspirare prodotti molto viscosi.<\/p>\n<p>&nbsp;<\/p>\n","protected":false},"featured_media":3707,"template":"","meta":[],"product_brand":[],"product_cat":[82],"product_tag":[69],"class_list":{"0":"post-176","1":"product","2":"type-product","3":"status-publish","4":"has-post-thumbnail","6":"product_cat-pompe-elettroidrauliche","7":"product_tag-edilizia","9":"first","10":"instock","11":"shipping-taxable","12":"product-type-simple"},"_links":{"self":[{"href":"https:\/\/digital4d.net\/masterspray\/wp-json\/wp\/v2\/product\/176","targetHints":{"allow":["GET"]}}],"collection":[{"href":"https:\/\/digital4d.net\/masterspray\/wp-json\/wp\/v2\/product"}],"about":[{"href":"https:\/\/digital4d.net\/masterspray\/wp-json\/wp\/v2\/types\/product"}],"wp:featuredmedia":[{"embeddable":true,"href":"https:\/\/digital4d.net\/masterspray\/wp-json\/wp\/v2\/media\/3707"}],"wp:attachment":[{"href":"https:\/\/digital4d.net\/masterspray\/wp-json\/wp\/v2\/media?parent=176"}],"wp:term":[{"taxonomy":"product_brand","embeddable":true,"href":"https:\/\/digital4d.net\/masterspray\/wp-json\/wp\/v2\/product_brand?post=176"},{"taxonomy":"product_cat","embeddable":true,"href":"https:\/\/digital4d.net\/masterspray\/wp-json\/wp\/v2\/product_cat?post=176"},{"taxonomy":"product_tag","embeddable":true,"href":"https:\/\/digital4d.net\/masterspray\/wp-json\/wp\/v2\/product_tag?post=176"}],"curies":[{"name":"wp","href":"https:\/\/api.w.org\/{rel}","templated":true}]}}