{"id":181,"date":"2019-01-29T15:43:12","date_gmt":"2019-01-29T14:43:12","guid":{"rendered":"https:\/\/digital4d.net\/masterspray\/prodotto\/import-placeholder-for-587\/"},"modified":"2021-11-22T15:56:31","modified_gmt":"2021-11-22T14:56:31","slug":"argon-48","status":"publish","type":"product","link":"https:\/\/digital4d.net\/masterspray\/prodotto\/argon-48\/","title":{"rendered":"ARGON 48"},"content":{"rendered":"<p>ARGON 48 ha un motore pneumatico con inversione volumetrica rapida che consente una ridottissima caduta di pressione all\u2019atto dell\u2019inversione .Il motore non presenta problemi di gelo e richiede una ridotta lubrificazione. Il pistone prodotto ha un trattamento in cromo duro e tutte le parti a contatto con il prodotto in acciaio inox e carburo di tungsteno.<\/p>\n<p>Questa apparecchiatura di grande portata pu\u00f2 aspirare anche prodotti densi o tixotropici. ARGON 48 \u00e8 stato progettato per le necessit\u00e0 delle medie-grandi industrie,\u00a0 carpenterie, falegnamerie, ferrovie, industria automobilistica, industria edile, industria meccanica, industria navale.<\/p>\n<h3>Applicazioni<\/h3>\n<p>Alcool, antirombo, collanti, detergenti, distaccanti, epossidici, grassi, grassi vegetali, idropitture, inchiostri, lubrificanti, mastici, olii, sigillanti, solventi, tinte, turapori, vernici, vernici a base di oli, vernici acriliche, ecc&#8230;<\/p>\n<h3>Campi d&#8217;applicazione<\/h3>\n<p>Artigiani \u2022 Carpenterie \u2022 Falegnamerie \u2022 Ferrovie \u2022 Industria automobilistica \u2022 Industria edile \u2022 Industria meccanica \u2022 Industria navale<\/p>\n<p>&nbsp;<\/p>\n","protected":false},"excerpt":{"rendered":"<p>E\u2019 un\u2019apparecchiatura airless pneumatica a pistone di grande portata in grado di spruzzare prodotti densi o tixotropici. E\u2019 un\u2019apparecchiatura ideale per le necessit\u00e0 delle medie-grandi industrie, carpenterie, falegnamerie, ferrovie, industria automobilistica, industria edile, industria meccanica, industria navale.<\/p>\n<table style=\"height: 90px;\" border=\"0\" width=\"171\">\n<tbody>\n<tr>\n<td><img decoding=\"async\" class=\"wp-image-1194 alignnone\" src=\"https:\/\/digital4d.net\/masterspray\/wp-content\/uploads\/2019\/01\/PDF-300x169.png\" alt=\"\" width=\"55\" height=\"31\" srcset=\"https:\/\/digital4d.net\/masterspray\/wp-content\/uploads\/2019\/01\/PDF-300x169.png 300w, https:\/\/digital4d.net\/masterspray\/wp-content\/uploads\/2019\/01\/PDF-768x432.png 768w, https:\/\/digital4d.net\/masterspray\/wp-content\/uploads\/2019\/01\/PDF-1024x576.png 1024w, https:\/\/digital4d.net\/masterspray\/wp-content\/uploads\/2019\/01\/PDF-1080x608.png 1080w, https:\/\/digital4d.net\/masterspray\/wp-content\/uploads\/2019\/01\/PDF-24x14.png 24w, https:\/\/digital4d.net\/masterspray\/wp-content\/uploads\/2019\/01\/PDF-36x20.png 36w, https:\/\/digital4d.net\/masterspray\/wp-content\/uploads\/2019\/01\/PDF-48x27.png 48w, https:\/\/digital4d.net\/masterspray\/wp-content\/uploads\/2019\/01\/PDF-600x338.png 600w, https:\/\/digital4d.net\/masterspray\/wp-content\/uploads\/2019\/01\/PDF.png 1280w\" sizes=\"(max-width: 55px) 100vw, 55px\" \/><\/td>\n<td><a href=\"https:\/\/digital4d.net\/masterspray\/wp-content\/uploads\/2019\/01\/Vol-ARGON48ita.pdf\">Scheda Tecnica<\/a><\/td>\n<\/tr>\n<tr>\n<td><\/td>\n<td><\/td>\n<\/tr>\n<tr>\n<td><\/td>\n<td><\/td>\n<\/tr>\n<\/tbody>\n<\/table>\n","protected":false},"featured_media":1882,"template":"","meta":[],"product_brand":[],"product_cat":[83],"product_tag":[70,73],"class_list":{"0":"post-181","1":"product","2":"type-product","3":"status-publish","4":"has-post-thumbnail","6":"product_cat-pompe-pneumatiche","7":"product_tag-industria","8":"product_tag-iniezione","10":"first","11":"instock","12":"shipping-taxable","13":"product-type-simple"},"_links":{"self":[{"href":"https:\/\/digital4d.net\/masterspray\/wp-json\/wp\/v2\/product\/181","targetHints":{"allow":["GET"]}}],"collection":[{"href":"https:\/\/digital4d.net\/masterspray\/wp-json\/wp\/v2\/product"}],"about":[{"href":"https:\/\/digital4d.net\/masterspray\/wp-json\/wp\/v2\/types\/product"}],"wp:featuredmedia":[{"embeddable":true,"href":"https:\/\/digital4d.net\/masterspray\/wp-json\/wp\/v2\/media\/1882"}],"wp:attachment":[{"href":"https:\/\/digital4d.net\/masterspray\/wp-json\/wp\/v2\/media?parent=181"}],"wp:term":[{"taxonomy":"product_brand","embeddable":true,"href":"https:\/\/digital4d.net\/masterspray\/wp-json\/wp\/v2\/product_brand?post=181"},{"taxonomy":"product_cat","embeddable":true,"href":"https:\/\/digital4d.net\/masterspray\/wp-json\/wp\/v2\/product_cat?post=181"},{"taxonomy":"product_tag","embeddable":true,"href":"https:\/\/digital4d.net\/masterspray\/wp-json\/wp\/v2\/product_tag?post=181"}],"curies":[{"name":"wp","href":"https:\/\/api.w.org\/{rel}","templated":true}]}}