{"id":184,"date":"2019-01-29T15:43:12","date_gmt":"2019-01-29T14:43:12","guid":{"rendered":"https:\/\/digital4d.net\/masterspray\/prodotto\/import-placeholder-for-607\/"},"modified":"2021-02-24T12:28:37","modified_gmt":"2021-02-24T11:28:37","slug":"silver-18","status":"publish","type":"product","link":"https:\/\/digital4d.net\/masterspray\/prodotto\/silver-18\/","title":{"rendered":"SILVER 18"},"content":{"rendered":"<p>E\u2019 un\u2019apparecchiatura airless idraulica a pistone progettata per l\u2019iniezione di prodotti bicomponenti con miscelazione 1:1. La semplicit\u00e0 di regolazione della pressione permette di iniettare da basse ad alte pressioni senza alcun problema.<\/p>\n<p>SILVER 18 \u00e8 un&#8217;apparecchiatura elettrica. Il motore elettrico che comanda la pompa idraulica \u00e9 in classe H, vale a dire: il massimo della qualit\u00e0 e della sicurezza. Pu\u00f2 lavorare anche in condizioni gravose e con alte temperature ambientali. Un sistema automatico interrompe la corrente quando i limiti di sicurezza elettrici stanno per essere superati. Tutte le parti in contatto con il prodotto sono in acciaio inox e caruburo di tungesteno per garantire una maggior sigurazza.<\/p>\n<h3>Applicazioni<\/h3>\n<p>Vernici, Epossidici, Resine Acriliche, Resine poliuretaniche, Resine poliuretaniche bicomponenti, Prodotti bicomponenti con miscelazione 1:1.<\/p>\n<h3>Campi d&#8217;applicazione<\/h3>\n<p>Iniezioni \u2022 Consolidamenti \u2022 Edilizia<\/p>\n<p>&nbsp;<\/p>\n","protected":false},"excerpt":{"rendered":"<p>E&#8217; un&#8217;apparecchiatura progettata per iniettare prodotti specifici per l&#8217;irrobustimento nelle rinnovazioni edilizie, gallerie, tunnel, metropolitane.<br \/>\nLa semplicit\u00e0 di regolazione della pressione permette di iniettare da basse ad alte pressioni senza alcun problema.<\/p>\n","protected":false},"featured_media":1890,"template":"","meta":[],"product_brand":[],"product_cat":[84],"product_tag":[73],"class_list":{"0":"post-184","1":"product","2":"type-product","3":"status-publish","4":"has-post-thumbnail","6":"product_cat-pompe-bicomponenti","7":"product_tag-iniezione","9":"first","10":"instock","11":"shipping-taxable","12":"product-type-simple"},"_links":{"self":[{"href":"https:\/\/digital4d.net\/masterspray\/wp-json\/wp\/v2\/product\/184","targetHints":{"allow":["GET"]}}],"collection":[{"href":"https:\/\/digital4d.net\/masterspray\/wp-json\/wp\/v2\/product"}],"about":[{"href":"https:\/\/digital4d.net\/masterspray\/wp-json\/wp\/v2\/types\/product"}],"wp:featuredmedia":[{"embeddable":true,"href":"https:\/\/digital4d.net\/masterspray\/wp-json\/wp\/v2\/media\/1890"}],"wp:attachment":[{"href":"https:\/\/digital4d.net\/masterspray\/wp-json\/wp\/v2\/media?parent=184"}],"wp:term":[{"taxonomy":"product_brand","embeddable":true,"href":"https:\/\/digital4d.net\/masterspray\/wp-json\/wp\/v2\/product_brand?post=184"},{"taxonomy":"product_cat","embeddable":true,"href":"https:\/\/digital4d.net\/masterspray\/wp-json\/wp\/v2\/product_cat?post=184"},{"taxonomy":"product_tag","embeddable":true,"href":"https:\/\/digital4d.net\/masterspray\/wp-json\/wp\/v2\/product_tag?post=184"}],"curies":[{"name":"wp","href":"https:\/\/api.w.org\/{rel}","templated":true}]}}