{"id":191,"date":"2019-01-29T15:43:13","date_gmt":"2019-01-29T14:43:13","guid":{"rendered":"https:\/\/digital4d.net\/masterspray\/prodotto\/import-placeholder-for-649\/"},"modified":"2022-10-27T11:45:43","modified_gmt":"2022-10-27T09:45:43","slug":"opal-pneus","status":"publish","type":"product","link":"https:\/\/digital4d.net\/masterspray\/prodotto\/opal-pneus\/","title":{"rendered":"OPAL PNEUS"},"content":{"rendered":"<p>PNEUS \u00e8 una pistola airless professionale a comando automatico o manuale per la spruzzatura della superficie interna di tubi. Questa pistola \u00e8 in grado di spruzzare l\u2019interno di tubi aventi un diametro minimo di 250 mm. fino ad un massimo di 750 mm. La nebulizzazione del materiale avviene tramite il sistema airless (pressione idraulica) grazie ad una testina girevole pneumatica (da 10 a 100 RPM) a 360\u00b0. Sulla testina girevole pneumatica viene applicato un ugello airless. Attraverso il comando pneumatico \u00e8 possibile regolare, secondo le necessit\u00e0 di spruzzatura, la velocit\u00e0 di rotazione.<\/p>\n<h3>Performance<\/h3>\n<p>&nbsp;<\/p>\n<table style=\"text-align: left; width: 600px;\" border=\"0\">\n<tbody>\n<tr>\n<td style=\"background-color: #dcdcdc; width: 539px;\">Motore<\/td>\n<td style=\"background-color: #dcdcdc; width: 323px;\" colspan=\"1\" rowspan=\"1\">Pneumatico<\/td>\n<\/tr>\n<tr>\n<td style=\"width: 539px;\">Potenza<\/td>\n<td style=\"width: 323px;\" colspan=\"1\" rowspan=\"1\">1\/4 HP<\/td>\n<\/tr>\n<tr>\n<td style=\"background-color: #dcdcdc; width: 539px;\">Max. RPM<\/td>\n<td style=\"background-color: #dcdcdc; width: 323px;\" colspan=\"1\" rowspan=\"1\">100<\/td>\n<\/tr>\n<tr>\n<td style=\"width: 539px;\">Diametro int. min.\u00a0\u00a0\u00a0\u00a0\u00a0\u00a0\u00a0\u00a0 mm<\/td>\n<td style=\"width: 323px;\" colspan=\"1\" rowspan=\"1\">250<\/td>\n<\/tr>\n<tr>\n<td style=\"background-color: #dcdcdc; width: 539px;\">Diametro int. max. \u00a0 \u00a0 \u00a0 mm<\/td>\n<td style=\"background-color: #dcdcdc; width: 323px;\" colspan=\"1\" rowspan=\"1\">750<\/td>\n<\/tr>\n<tr>\n<td style=\"width: 539px;\">Manicotto (Standard)<\/p>\n<p><span style=\"font-style: italic;\">Su richiesta<\/span><\/td>\n<td style=\"width: 323px;\" colspan=\"1\" rowspan=\"1\">11\/16&#8243;<\/p>\n<p><span style=\"font-style: italic;\">7\/8&#8243;<\/span><\/td>\n<\/tr>\n<tr>\n<td style=\"background-color: #dcdcdc; width: 539px;\">Entrata materiale (Standard)<\/p>\n<p><span style=\"font-style: italic;\">Su richiesta<\/span><\/td>\n<td style=\"background-color: #dcdcdc; width: 323px;\" colspan=\"1\" rowspan=\"1\">M16x1,5<\/p>\n<p><span style=\"font-style: italic;\">1\/4&#8243; NPS\/BSP<\/span><\/td>\n<\/tr>\n<tr>\n<td style=\"width: 539px;\">Entrata aria (Standard)<\/td>\n<td style=\"width: 323px;\" colspan=\"1\" rowspan=\"1\">Adattatore Rapid<\/td>\n<\/tr>\n<\/tbody>\n<\/table>\n","protected":false},"excerpt":{"rendered":"<p>Sistema per la spruzzatura interna di tubi (PNEUS) da un minimo di 250 cm fino a 750 cm. (possibilit\u00e0 di avere bracci con lunghezze personalizzate)<\/p>\n<p><a href=\"https:\/\/www.youtube.com\/watch?v=GSe6cyNmNyU\"><img decoding=\"async\" class=\"alignnone  wp-image-5500\" src=\"https:\/\/digital4d.net\/masterspray\/wp-content\/uploads\/2019\/01\/R-300x211.jpg\" alt=\"\" width=\"81\" height=\"57\" srcset=\"https:\/\/digital4d.net\/masterspray\/wp-content\/uploads\/2019\/01\/R-300x211.jpg 300w, https:\/\/digital4d.net\/masterspray\/wp-content\/uploads\/2019\/01\/R-1024x719.jpg 1024w, https:\/\/digital4d.net\/masterspray\/wp-content\/uploads\/2019\/01\/R-768x539.jpg 768w, https:\/\/digital4d.net\/masterspray\/wp-content\/uploads\/2019\/01\/R-1536x1079.jpg 1536w, https:\/\/digital4d.net\/masterspray\/wp-content\/uploads\/2019\/01\/R-2048x1439.jpg 2048w, https:\/\/digital4d.net\/masterspray\/wp-content\/uploads\/2019\/01\/R-400x284.jpg 400w, https:\/\/digital4d.net\/masterspray\/wp-content\/uploads\/2019\/01\/R-1080x759.jpg 1080w, https:\/\/digital4d.net\/masterspray\/wp-content\/uploads\/2019\/01\/R-1280x899.jpg 1280w, https:\/\/digital4d.net\/masterspray\/wp-content\/uploads\/2019\/01\/R-980x688.jpg 980w, https:\/\/digital4d.net\/masterspray\/wp-content\/uploads\/2019\/01\/R-480x337.jpg 480w, https:\/\/digital4d.net\/masterspray\/wp-content\/uploads\/2019\/01\/R-24x17.jpg 24w, https:\/\/digital4d.net\/masterspray\/wp-content\/uploads\/2019\/01\/R-36x25.jpg 36w, https:\/\/digital4d.net\/masterspray\/wp-content\/uploads\/2019\/01\/R-48x34.jpg 48w, https:\/\/digital4d.net\/masterspray\/wp-content\/uploads\/2019\/01\/R-600x421.jpg 600w\" sizes=\"(max-width: 81px) 100vw, 81px\" \/><\/a><\/p>\n","protected":false},"featured_media":5493,"template":"","meta":[],"product_brand":[],"product_cat":[80],"product_tag":[76],"class_list":{"0":"post-191","1":"product","2":"type-product","3":"status-publish","4":"has-post-thumbnail","6":"product_cat-pistole-airless","7":"product_tag-pistole","9":"first","10":"instock","11":"shipping-taxable","12":"product-type-simple"},"_links":{"self":[{"href":"https:\/\/digital4d.net\/masterspray\/wp-json\/wp\/v2\/product\/191","targetHints":{"allow":["GET"]}}],"collection":[{"href":"https:\/\/digital4d.net\/masterspray\/wp-json\/wp\/v2\/product"}],"about":[{"href":"https:\/\/digital4d.net\/masterspray\/wp-json\/wp\/v2\/types\/product"}],"wp:featuredmedia":[{"embeddable":true,"href":"https:\/\/digital4d.net\/masterspray\/wp-json\/wp\/v2\/media\/5493"}],"wp:attachment":[{"href":"https:\/\/digital4d.net\/masterspray\/wp-json\/wp\/v2\/media?parent=191"}],"wp:term":[{"taxonomy":"product_brand","embeddable":true,"href":"https:\/\/digital4d.net\/masterspray\/wp-json\/wp\/v2\/product_brand?post=191"},{"taxonomy":"product_cat","embeddable":true,"href":"https:\/\/digital4d.net\/masterspray\/wp-json\/wp\/v2\/product_cat?post=191"},{"taxonomy":"product_tag","embeddable":true,"href":"https:\/\/digital4d.net\/masterspray\/wp-json\/wp\/v2\/product_tag?post=191"}],"curies":[{"name":"wp","href":"https:\/\/api.w.org\/{rel}","templated":true}]}}