{"id":196,"date":"2019-01-29T15:43:13","date_gmt":"2019-01-29T14:43:13","guid":{"rendered":"https:\/\/digital4d.net\/masterspray\/prodotto\/import-placeholder-for-824\/"},"modified":"2022-10-28T17:03:44","modified_gmt":"2022-10-28T15:03:44","slug":"silver-48","status":"publish","type":"product","link":"https:\/\/digital4d.net\/masterspray\/prodotto\/silver-48\/","title":{"rendered":"SILVER 48"},"content":{"rendered":"<p>E\u2019 un\u2019apparecchiatura airless pneumatica a pistone bicomponente, ideale per l\u2019applicazione di impermeabilizzanti bituminosi.<br \/>\nQuesta apparecchiatura di grande portata pu\u00f2 aspirare anche prodotti densi o tixotropici. SILVER 48 \u00e8 stato progettato per le necessit\u00e0 delle medie-grandi imprese edili che devono realizzare lavori importanti.<\/p>\n<p>SILVER 48 ha un motore pneumatico con inversione volumetrica rapida che consente una ridottissima caduta di pressione all\u2019atto dell\u2019inversione e il sistema di regolazione contemporanea dei pacchi guarnizioni. La regolazione contemporanea dei pacchi in rapporto all\u2019usura permette una pi\u00f9 lunga durata e soprattutto una migliore performance dell\u2019apparecchiatura. Il pistone prodotto ha un trattamento in cromo duro e tutte le parti a contatto con il prodotto in acciaio inox e carburo di tungsteno.<\/p>\n<h3>Applicazioni<\/h3>\n<p>Acrilici, Bituminosi, Coloranti, Detergenti e sgrassanti, Distaccanti, Emulsioni, Fissativi, Fondi, Idropitture, Impermeabilizzanti, Lacche, Lattici, Primer, Prodotti anti corrosivi due componenti, Riempitivi, Ritardanti di fiamma, Rivestimenti protettivi, Rivestimenti superficiali, Smalti, Vernici a base acqua e a base solvente, Vernici epossidiche, Vernici in silicato, Vernici monocomponenti e bicomponenti, Vernici naturali, Vernici poliuretaniche, Vernici testurizzate, Zincati<\/p>\n<h3>Campi d&#8217;applicazione<\/h3>\n<p>Impermeabilizzazioni \u2022 Rivestimenti epossidici \u2022 Trattamenti protettivi \u2022 Verniciatura anti corrosione \u2022 Verniciature<\/p>\n","protected":false},"excerpt":{"rendered":"<p>SILVER 48 \u00e8 un\u2019apparecchiatura airless pneumatica a pistone bicomponente, ideale per l\u2019applicazione di impermeabilizzanti bituminosi.<\/p>\n<p><a href=\"https:\/\/www.youtube.com\/watch?v=eyUmgllwLGA\"><img decoding=\"async\" class=\"alignnone  wp-image-5500\" src=\"https:\/\/digital4d.net\/masterspray\/wp-content\/uploads\/2019\/01\/R-300x211.jpg\" alt=\"\" width=\"60\" height=\"42\" srcset=\"https:\/\/digital4d.net\/masterspray\/wp-content\/uploads\/2019\/01\/R-300x211.jpg 300w, https:\/\/digital4d.net\/masterspray\/wp-content\/uploads\/2019\/01\/R-1024x719.jpg 1024w, https:\/\/digital4d.net\/masterspray\/wp-content\/uploads\/2019\/01\/R-768x539.jpg 768w, https:\/\/digital4d.net\/masterspray\/wp-content\/uploads\/2019\/01\/R-1536x1079.jpg 1536w, https:\/\/digital4d.net\/masterspray\/wp-content\/uploads\/2019\/01\/R-2048x1439.jpg 2048w, https:\/\/digital4d.net\/masterspray\/wp-content\/uploads\/2019\/01\/R-400x284.jpg 400w, https:\/\/digital4d.net\/masterspray\/wp-content\/uploads\/2019\/01\/R-1080x759.jpg 1080w, https:\/\/digital4d.net\/masterspray\/wp-content\/uploads\/2019\/01\/R-1280x899.jpg 1280w, https:\/\/digital4d.net\/masterspray\/wp-content\/uploads\/2019\/01\/R-980x688.jpg 980w, https:\/\/digital4d.net\/masterspray\/wp-content\/uploads\/2019\/01\/R-480x337.jpg 480w, https:\/\/digital4d.net\/masterspray\/wp-content\/uploads\/2019\/01\/R-24x17.jpg 24w, https:\/\/digital4d.net\/masterspray\/wp-content\/uploads\/2019\/01\/R-36x25.jpg 36w, https:\/\/digital4d.net\/masterspray\/wp-content\/uploads\/2019\/01\/R-48x34.jpg 48w, https:\/\/digital4d.net\/masterspray\/wp-content\/uploads\/2019\/01\/R-600x421.jpg 600w\" sizes=\"(max-width: 60px) 100vw, 60px\" \/><\/a><\/p>\n","protected":false},"featured_media":5810,"template":"","meta":[],"product_brand":[],"product_cat":[84],"product_tag":[69],"class_list":{"0":"post-196","1":"product","2":"type-product","3":"status-publish","4":"has-post-thumbnail","6":"product_cat-pompe-bicomponenti","7":"product_tag-edilizia","9":"first","10":"instock","11":"shipping-taxable","12":"product-type-simple"},"_links":{"self":[{"href":"https:\/\/digital4d.net\/masterspray\/wp-json\/wp\/v2\/product\/196","targetHints":{"allow":["GET"]}}],"collection":[{"href":"https:\/\/digital4d.net\/masterspray\/wp-json\/wp\/v2\/product"}],"about":[{"href":"https:\/\/digital4d.net\/masterspray\/wp-json\/wp\/v2\/types\/product"}],"wp:featuredmedia":[{"embeddable":true,"href":"https:\/\/digital4d.net\/masterspray\/wp-json\/wp\/v2\/media\/5810"}],"wp:attachment":[{"href":"https:\/\/digital4d.net\/masterspray\/wp-json\/wp\/v2\/media?parent=196"}],"wp:term":[{"taxonomy":"product_brand","embeddable":true,"href":"https:\/\/digital4d.net\/masterspray\/wp-json\/wp\/v2\/product_brand?post=196"},{"taxonomy":"product_cat","embeddable":true,"href":"https:\/\/digital4d.net\/masterspray\/wp-json\/wp\/v2\/product_cat?post=196"},{"taxonomy":"product_tag","embeddable":true,"href":"https:\/\/digital4d.net\/masterspray\/wp-json\/wp\/v2\/product_tag?post=196"}],"curies":[{"name":"wp","href":"https:\/\/api.w.org\/{rel}","templated":true}]}}