{"id":3253,"date":"2021-09-28T16:54:33","date_gmt":"2021-09-28T14:54:33","guid":{"rendered":"https:\/\/digital4d.net\/masterspray\/?post_type=product&#038;p=3253"},"modified":"2021-09-28T17:05:07","modified_gmt":"2021-09-28T15:05:07","slug":"m140","status":"publish","type":"product","link":"https:\/\/digital4d.net\/masterspray\/prodotto\/m140\/?lang=fr","title":{"rendered":"M140"},"content":{"rendered":"<p><span class=\"JLqJ4b ChMk0b\" data-language-for-alternatives=\"fr\" data-language-to-translate-into=\"it\" data-phrase-index=\"0\">Il s&#8217;agit d&#8217;un pistolet \u00e0 air combin\u00e9 professionnel robuste et facile \u00e0 manipuler, test\u00e9 depuis des ann\u00e9es et connu de nos meilleurs clients pour fonctionner longtemps.<\/span> <span class=\"JLqJ4b ChMk0b\" data-language-for-alternatives=\"fr\" data-language-to-translate-into=\"it\" data-phrase-index=\"1\">Une production rapide et une finition parfaite sont obtenues avec ce pistolet.<\/span><\/p>\n<h3>Performance<\/h3>\n<ul>\n<li>L\u00e9ger et maniable, con\u00e7u pour fonctionner longtemps sans fatiguer l&#8217;op\u00e9rateur<\/li>\n<li>Vitesse de peinture et excellente finition<\/li>\n<li>Ce mod\u00e8le peut \u00eatre utilis\u00e9 avec tous les \u00e9quipements pneumatiques et \u00e9lectriques<\/li>\n<li>Pression de travail max.: 200 Bar<\/li>\n<li><span class=\"VIiyi\" lang=\"fr\"><span class=\"JLqJ4b ChMk0b\" data-language-for-alternatives=\"fr\" data-language-to-translate-into=\"it\" data-phrase-index=\"13\">Raccord en acier inoxydable 1\/4 \u2033 ou 16 \u00d7 1,5<\/span><\/span><\/li>\n<\/ul>\n<p>&nbsp;<\/p>\n<table style=\"width: 66.3125%; height: 92px;\">\n<tbody>\n<tr style=\"height: 23px;\">\n<td style=\"height: 23px; width: 18.7739%;\" width=\"79\"><strong>Parte no.\u00a0<\/strong><\/td>\n<td style=\"height: 23px; width: 79.6935%;\" width=\"349\"><strong><span class=\"VIiyi\" lang=\"es\"><span class=\"JLqJ4b ChMk0b\" data-language-for-alternatives=\"es\" data-language-to-translate-into=\"it\" data-phrase-index=\"2\">Descripci\u00f3n<\/span><\/span> <\/strong><\/td>\n<\/tr>\n<tr style=\"height: 23px;\">\n<td style=\"height: 23px; width: 18.7739%;\" width=\"79\">M140SLXX<\/td>\n<td style=\"height: 23px; width: 79.6935%;\" width=\"349\">M140 Pistolet AirCombi &#8211; Standard &#8211; support de filtre &#8220;L&#8221;<\/td>\n<\/tr>\n<tr style=\"height: 23px;\">\n<td style=\"height: 23px; width: 18.7739%;\" width=\"79\"><\/td>\n<td style=\"height: 23px; width: 79.6935%;\"><strong style=\"font-family: inherit; font-size: inherit;\"><span class=\"VIiyi\" lang=\"es\"><span class=\"JLqJ4b ChMk0b\" data-language-for-alternatives=\"es\" data-language-to-translate-into=\"it\" data-phrase-index=\"0\"><span class=\"VIiyi\" lang=\"fr\">Compatible avec les buses<\/span> Wagner<\/span><\/span><\/strong><strong><span class=\"VIiyi\" lang=\"es\"><span class=\"JLqJ4b ChMk0b\" data-language-for-alternatives=\"es\" data-language-to-translate-into=\"it\" data-phrase-index=\"0\"><br \/>\n<\/span><\/span><\/strong><\/td>\n<\/tr>\n<tr style=\"height: 23px;\">\n<td style=\"height: 23px; width: 18.7739%;\"><\/td>\n<td style=\"height: 23px; width: 79.6935%;\"><\/td>\n<\/tr>\n<\/tbody>\n<\/table>\n","protected":false},"excerpt":{"rendered":"<p><span class=\"VIiyi\" lang=\"fr\"><span class=\"JLqJ4b ChMk0b\" data-language-for-alternatives=\"fr\" data-language-to-translate-into=\"en\" data-phrase-index=\"0\">Pistolets aircombi tr\u00e8s l\u00e9gers et maniables, test\u00e9s et approuv\u00e9s par nos clients sur le terrain de travail.<\/span> <span class=\"JLqJ4b ChMk0b\" data-language-for-alternatives=\"fr\" data-language-to-translate-into=\"en\" data-phrase-index=\"1\">Ils sont con\u00e7us pour fonctionner longtemps sans probl\u00e8me.<\/span><\/span><\/p>\n","protected":false},"featured_media":3222,"template":"","meta":[],"product_brand":[],"product_cat":[16],"product_tag":[],"class_list":{"0":"post-3253","1":"product","2":"type-product","3":"status-publish","4":"has-post-thumbnail","6":"product_cat-senza-categoria","8":"first","9":"instock","10":"shipping-taxable","11":"product-type-simple"},"_links":{"self":[{"href":"https:\/\/digital4d.net\/masterspray\/wp-json\/wp\/v2\/product\/3253","targetHints":{"allow":["GET"]}}],"collection":[{"href":"https:\/\/digital4d.net\/masterspray\/wp-json\/wp\/v2\/product"}],"about":[{"href":"https:\/\/digital4d.net\/masterspray\/wp-json\/wp\/v2\/types\/product"}],"wp:featuredmedia":[{"embeddable":true,"href":"https:\/\/digital4d.net\/masterspray\/wp-json\/wp\/v2\/media\/3222"}],"wp:attachment":[{"href":"https:\/\/digital4d.net\/masterspray\/wp-json\/wp\/v2\/media?parent=3253"}],"wp:term":[{"taxonomy":"product_brand","embeddable":true,"href":"https:\/\/digital4d.net\/masterspray\/wp-json\/wp\/v2\/product_brand?post=3253"},{"taxonomy":"product_cat","embeddable":true,"href":"https:\/\/digital4d.net\/masterspray\/wp-json\/wp\/v2\/product_cat?post=3253"},{"taxonomy":"product_tag","embeddable":true,"href":"https:\/\/digital4d.net\/masterspray\/wp-json\/wp\/v2\/product_tag?post=3253"}],"curies":[{"name":"wp","href":"https:\/\/api.w.org\/{rel}","templated":true}]}}