{"id":3273,"date":"2019-01-29T15:43:11","date_gmt":"2019-01-29T14:43:11","guid":{"rendered":"https:\/\/digital4d.net\/masterspray\/prodotto\/gold-11000\/"},"modified":"2021-10-02T11:43:14","modified_gmt":"2021-10-02T09:43:14","slug":"gold-11000","status":"publish","type":"product","link":"https:\/\/digital4d.net\/masterspray\/prodotto\/gold-11000\/?lang=de","title":{"rendered":"GOLD 11000"},"content":{"rendered":"<p><span class=\"VIiyi\" lang=\"de\"><span class=\"JLqJ4b ChMk0b\" data-language-for-alternatives=\"de\" data-language-to-translate-into=\"it\" data-phrase-index=\"0\">GOLD 11000 ist ein elektrisches Airlessger\u00e4t mit Membran.<\/span> <span class=\"JLqJ4b ChMk0b\" data-language-for-alternatives=\"de\" data-language-to-translate-into=\"it\" data-phrase-index=\"1\">Die materialber\u00fchrenden Teile sind aus Edelstahl und Wolframkarbid, um maximale Zuverl\u00e4ssigkeit zu gew\u00e4hrleisten.<\/span> <\/span><\/p>\n<p><span class=\"VIiyi\" lang=\"de\"><span class=\"JLqJ4b ChMk0b\" data-language-for-alternatives=\"de\" data-language-to-translate-into=\"it\" data-phrase-index=\"3\">Der Elektromotor des GOLD 11000 ist in Klasse H, das hei\u00dft: Qualit\u00e4t und Sicherheit.<\/span> <span class=\"JLqJ4b ChMk0b\" data-language-for-alternatives=\"de\" data-language-to-translate-into=\"it\" data-phrase-index=\"4\">Es kann auch unter rauen Bedingungen und bei hohen Umgebungstemperaturen arbeiten.<\/span> <span class=\"JLqJ4b ChMk0b\" data-language-for-alternatives=\"de\" data-language-to-translate-into=\"it\" data-phrase-index=\"5\">Ein automatisches System unterbricht den Strom, wenn die elektrischen Sicherheitsgrenzen \u00fcberschritten werden.<\/span><\/span><\/p>\n<p><span class=\"JLqJ4b ChMk0b\" data-language-for-alternatives=\"de\" data-language-to-translate-into=\"it\" data-phrase-index=\"0\">Die Standardausstattung der Ger\u00e4te umfasst:<\/span><\/p>\n<ul>\n<li>Schlauch HP dia. 3\/8&#8243; &#8211; mt. 10<\/li>\n<li>Ansaugsystem<\/li>\n<li>Airless-Pistole<\/li>\n<li><span class=\"JLqJ4b ChMk0b\" data-language-for-alternatives=\"de\" data-language-to-translate-into=\"it\" data-phrase-index=\"9\">D\u00fcse kpl.<\/span><\/li>\n<\/ul>\n<h3>Anwendungen<\/h3>\n<p><span class=\"VIiyi\" lang=\"de\"><span class=\"JLqJ4b ChMk0b\" data-language-for-alternatives=\"de\" data-language-to-translate-into=\"it\" data-phrase-index=\"13\">Acryl, Rostschutz, Bitumen, Emulsionen, Fixiermittel, Grundierungen, Wasserlacke, Impr\u00e4gniermittel, Lacke, Grundierungen, Lacke, Lacke usw.<\/span> <\/span><\/p>\n<h3>Anwendungsgebiete<\/h3>\n<p><span class=\"VIiyi\" lang=\"de\"><span class=\"JLqJ4b ChMk0b\" data-language-for-alternatives=\"de\" data-language-to-translate-into=\"it\" data-phrase-index=\"17\">T\u00fcnchen innen und au\u00dfen \u2022 Verputzen \u2022 Renovierungen \u2022 Industriebauten \u2022 Malerarbeiten<\/span><\/span><\/p>\n<p>&nbsp;<\/p>\n","protected":false},"excerpt":{"rendered":"<p><span class=\"VIiyi\" lang=\"de\"><span class=\"JLqJ4b ChMk0b\" data-language-for-alternatives=\"de\" data-language-to-translate-into=\"it\" data-phrase-index=\"0\">Es handelt sich um ein leistungsstarkes elektrisches Airless-Membranger\u00e4t, das mit D\u00fcsen bis zu 0,052&#8243; arbeiten kann.<\/span> <span class=\"JLqJ4b ChMk0b\" data-language-for-alternatives=\"de\" data-language-to-translate-into=\"it\" data-phrase-index=\"1\">GOLD 11000 ist die ideale Pumpe f\u00fcr gro\u00dfe Lackierbetriebe, die wichtige Arbeiten ausf\u00fchren m\u00fcssen: Lackieren von Geb\u00e4udefassaden, Silos, gro\u00dfen Metallkonstruktionen, Containern, Schiffbau etc &#8230;<\/span><\/span><\/p>\n","protected":false},"featured_media":3275,"template":"","meta":[],"product_brand":[],"product_cat":[464],"product_tag":[478],"class_list":{"0":"post-3273","1":"product","2":"type-product","3":"status-publish","4":"has-post-thumbnail","6":"product_cat-elektrische-membranpumpen","7":"product_tag-aufbau","9":"first","10":"instock","11":"shipping-taxable","12":"product-type-simple"},"_links":{"self":[{"href":"https:\/\/digital4d.net\/masterspray\/wp-json\/wp\/v2\/product\/3273","targetHints":{"allow":["GET"]}}],"collection":[{"href":"https:\/\/digital4d.net\/masterspray\/wp-json\/wp\/v2\/product"}],"about":[{"href":"https:\/\/digital4d.net\/masterspray\/wp-json\/wp\/v2\/types\/product"}],"wp:featuredmedia":[{"embeddable":true,"href":"https:\/\/digital4d.net\/masterspray\/wp-json\/wp\/v2\/media\/3275"}],"wp:attachment":[{"href":"https:\/\/digital4d.net\/masterspray\/wp-json\/wp\/v2\/media?parent=3273"}],"wp:term":[{"taxonomy":"product_brand","embeddable":true,"href":"https:\/\/digital4d.net\/masterspray\/wp-json\/wp\/v2\/product_brand?post=3273"},{"taxonomy":"product_cat","embeddable":true,"href":"https:\/\/digital4d.net\/masterspray\/wp-json\/wp\/v2\/product_cat?post=3273"},{"taxonomy":"product_tag","embeddable":true,"href":"https:\/\/digital4d.net\/masterspray\/wp-json\/wp\/v2\/product_tag?post=3273"}],"curies":[{"name":"wp","href":"https:\/\/api.w.org\/{rel}","templated":true}]}}