{"id":3286,"date":"2019-01-29T15:43:11","date_gmt":"2019-01-29T14:43:11","guid":{"rendered":"https:\/\/digital4d.net\/masterspray\/prodotto\/gold-11000\/"},"modified":"2021-10-04T12:23:59","modified_gmt":"2021-10-04T10:23:59","slug":"gold-11000","status":"publish","type":"product","link":"https:\/\/digital4d.net\/masterspray\/prodotto\/gold-11000\/?lang=es","title":{"rendered":"GOLD 11000"},"content":{"rendered":"<p><span class=\"JLqJ4b ChMk0b\" data-language-for-alternatives=\"es\" data-language-to-translate-into=\"it\" data-phrase-index=\"0\">GOLD 11000 es una bomba sin aire de diafragma el\u00e9ctrica.<\/span> <span class=\"JLqJ4b ChMk0b\" data-language-for-alternatives=\"es\" data-language-to-translate-into=\"it\" data-phrase-index=\"1\">Las partes en contacto con el material son de acero inoxidable y carburo de tungsteno para garantizar la m\u00e1xima fiabilidad.<\/span><\/p>\n<p><span class=\"JLqJ4b ChMk0b\" data-language-for-alternatives=\"es\" data-language-to-translate-into=\"it\" data-phrase-index=\"3\">El motor el\u00e9ctrico del GOLD 11000 es de clase H, es decir: calidad y seguridad.<\/span> <span class=\"JLqJ4b ChMk0b\" data-language-for-alternatives=\"es\" data-language-to-translate-into=\"it\" data-phrase-index=\"4\">Puede funcionar incluso en condiciones dif\u00edciles y con altas temperaturas ambientales.<\/span> <span class=\"JLqJ4b ChMk0b\" data-language-for-alternatives=\"es\" data-language-to-translate-into=\"it\" data-phrase-index=\"5\">Un sistema autom\u00e1tico corta la energ\u00eda cuando los l\u00edmites de seguridad el\u00e9ctrica est\u00e1n a punto de superarse.<\/span><\/p>\n<p><span class=\"JLqJ4b ChMk0b\" data-language-for-alternatives=\"es\" data-language-to-translate-into=\"it\" data-phrase-index=\"7\">La configuraci\u00f3n est\u00e1ndar del equipo incluye:<\/span><\/p>\n<ul>\n<li>Tubo HP dia. 3\/8&#8243; &#8211; mt. 10<\/li>\n<li><span class=\"VIiyi\" lang=\"es\"><span class=\"JLqJ4b ChMk0b\" data-language-for-alternatives=\"es\" data-language-to-translate-into=\"it\" data-phrase-index=\"12\">Sistema de succi\u00f3n<\/span><\/span><\/li>\n<li>Pistola Airless<\/li>\n<li><span class=\"VIiyi\" lang=\"es\"><span class=\"JLqJ4b ChMk0b\" data-language-for-alternatives=\"es\" data-language-to-translate-into=\"it\" data-phrase-index=\"16\">Boquilla autolimpiante cpl<\/span><\/span><\/li>\n<\/ul>\n<h3><span class=\"VIiyi\" lang=\"es\"><span class=\"JLqJ4b ChMk0b\" data-language-for-alternatives=\"es\" data-language-to-translate-into=\"it\" data-phrase-index=\"18\">Aplicaciones<\/span><\/span><\/h3>\n<p><span class=\"VIiyi\" lang=\"es\"><span class=\"JLqJ4b ChMk0b\" data-language-for-alternatives=\"es\" data-language-to-translate-into=\"it\" data-phrase-index=\"20\">Acr\u00edlicos, antioxidantes, bituminosos, emulsiones, fijadores, imprimaciones, pinturas al agua, agentes de impregnaci\u00f3n, lacas, imprimaciones, esmaltes, barnices, etc.<\/span> <\/span><\/p>\n<h3><span class=\"VIiyi\" lang=\"es\"><span class=\"JLqJ4b ChMk0b\" data-language-for-alternatives=\"es\" data-language-to-translate-into=\"it\" data-phrase-index=\"22\">Campos de aplicaci\u00f3n<\/span><\/span><\/h3>\n<p><span class=\"VIiyi\" lang=\"es\">\u00a0<span class=\"JLqJ4b ChMk0b\" data-language-for-alternatives=\"es\" data-language-to-translate-into=\"it\" data-phrase-index=\"24\">Blanqueado de Interiores y Exteriores \u2022 Enlucidos \u2022 Reformas \u2022 Construcciones Industriales \u2022 Pintura<\/span><\/span><\/p>\n<p>&nbsp;<\/p>\n","protected":false},"excerpt":{"rendered":"<p><span class=\"JLqJ4b ChMk0b\" data-language-for-alternatives=\"es\" data-language-to-translate-into=\"it\" data-phrase-index=\"0\">Es una bomba de diafragma sin aire el\u00e9ctrica de alto rendimiento capaz de trabajar con boquillas de hasta .052 \u201d.<\/span> <span class=\"JLqJ4b ChMk0b\" data-language-for-alternatives=\"es\" data-language-to-translate-into=\"it\" data-phrase-index=\"1\">GOLD 11000 es la bomba ideal para grandes empresas de pintura que tienen que realizar importantes trabajos: pintura de fachadas de edificios, silos, grandes construcciones met\u00e1licas, contenedores, construcci\u00f3n naval etc &#8230;<\/span><\/p>\n","protected":false},"featured_media":3288,"template":"","meta":[],"product_brand":[],"product_cat":[462],"product_tag":[480],"class_list":{"0":"post-3286","1":"product","2":"type-product","3":"status-publish","4":"has-post-thumbnail","6":"product_cat-bombas-de-diafragma-electricas","7":"product_tag-construccion","9":"first","10":"instock","11":"shipping-taxable","12":"product-type-simple"},"_links":{"self":[{"href":"https:\/\/digital4d.net\/masterspray\/wp-json\/wp\/v2\/product\/3286","targetHints":{"allow":["GET"]}}],"collection":[{"href":"https:\/\/digital4d.net\/masterspray\/wp-json\/wp\/v2\/product"}],"about":[{"href":"https:\/\/digital4d.net\/masterspray\/wp-json\/wp\/v2\/types\/product"}],"wp:featuredmedia":[{"embeddable":true,"href":"https:\/\/digital4d.net\/masterspray\/wp-json\/wp\/v2\/media\/3288"}],"wp:attachment":[{"href":"https:\/\/digital4d.net\/masterspray\/wp-json\/wp\/v2\/media?parent=3286"}],"wp:term":[{"taxonomy":"product_brand","embeddable":true,"href":"https:\/\/digital4d.net\/masterspray\/wp-json\/wp\/v2\/product_brand?post=3286"},{"taxonomy":"product_cat","embeddable":true,"href":"https:\/\/digital4d.net\/masterspray\/wp-json\/wp\/v2\/product_cat?post=3286"},{"taxonomy":"product_tag","embeddable":true,"href":"https:\/\/digital4d.net\/masterspray\/wp-json\/wp\/v2\/product_tag?post=3286"}],"curies":[{"name":"wp","href":"https:\/\/api.w.org\/{rel}","templated":true}]}}