{"id":3292,"date":"2019-01-29T15:43:11","date_gmt":"2019-01-29T14:43:11","guid":{"rendered":"https:\/\/digital4d.net\/masterspray\/prodotto\/gold-6500\/"},"modified":"2021-10-05T16:14:45","modified_gmt":"2021-10-05T14:14:45","slug":"gold-6500","status":"publish","type":"product","link":"https:\/\/digital4d.net\/masterspray\/prodotto\/gold-6500\/?lang=es","title":{"rendered":"GOLD 6500"},"content":{"rendered":"<p><span class=\"JLqJ4b ChMk0b\" data-language-for-alternatives=\"es\" data-language-to-translate-into=\"it\" data-phrase-index=\"0\">Es una bomba airless de diafragma el\u00e9ctrica ideal para trabajos de pintura medianos y grandes.<\/span> <span class=\"JLqJ4b ChMk0b\" data-language-for-alternatives=\"es\" data-language-to-translate-into=\"it\" data-phrase-index=\"1\">El cabezal de la bomba es de acero inoxidable y las v\u00e1lvulas son de carburo de tungsteno para garantizar la m\u00e1xima fiabilidad.<\/span><\/p>\n<p><span class=\"JLqJ4b ChMk0b\" data-language-for-alternatives=\"es\" data-language-to-translate-into=\"it\" data-phrase-index=\"3\">El motor el\u00e9ctrico de la GOLD 6500 es de clase H, es decir: m\u00e1xima calidad y seguridad.<\/span> <span class=\"JLqJ4b ChMk0b\" data-language-for-alternatives=\"es\" data-language-to-translate-into=\"it\" data-phrase-index=\"4\">Puede funcionar incluso en condiciones dif\u00edciles y con altas temperaturas ambientales.<\/span> <span class=\"JLqJ4b ChMk0b\" data-language-for-alternatives=\"es\" data-language-to-translate-into=\"it\" data-phrase-index=\"5\">Un sistema autom\u00e1tico corta la energ\u00eda cuando los l\u00edmites de seguridad el\u00e9ctrica est\u00e1n a punto de superarse.<\/span><\/p>\n<p><span class=\"JLqJ4b ChMk0b\" data-language-for-alternatives=\"es\" data-language-to-translate-into=\"it\" data-phrase-index=\"7\">La configuraci\u00f3n est\u00e1ndar del equipo incluye:<\/span><\/p>\n<ul>\n<li>Tubo HP dia. 1\/4&#8243; &#8211; mt. 10<\/li>\n<li><span class=\"JLqJ4b ChMk0b\" data-language-for-alternatives=\"es\" data-language-to-translate-into=\"it\" data-phrase-index=\"12\">Sistema de succi\u00f3n<\/span><\/li>\n<li>Pistola Airless<\/li>\n<li><span class=\"JLqJ4b ChMk0b\" data-language-for-alternatives=\"es\" data-language-to-translate-into=\"it\" data-phrase-index=\"16\">Boquilla autolimpiante cpl.<\/span><\/li>\n<\/ul>\n<h3><span class=\"JLqJ4b ChMk0b\" data-language-for-alternatives=\"es\" data-language-to-translate-into=\"it\" data-phrase-index=\"18\">Aplicaciones<\/span><\/h3>\n<p><span class=\"VIiyi\" lang=\"es\"><span class=\"JLqJ4b ChMk0b\" data-language-for-alternatives=\"es\" data-language-to-translate-into=\"it\" data-phrase-index=\"20\">Acr\u00edlicos, antioxidantes, bituminosos, emulsiones, fijadores, imprimaciones, pinturas al agua, agentes de impregnaci\u00f3n, lacas, imprimaciones, esmaltes, barnices, etc.<\/span><\/span><\/p>\n<h3><span class=\"VIiyi\" lang=\"es\"> <span class=\"JLqJ4b ChMk0b\" data-language-for-alternatives=\"es\" data-language-to-translate-into=\"it\" data-phrase-index=\"22\">Campos de aplicaci\u00f3n<\/span> <\/span><\/h3>\n<p><span class=\"VIiyi\" lang=\"es\"><span class=\"JLqJ4b ChMk0b\" data-language-for-alternatives=\"es\" data-language-to-translate-into=\"it\" data-phrase-index=\"24\">Blanqueo interior y exterior \u2022 Enlucido \u2022 Reformas \u2022 Construcciones industriales \u2022 Pintura de techos \u2022 etc.<\/span><\/span><\/p>\n<p>&nbsp;<\/p>\n","protected":false},"excerpt":{"rendered":"<p><span class=\"VIiyi\" lang=\"es\"><span class=\"JLqJ4b ChMk0b\" data-language-for-alternatives=\"es\" data-language-to-translate-into=\"it\" data-phrase-index=\"0\">Es una bomba airless el\u00e9ctrica de diafragma de media potencia, dise\u00f1ada para pulverizar todos los productos actuales en construcci\u00f3n, construcci\u00f3n mec\u00e1nica, ebanister\u00eda, carpinter\u00eda y mucho m\u00e1s.<\/span><\/span><\/p>\n","protected":false},"featured_media":3293,"template":"","meta":[],"product_brand":[],"product_cat":[462],"product_tag":[480,481],"class_list":{"0":"post-3292","1":"product","2":"type-product","3":"status-publish","4":"has-post-thumbnail","6":"product_cat-bombas-de-diafragma-electricas","7":"product_tag-construccion","8":"product_tag-iniezione-es","10":"first","11":"instock","12":"shipping-taxable","13":"product-type-simple"},"_links":{"self":[{"href":"https:\/\/digital4d.net\/masterspray\/wp-json\/wp\/v2\/product\/3292","targetHints":{"allow":["GET"]}}],"collection":[{"href":"https:\/\/digital4d.net\/masterspray\/wp-json\/wp\/v2\/product"}],"about":[{"href":"https:\/\/digital4d.net\/masterspray\/wp-json\/wp\/v2\/types\/product"}],"wp:featuredmedia":[{"embeddable":true,"href":"https:\/\/digital4d.net\/masterspray\/wp-json\/wp\/v2\/media\/3293"}],"wp:attachment":[{"href":"https:\/\/digital4d.net\/masterspray\/wp-json\/wp\/v2\/media?parent=3292"}],"wp:term":[{"taxonomy":"product_brand","embeddable":true,"href":"https:\/\/digital4d.net\/masterspray\/wp-json\/wp\/v2\/product_brand?post=3292"},{"taxonomy":"product_cat","embeddable":true,"href":"https:\/\/digital4d.net\/masterspray\/wp-json\/wp\/v2\/product_cat?post=3292"},{"taxonomy":"product_tag","embeddable":true,"href":"https:\/\/digital4d.net\/masterspray\/wp-json\/wp\/v2\/product_tag?post=3292"}],"curies":[{"name":"wp","href":"https:\/\/api.w.org\/{rel}","templated":true}]}}