{"id":3300,"date":"2019-01-29T15:43:11","date_gmt":"2019-01-29T14:43:11","guid":{"rendered":"https:\/\/digital4d.net\/masterspray\/prodotto\/gold-6500\/"},"modified":"2021-10-04T15:45:58","modified_gmt":"2021-10-04T13:45:58","slug":"gold-6500","status":"publish","type":"product","link":"https:\/\/digital4d.net\/masterspray\/prodotto\/gold-6500\/?lang=fr","title":{"rendered":"GOLD 6500"},"content":{"rendered":"<p><span class=\"JLqJ4b ChMk0b\" data-language-for-alternatives=\"fr\" data-language-to-translate-into=\"it\" data-phrase-index=\"0\">Il s&#8217;agit d&#8217;une pompe airless \u00e0 membrane \u00e9lectrique id\u00e9ale pour les travaux de peinture de moyenne et grande envergure.<\/span> <span class=\"JLqJ4b ChMk0b\" data-language-for-alternatives=\"fr\" data-language-to-translate-into=\"it\" data-phrase-index=\"1\">La t\u00eate de pompe est en acier inoxydable et les vannes sont en carbure de tungst\u00e8ne pour assurer une fiabilit\u00e9 maximale.<\/span><\/p>\n<p><span class=\"JLqJ4b ChMk0b\" data-language-for-alternatives=\"fr\" data-language-to-translate-into=\"it\" data-phrase-index=\"3\">Le moteur \u00e9lectrique de la GOLD 6500 est en classe H, c&#8217;est-\u00e0-dire : la plus haute qualit\u00e9 et s\u00e9curit\u00e9.<\/span> <span class=\"JLqJ4b ChMk0b\" data-language-for-alternatives=\"fr\" data-language-to-translate-into=\"it\" data-phrase-index=\"4\">Il peut fonctionner m\u00eame dans des conditions difficiles et avec des temp\u00e9ratures ambiantes \u00e9lev\u00e9es.<\/span> <span class=\"JLqJ4b ChMk0b\" data-language-for-alternatives=\"fr\" data-language-to-translate-into=\"it\" data-phrase-index=\"5\">Un syst\u00e8me automatique coupe l&#8217;alimentation lorsque les limites de s\u00e9curit\u00e9 \u00e9lectrique sont sur le point d&#8217;\u00eatre d\u00e9pass\u00e9es.<\/span><\/p>\n<p>La configuration standard de l&#8217;\u00e9quipement comprend:<\/p>\n<ul>\n<li>Tuyaux HP dia. 1\/4&#8243; &#8211; mt. 10<\/li>\n<li>Syst\u00e8me d&#8217;aspiration<\/li>\n<li>Pistolet Airless<\/li>\n<li>Buse autonettoyante cpl.<\/li>\n<\/ul>\n<h3>Applications<\/h3>\n<p>Acrylique, antirouille, bitumineux, \u00e9mulsions, fixateurs, appr\u00eats, peintures \u00e0 l&#8217;eau, agents d&#8217;impr\u00e9gnation, laques, appr\u00eats, \u00e9maux, vernis, etc.<\/p>\n<h3>Champs d\u2019application<\/h3>\n<p><span class=\"VIiyi\" lang=\"fr\"><span class=\"JLqJ4b ChMk0b\" data-language-for-alternatives=\"fr\" data-language-to-translate-into=\"it\" data-phrase-index=\"24\">Blanchiment \u00e0 la chaux int\u00e9rieur et ext\u00e9rieur \u2022 Pl\u00e2trerie \u2022 R\u00e9novations \u2022 Constructions industrielles \u2022 Peinture de toiture \u2022 etc.<\/span><\/span><\/p>\n<p>&nbsp;<\/p>\n","protected":false},"excerpt":{"rendered":"<p><span class=\"VIiyi\" lang=\"fr\"><span class=\"JLqJ4b ChMk0b\" data-language-for-alternatives=\"fr\" data-language-to-translate-into=\"it\" data-phrase-index=\"0\">Il s&#8217;agit d&#8217;une pompe airless \u00e9lectrique \u00e0 membrane de moyenne puissance, con\u00e7ue pour pulv\u00e9riser tous les produits courants dans la construction, la construction m\u00e9canique, la menuiserie, la menuiserie et bien plus encore.<\/span><\/span><\/p>\n","protected":false},"featured_media":3301,"template":"","meta":[],"product_brand":[],"product_cat":[465],"product_tag":[483,484],"class_list":{"0":"post-3300","1":"product","2":"type-product","3":"status-publish","4":"has-post-thumbnail","6":"product_cat-pompes-a-membrane-electriques","7":"product_tag-batiment","8":"product_tag-iniezione-fr","10":"first","11":"instock","12":"shipping-taxable","13":"product-type-simple"},"_links":{"self":[{"href":"https:\/\/digital4d.net\/masterspray\/wp-json\/wp\/v2\/product\/3300","targetHints":{"allow":["GET"]}}],"collection":[{"href":"https:\/\/digital4d.net\/masterspray\/wp-json\/wp\/v2\/product"}],"about":[{"href":"https:\/\/digital4d.net\/masterspray\/wp-json\/wp\/v2\/types\/product"}],"wp:featuredmedia":[{"embeddable":true,"href":"https:\/\/digital4d.net\/masterspray\/wp-json\/wp\/v2\/media\/3301"}],"wp:attachment":[{"href":"https:\/\/digital4d.net\/masterspray\/wp-json\/wp\/v2\/media?parent=3300"}],"wp:term":[{"taxonomy":"product_brand","embeddable":true,"href":"https:\/\/digital4d.net\/masterspray\/wp-json\/wp\/v2\/product_brand?post=3300"},{"taxonomy":"product_cat","embeddable":true,"href":"https:\/\/digital4d.net\/masterspray\/wp-json\/wp\/v2\/product_cat?post=3300"},{"taxonomy":"product_tag","embeddable":true,"href":"https:\/\/digital4d.net\/masterspray\/wp-json\/wp\/v2\/product_tag?post=3300"}],"curies":[{"name":"wp","href":"https:\/\/api.w.org\/{rel}","templated":true}]}}