{"id":3304,"date":"2019-01-29T15:43:11","date_gmt":"2019-01-29T14:43:11","guid":{"rendered":"https:\/\/digital4d.net\/masterspray\/prodotto\/gold-6500\/"},"modified":"2021-10-05T16:27:14","modified_gmt":"2021-10-05T14:27:14","slug":"gold-6500","status":"publish","type":"product","link":"https:\/\/digital4d.net\/masterspray\/prodotto\/gold-6500\/?lang=de","title":{"rendered":"GOLD 6500"},"content":{"rendered":"<p><span class=\"JLqJ4b ChMk0b\" data-language-for-alternatives=\"de\" data-language-to-translate-into=\"it\" data-phrase-index=\"0\">Es handelt sich um eine elektrische Airless-Membranpumpe, die sich ideal f\u00fcr mittlere und gro\u00dfe Lackierarbeiten eignet.<\/span> <span class=\"JLqJ4b ChMk0b\" data-language-for-alternatives=\"de\" data-language-to-translate-into=\"it\" data-phrase-index=\"1\">Der Pumpenkopf ist aus Edelstahl und die Ventile aus Wolframkarbid, um maximale Zuverl\u00e4ssigkeit zu gew\u00e4hrleisten.<\/span><\/p>\n<p><span class=\"JLqJ4b ChMk0b\" data-language-for-alternatives=\"de\" data-language-to-translate-into=\"it\" data-phrase-index=\"3\">Der Elektromotor des GOLD 6500 ist in Klasse H, das hei\u00dft: h\u00f6chste Qualit\u00e4t und Sicherheit.<\/span> <span class=\"JLqJ4b ChMk0b\" data-language-for-alternatives=\"de\" data-language-to-translate-into=\"it\" data-phrase-index=\"4\">Es kann auch unter rauen Bedingungen und bei hohen Umgebungstemperaturen arbeiten.<\/span> <span class=\"JLqJ4b ChMk0b\" data-language-for-alternatives=\"de\" data-language-to-translate-into=\"it\" data-phrase-index=\"5\">Ein automatisches System unterbricht den Strom, wenn die elektrischen Sicherheitsgrenzen \u00fcberschritten werden.<\/span><\/p>\n<p><span class=\"VIiyi\" lang=\"de\"><span class=\"JLqJ4b ChMk0b\" data-language-for-alternatives=\"de\" data-language-to-translate-into=\"it\" data-phrase-index=\"7\">Die Standardausstattung der Ger\u00e4te umfasst:<\/span><\/span><\/p>\n<ul>\n<li>Schlauch HP dia. 1\/4&#8243; &#8211; mt. 10<\/li>\n<li>Ansaugsystem<\/li>\n<li>Airless Pistole<\/li>\n<li><span class=\"JLqJ4b ChMk0b\" data-language-for-alternatives=\"de\" data-language-to-translate-into=\"it\" data-phrase-index=\"9\">D\u00fcse kpl.<\/span><\/li>\n<\/ul>\n<h3>Anwendungen<\/h3>\n<p>Acryl, Rostschutz, Bitumen, Emulsionen, Fixiermittel, Grundierungen, Wasserlacke, Impr\u00e4gniermittel, Lacke, Grundierungen, Lacke, Lacke usw.<\/p>\n<h3>Anwendungsgebiete<\/h3>\n<p><span class=\"VIiyi\" lang=\"de\"><span class=\"JLqJ4b ChMk0b\" data-language-for-alternatives=\"de\" data-language-to-translate-into=\"it\" data-phrase-index=\"15\">Innen- und Au\u00dfenputzen \u2022 Verputzen \u2022 Renovierungen \u2022 Industriebauten \u2022 Dachanstrich \u2022 etc.<\/span><\/span><\/p>\n<p>&nbsp;<\/p>\n","protected":false},"excerpt":{"rendered":"<p><span class=\"VIiyi\" lang=\"de\"><span class=\"JLqJ4b ChMk0b\" data-language-for-alternatives=\"de\" data-language-to-translate-into=\"it\" data-phrase-index=\"0\">Es handelt sich um eine elektrische Airless-Membranpumpe mittlerer Leistung, die zum Spritzen aller g\u00e4ngigen Produkte im Bauwesen, Maschinenbau, Schreinerei, Zimmerei und vielem mehr entwickelt wurde<\/span><\/span><\/p>\n","protected":false},"featured_media":3305,"template":"","meta":[],"product_brand":[],"product_cat":[464],"product_tag":[478,485],"class_list":{"0":"post-3304","1":"product","2":"type-product","3":"status-publish","4":"has-post-thumbnail","6":"product_cat-elektrische-membranpumpen","7":"product_tag-aufbau","8":"product_tag-iniezione-de","10":"first","11":"instock","12":"shipping-taxable","13":"product-type-simple"},"_links":{"self":[{"href":"https:\/\/digital4d.net\/masterspray\/wp-json\/wp\/v2\/product\/3304","targetHints":{"allow":["GET"]}}],"collection":[{"href":"https:\/\/digital4d.net\/masterspray\/wp-json\/wp\/v2\/product"}],"about":[{"href":"https:\/\/digital4d.net\/masterspray\/wp-json\/wp\/v2\/types\/product"}],"wp:featuredmedia":[{"embeddable":true,"href":"https:\/\/digital4d.net\/masterspray\/wp-json\/wp\/v2\/media\/3305"}],"wp:attachment":[{"href":"https:\/\/digital4d.net\/masterspray\/wp-json\/wp\/v2\/media?parent=3304"}],"wp:term":[{"taxonomy":"product_brand","embeddable":true,"href":"https:\/\/digital4d.net\/masterspray\/wp-json\/wp\/v2\/product_brand?post=3304"},{"taxonomy":"product_cat","embeddable":true,"href":"https:\/\/digital4d.net\/masterspray\/wp-json\/wp\/v2\/product_cat?post=3304"},{"taxonomy":"product_tag","embeddable":true,"href":"https:\/\/digital4d.net\/masterspray\/wp-json\/wp\/v2\/product_tag?post=3304"}],"curies":[{"name":"wp","href":"https:\/\/api.w.org\/{rel}","templated":true}]}}