{"id":3308,"date":"2019-01-29T15:43:11","date_gmt":"2019-01-29T14:43:11","guid":{"rendered":"https:\/\/digital4d.net\/masterspray\/prodotto\/lithium-11000\/"},"modified":"2021-10-04T16:47:33","modified_gmt":"2021-10-04T14:47:33","slug":"lithium-11000","status":"publish","type":"product","link":"https:\/\/digital4d.net\/masterspray\/prodotto\/lithium-11000\/?lang=de","title":{"rendered":"LITHIUM 11000"},"content":{"rendered":"<p><span class=\"JLqJ4b ChMk0b\" data-language-for-alternatives=\"de\" data-language-to-translate-into=\"it\" data-phrase-index=\"0\">Die LITHIUM-Pumpen arbeiten mit einem sehr zuverl\u00e4ssigen und verbrauchsarmen HONDA-Motor, der eine sehr robuste und wartungsfreundliche Airless-Membranpumpe antreibt.<\/span><\/p>\n<p><span class=\"JLqJ4b ChMk0b\" data-language-for-alternatives=\"de\" data-language-to-translate-into=\"it\" data-phrase-index=\"2\">Das Airless-System erm\u00f6glicht es Ihnen, mit einer normalen, nicht scheuernden Verkehrsteilerfarbe perfekte und gut definierte Linien zu zeichnen.<\/span> <span class=\"JLqJ4b ChMk0b\" data-language-for-alternatives=\"de\" data-language-to-translate-into=\"it\" data-phrase-index=\"3\">Ein Handhebel am Trolley-Griff bedient die Spritzpistole.<\/span> <span class=\"JLqJ4b ChMk0b\" data-language-for-alternatives=\"de\" data-language-to-translate-into=\"it\" data-phrase-index=\"4\">Es saugt das zu lackierende Produkt direkt aus der Ursprungsdose.<\/span> <span class=\"JLqJ4b ChMk0b\" data-language-for-alternatives=\"de\" data-language-to-translate-into=\"it\" data-phrase-index=\"5\">Ventile aus Wolframkarbid.<\/span><\/p>\n<p><span class=\"JLqJ4b ChMk0b\" data-language-for-alternatives=\"de\" data-language-to-translate-into=\"it\" data-phrase-index=\"8\">Die Standardausstattung der Ger\u00e4te umfasst:<\/span><\/p>\n<ul>\n<li>Schlauch HP dia. 3\/8&#8243; &#8211; mt. 10<\/li>\n<li>Ansaugsystem<\/li>\n<li>Airless-Pistole<\/li>\n<li><span class=\"JLqJ4b ChMk0b\" data-language-for-alternatives=\"de\" data-language-to-translate-into=\"it\" data-phrase-index=\"9\">D\u00fcse kpl.<\/span><\/li>\n<\/ul>\n<h3>Anwendungen<\/h3>\n<p>Acryl, Rostschutz, Bitumen, Emulsionen, Fixiermittel, Grundierungen, Farben auf Wasserbasis, Impr\u00e4gnierung, Lacke, Grundierungen, Emaille, Lacke<\/p>\n<h3>Anwendungsgebiete<\/h3>\n<p><span class=\"VIiyi\" lang=\"de\"><span class=\"JLqJ4b ChMk0b\" data-language-for-alternatives=\"de\" data-language-to-translate-into=\"it\" data-phrase-index=\"25\">\u2022 Parklinien \u2022 Industriebeschilderung \u2022 Innen- und Au\u00dfenlackierung \u2022 Leitplankenlackierung<\/span><\/span><\/p>\n<p>&nbsp;<\/p>\n","protected":false},"excerpt":{"rendered":"<p><span class=\"VIiyi\" lang=\"de\"><span class=\"JLqJ4b ChMk0b\" data-language-for-alternatives=\"de\" data-language-to-translate-into=\"it\" data-phrase-index=\"0\">Es handelt sich um eine Airless-Membranpumpe, Markiermaschinen, die mit einem Verbrennungsmotor arbeitet.<\/span> <span class=\"JLqJ4b ChMk0b\" data-language-for-alternatives=\"de\" data-language-to-translate-into=\"it\" data-phrase-index=\"1\">Es ist ein sehr robustes und einfach zu handhabendes Ger\u00e4t, mit dem Sie problemlos Linien f\u00fcr Parkpl\u00e4tze, Kreuzungen, Kurven, Radwege usw.<\/span><\/span><\/p>\n<p>&nbsp;<\/p>\n","protected":false},"featured_media":3309,"template":"","meta":[],"product_brand":[],"product_cat":[464],"product_tag":[486],"class_list":{"0":"post-3308","1":"product","2":"type-product","3":"status-publish","4":"has-post-thumbnail","6":"product_cat-elektrische-membranpumpen","7":"product_tag-linienmarkierunternehmen","9":"first","10":"instock","11":"shipping-taxable","12":"product-type-simple"},"_links":{"self":[{"href":"https:\/\/digital4d.net\/masterspray\/wp-json\/wp\/v2\/product\/3308","targetHints":{"allow":["GET"]}}],"collection":[{"href":"https:\/\/digital4d.net\/masterspray\/wp-json\/wp\/v2\/product"}],"about":[{"href":"https:\/\/digital4d.net\/masterspray\/wp-json\/wp\/v2\/types\/product"}],"wp:featuredmedia":[{"embeddable":true,"href":"https:\/\/digital4d.net\/masterspray\/wp-json\/wp\/v2\/media\/3309"}],"wp:attachment":[{"href":"https:\/\/digital4d.net\/masterspray\/wp-json\/wp\/v2\/media?parent=3308"}],"wp:term":[{"taxonomy":"product_brand","embeddable":true,"href":"https:\/\/digital4d.net\/masterspray\/wp-json\/wp\/v2\/product_brand?post=3308"},{"taxonomy":"product_cat","embeddable":true,"href":"https:\/\/digital4d.net\/masterspray\/wp-json\/wp\/v2\/product_cat?post=3308"},{"taxonomy":"product_tag","embeddable":true,"href":"https:\/\/digital4d.net\/masterspray\/wp-json\/wp\/v2\/product_tag?post=3308"}],"curies":[{"name":"wp","href":"https:\/\/api.w.org\/{rel}","templated":true}]}}