{"id":3322,"date":"2019-01-29T15:43:11","date_gmt":"2019-01-29T14:43:11","guid":{"rendered":"https:\/\/digital4d.net\/masterspray\/prodotto\/lithium-4200\/"},"modified":"2021-10-05T16:18:46","modified_gmt":"2021-10-05T14:18:46","slug":"lithium-4200","status":"publish","type":"product","link":"https:\/\/digital4d.net\/masterspray\/prodotto\/lithium-4200\/?lang=es","title":{"rendered":"LITHIUM 4200"},"content":{"rendered":"<p><span class=\"VIiyi\" lang=\"es\"><span class=\"JLqJ4b ChMk0b\" data-language-for-alternatives=\"es\" data-language-to-translate-into=\"it\" data-phrase-index=\"0\">Las bombas LITHIUM funcionan con un motor HONDA muy confiable y de bajo consumo que impulsa una bomba sin aire de diafragma muy robusta y f\u00e1cil de mantener.<\/span><\/span><\/p>\n<p><span class=\"VIiyi\" lang=\"es\"><span class=\"JLqJ4b ChMk0b\" data-language-for-alternatives=\"es\" data-language-to-translate-into=\"it\" data-phrase-index=\"2\">El sistema airless le permite trazar l\u00edneas perfectas y bien definidas con una pintura divisoria de tr\u00e1fico normal no abrasiva.<\/span>\u00a0<span class=\"JLqJ4b ChMk0b\" data-language-for-alternatives=\"es\" data-language-to-translate-into=\"it\" data-phrase-index=\"3\">Una palanca manual en el asa del carro acciona la pistola rociadora.<\/span>\u00a0<span class=\"JLqJ4b ChMk0b\" data-language-for-alternatives=\"es\" data-language-to-translate-into=\"it\" data-phrase-index=\"4\">Aspira el producto a pintar directamente de la lata de origen.<\/span>\u00a0<span class=\"JLqJ4b ChMk0b\" data-language-for-alternatives=\"es\" data-language-to-translate-into=\"it\" data-phrase-index=\"5\">V\u00e1lvulas de carburo de tungsteno.<\/span><\/span><\/p>\n<p><span class=\"VIiyi\" lang=\"es\"><span class=\"JLqJ4b ChMk0b\" data-language-for-alternatives=\"es\" data-language-to-translate-into=\"it\" data-phrase-index=\"7\">La configuraci\u00f3n est\u00e1ndar del equipo incluye:<\/span><\/span><\/p>\n<ul>\n<li>Tubo HP dia. 1\/4\u2033 \u2013 mt. 10<\/li>\n<li><span class=\"VIiyi\" lang=\"es\"><span class=\"JLqJ4b ChMk0b\" data-language-for-alternatives=\"es\" data-language-to-translate-into=\"it\" data-phrase-index=\"12\">Sistema de succi\u00f3n<\/span><\/span><\/li>\n<li>Pistola Airless<\/li>\n<li><span class=\"VIiyi\" lang=\"es\"><span class=\"JLqJ4b ChMk0b\" data-language-for-alternatives=\"es\" data-language-to-translate-into=\"it\" data-phrase-index=\"16\">Boquilla autolimpiante cpl<\/span><\/span><\/li>\n<\/ul>\n<h3><span class=\"VIiyi\" lang=\"es\"><span class=\"JLqJ4b ChMk0b\" data-language-for-alternatives=\"es\" data-language-to-translate-into=\"it\" data-phrase-index=\"18\">Aplicaciones<\/span><\/span><\/h3>\n<p>Acr\u00edlicos, Anti\u00f3xido, Bituminosos, Emulsiones, Fijadores, Imprimaciones, Pinturas al agua, Impregnantes, Lacas, Imprimaciones, Esmaltes, Barnices<\/p>\n<h3><span class=\"JLqJ4b ChMk0b\" data-language-for-alternatives=\"es\" data-language-to-translate-into=\"it\" data-phrase-index=\"2\">Campos de aplicaci\u00f3n<\/span><\/h3>\n<p><span class=\"VIiyi\" lang=\"es\"><span class=\"JLqJ4b ChMk0b\" data-language-for-alternatives=\"es\" data-language-to-translate-into=\"it\" data-phrase-index=\"4\">\u2022 L\u00edneas de estacionamiento \u2022 Se\u00f1alizaci\u00f3n industrial \u2022 Pintura interna y externa \u2022 Pintura de barandillas<\/span><\/span><\/p>\n","protected":false},"excerpt":{"rendered":"<p><span class=\"VIiyi\" lang=\"es\"><span class=\"JLqJ4b ChMk0b\" data-language-for-alternatives=\"es\" data-language-to-translate-into=\"it\" data-phrase-index=\"0\">Es una bomba airless de diafragma, trazador de l\u00edneas, que funciona con un motor de combusti\u00f3n interna.<\/span>\u00a0<span class=\"JLqJ4b ChMk0b\" data-language-for-alternatives=\"es\" data-language-to-translate-into=\"it\" data-phrase-index=\"1\">Es un dispositivo muy robusto y f\u00e1cil de manejar que te permite trazar f\u00e1cilmente l\u00edneas para estacionamientos, intersecciones, curvas, carriles bici, etc.<\/span><\/span><\/p>\n<p>&nbsp;<\/p>\n","protected":false},"featured_media":3323,"template":"","meta":[],"product_brand":[],"product_cat":[462],"product_tag":[489],"class_list":{"0":"post-3322","1":"product","2":"type-product","3":"status-publish","4":"has-post-thumbnail","6":"product_cat-bombas-de-diafragma-electricas","7":"product_tag-trazador-de-lineas-sin-aire","9":"first","10":"instock","11":"shipping-taxable","12":"product-type-simple"},"_links":{"self":[{"href":"https:\/\/digital4d.net\/masterspray\/wp-json\/wp\/v2\/product\/3322","targetHints":{"allow":["GET"]}}],"collection":[{"href":"https:\/\/digital4d.net\/masterspray\/wp-json\/wp\/v2\/product"}],"about":[{"href":"https:\/\/digital4d.net\/masterspray\/wp-json\/wp\/v2\/types\/product"}],"wp:featuredmedia":[{"embeddable":true,"href":"https:\/\/digital4d.net\/masterspray\/wp-json\/wp\/v2\/media\/3323"}],"wp:attachment":[{"href":"https:\/\/digital4d.net\/masterspray\/wp-json\/wp\/v2\/media?parent=3322"}],"wp:term":[{"taxonomy":"product_brand","embeddable":true,"href":"https:\/\/digital4d.net\/masterspray\/wp-json\/wp\/v2\/product_brand?post=3322"},{"taxonomy":"product_cat","embeddable":true,"href":"https:\/\/digital4d.net\/masterspray\/wp-json\/wp\/v2\/product_cat?post=3322"},{"taxonomy":"product_tag","embeddable":true,"href":"https:\/\/digital4d.net\/masterspray\/wp-json\/wp\/v2\/product_tag?post=3322"}],"curies":[{"name":"wp","href":"https:\/\/api.w.org\/{rel}","templated":true}]}}