{"id":3335,"date":"2019-01-29T15:43:11","date_gmt":"2019-01-29T14:43:11","guid":{"rendered":"https:\/\/digital4d.net\/masterspray\/prodotto\/lithium-4200\/"},"modified":"2021-10-04T16:51:15","modified_gmt":"2021-10-04T14:51:15","slug":"lithium-4200","status":"publish","type":"product","link":"https:\/\/digital4d.net\/masterspray\/prodotto\/lithium-4200\/?lang=fr","title":{"rendered":"LITHIUM 4200"},"content":{"rendered":"<p><span class=\"VIiyi\" lang=\"fr\"><span class=\"JLqJ4b ChMk0b\" data-language-for-alternatives=\"fr\" data-language-to-translate-into=\"it\" data-phrase-index=\"0\">Les pompes LITHIUM fonctionnent avec un moteur HONDA tr\u00e8s fiable et \u00e0 faible consommation qui entra\u00eene une pompe airless \u00e0 membrane tr\u00e8s robuste et facile d\u2019entretien.<\/span><\/span><\/p>\n<p><span class=\"VIiyi\" lang=\"fr\"><span class=\"JLqJ4b ChMk0b\" data-language-for-alternatives=\"fr\" data-language-to-translate-into=\"it\" data-phrase-index=\"2\">Le syst\u00e8me airless vous permet de tracer des lignes parfaites et bien d\u00e9finies avec une peinture de s\u00e9paration de trafic non abrasive normale.<\/span>\u00a0<span class=\"JLqJ4b ChMk0b\" data-language-for-alternatives=\"fr\" data-language-to-translate-into=\"it\" data-phrase-index=\"3\">Un levier manuel sur la poign\u00e9e du chariot actionne le pistolet de pulv\u00e9risation.<\/span>\u00a0<span class=\"JLqJ4b ChMk0b\" data-language-for-alternatives=\"fr\" data-language-to-translate-into=\"it\" data-phrase-index=\"4\">Il aspire le produit \u00e0 peindre directement du bidon d\u2019origine.<\/span>\u00a0<span class=\"JLqJ4b ChMk0b\" data-language-for-alternatives=\"fr\" data-language-to-translate-into=\"it\" data-phrase-index=\"5\">Vannes en carbure de tungst\u00e8ne.<\/span>\u00a0<\/span><\/p>\n<p><span class=\"VIiyi\" lang=\"fr\"><span class=\"JLqJ4b ChMk0b\" data-language-for-alternatives=\"fr\" data-language-to-translate-into=\"it\" data-phrase-index=\"8\">La configuration standard de l\u2019\u00e9quipement comprend :<\/span><\/span><\/p>\n<ul>\n<li>Tuyaux HP dia. 1\/4\u2033 \u2013 mt. 10<\/li>\n<li><span class=\"JLqJ4b ChMk0b\" data-language-for-alternatives=\"fr\" data-language-to-translate-into=\"it\" data-phrase-index=\"12\">Syst\u00e8me d\u2019aspiration<\/span><\/li>\n<li>Pistolet Airless<\/li>\n<li><span class=\"JLqJ4b ChMk0b\" data-language-for-alternatives=\"fr\" data-language-to-translate-into=\"it\" data-phrase-index=\"16\">Buse autonettoyante cpl.<\/span><\/li>\n<\/ul>\n<h3>Applications<\/h3>\n<p><span class=\"VIiyi\" lang=\"fr\"><span class=\"JLqJ4b ChMk0b\" data-language-for-alternatives=\"fr\" data-language-to-translate-into=\"it\" data-phrase-index=\"0\">Acrylique, Antirouille, Bitumineux, \u00c9mulsions, Fixateurs, Appr\u00eats, Peintures \u00e0 l\u2019eau, Impr\u00e9gnants, Laques, Appr\u00eats, \u00c9maux, Vernis<\/span><\/span><\/p>\n<h3>Champs d\u2019application<\/h3>\n<p><span class=\"VIiyi\" lang=\"fr\"><span class=\"JLqJ4b ChMk0b\" data-language-for-alternatives=\"fr\" data-language-to-translate-into=\"it\" data-phrase-index=\"0\">\u2022 Lignes de stationnement \u2022 Signal\u00e9tique industrielle \u2022 Peinture int\u00e9rieure et ext\u00e9rieure \u2022 Peinture garde-corps<\/span><\/span><\/p>\n<p>&nbsp;<\/p>\n<p>&nbsp;<\/p>\n","protected":false},"excerpt":{"rendered":"<p><span class=\"VIiyi\" lang=\"fr\"><span class=\"JLqJ4b ChMk0b\" data-language-for-alternatives=\"fr\" data-language-to-translate-into=\"it\" data-phrase-index=\"0\">Il s\u2019agit d\u2019une pompe airless \u00e0 membrane, traceur de ligne, qui fonctionne avec un moteur \u00e0 combustion interne.<\/span>\u00a0<span class=\"JLqJ4b ChMk0b\" data-language-for-alternatives=\"fr\" data-language-to-translate-into=\"it\" data-phrase-index=\"1\">C\u2019est un appareil tr\u00e8s robuste et maniable qui permet de tracer facilement des lignes pour parkings, intersections, virages, pistes cyclables, etc\u2026<\/span><\/span><\/p>\n<p>&nbsp;<\/p>\n","protected":false},"featured_media":3336,"template":"","meta":[],"product_brand":[],"product_cat":[465],"product_tag":[487],"class_list":{"0":"post-3335","1":"product","2":"type-product","3":"status-publish","4":"has-post-thumbnail","6":"product_cat-pompes-a-membrane-electriques","7":"product_tag-traccialinee-fr","9":"first","10":"instock","11":"shipping-taxable","12":"product-type-simple"},"_links":{"self":[{"href":"https:\/\/digital4d.net\/masterspray\/wp-json\/wp\/v2\/product\/3335","targetHints":{"allow":["GET"]}}],"collection":[{"href":"https:\/\/digital4d.net\/masterspray\/wp-json\/wp\/v2\/product"}],"about":[{"href":"https:\/\/digital4d.net\/masterspray\/wp-json\/wp\/v2\/types\/product"}],"wp:featuredmedia":[{"embeddable":true,"href":"https:\/\/digital4d.net\/masterspray\/wp-json\/wp\/v2\/media\/3336"}],"wp:attachment":[{"href":"https:\/\/digital4d.net\/masterspray\/wp-json\/wp\/v2\/media?parent=3335"}],"wp:term":[{"taxonomy":"product_brand","embeddable":true,"href":"https:\/\/digital4d.net\/masterspray\/wp-json\/wp\/v2\/product_brand?post=3335"},{"taxonomy":"product_cat","embeddable":true,"href":"https:\/\/digital4d.net\/masterspray\/wp-json\/wp\/v2\/product_cat?post=3335"},{"taxonomy":"product_tag","embeddable":true,"href":"https:\/\/digital4d.net\/masterspray\/wp-json\/wp\/v2\/product_tag?post=3335"}],"curies":[{"name":"wp","href":"https:\/\/api.w.org\/{rel}","templated":true}]}}