{"id":3346,"date":"2019-01-29T15:43:10","date_gmt":"2019-01-29T14:43:10","guid":{"rendered":"https:\/\/digital4d.net\/masterspray\/prodotto\/gold-4200\/"},"modified":"2023-02-09T14:55:43","modified_gmt":"2023-02-09T13:55:43","slug":"gold-4200","status":"publish","type":"product","link":"https:\/\/digital4d.net\/masterspray\/prodotto\/gold-4200\/?lang=de","title":{"rendered":"GOLD 4200"},"content":{"rendered":"<p><span class=\"VIiyi\" lang=\"de\"><span class=\"JLqJ4b ChMk0b\" data-language-for-alternatives=\"de\" data-language-to-translate-into=\"it\" data-phrase-index=\"0\">Es handelt sich um eine elektrische Airless-Membranpumpe, die sich ideal f\u00fcr kleine und mittlere Spritzlackierarbeiten eignet.<\/span> <span class=\"JLqJ4b ChMk0b\" data-language-for-alternatives=\"de\" data-language-to-translate-into=\"it\" data-phrase-index=\"1\">Leicht und handlich, l\u00e4sst es sich leicht an den Arbeitsplatz transportieren.<\/span> <span class=\"JLqJ4b ChMk0b\" data-language-for-alternatives=\"de\" data-language-to-translate-into=\"it\" data-phrase-index=\"2\">Der Pumpenkopf ist aus behandeltem Aluminium, das Ventil aus Wolframkarbid, um die Qualit\u00e4t und Langlebigkeit der Komponenten zu gew\u00e4hrleisten.<\/span> <\/span><\/p>\n<p><span class=\"VIiyi\" lang=\"de\"><span class=\"JLqJ4b ChMk0b\" data-language-for-alternatives=\"de\" data-language-to-translate-into=\"it\" data-phrase-index=\"4\">Der Elektromotor des GOLD 4200 ist in Klasse H, das hei\u00dft: h\u00f6chste Qualit\u00e4t und Sicherheit.<\/span> <span class=\"JLqJ4b ChMk0b\" data-language-for-alternatives=\"de\" data-language-to-translate-into=\"it\" data-phrase-index=\"5\">Es kann auch unter rauen Bedingungen und bei hohen Umgebungstemperaturen arbeiten.<\/span> <span class=\"JLqJ4b ChMk0b\" data-language-for-alternatives=\"de\" data-language-to-translate-into=\"it\" data-phrase-index=\"6\">Ein automatisches System unterbricht den Strom, wenn die elektrischen Sicherheitsgrenzen \u00fcberschritten werden.<\/span> <\/span><\/p>\n<p><span class=\"VIiyi\" lang=\"de\"><span class=\"JLqJ4b ChMk0b\" data-language-for-alternatives=\"de\" data-language-to-translate-into=\"it\" data-phrase-index=\"7\">Die Standardausstattung der Ger\u00e4te umfasst:<\/span><\/span><\/p>\n<ul>\n<li>Schlauch HP dia. 1\/4\u2033 \u2013 mt. 10<\/li>\n<li>Ansaugsystem<\/li>\n<li>Airless Pistole<\/li>\n<li><span class=\"JLqJ4b ChMk0b\" data-language-for-alternatives=\"de\" data-language-to-translate-into=\"it\" data-phrase-index=\"9\">D\u00fcse kpl.<\/span><\/li>\n<\/ul>\n<h3>Anwendungen<\/h3>\n<p><span class=\"VIiyi\" lang=\"de\"><span class=\"JLqJ4b ChMk0b\" data-language-for-alternatives=\"de\" data-language-to-translate-into=\"it\" data-phrase-index=\"0\">Acryl, Rostschutz, Emulsionen, Fixiermittel, Grundierungen, Wasserlacke, Impr\u00e4gniermittel, Lacke, Grundierungen, Emails, Firnisse usw.<\/span> <\/span><\/p>\n<h3>Anwendungsgebiete<\/h3>\n<p><span class=\"VIiyi\" lang=\"de\"><span class=\"JLqJ4b ChMk0b\" data-language-for-alternatives=\"de\" data-language-to-translate-into=\"it\" data-phrase-index=\"4\">Innen- und Au\u00dfenputzen \u2022 Verputzen \u2022 Renovierungen \u2022 Industriebauten \u2022 Dachanstrich \u2022 etc.<\/span><\/span><\/p>\n<p>&nbsp;<\/p>\n","protected":false},"excerpt":{"rendered":"<p><span class=\"JLqJ4b ChMk0b\" data-language-for-alternatives=\"de\" data-language-to-translate-into=\"it\" data-phrase-index=\"0\">Es handelt sich um eine Airless-Membran-Farbpumpe, die f\u00fcr die Bed\u00fcrfnisse der Kleinindustrie und des Handwerks entwickelt wurde.<\/span> <span class=\"JLqJ4b ChMk0b\" data-language-for-alternatives=\"de\" data-language-to-translate-into=\"it\" data-phrase-index=\"1\">Ideal f\u00fcr kleine und mittlere Bauarbeiten, zum Auftragen von Lacken, Farben, zum Polieren von M\u00f6beln, f\u00fcr Schreinereien und Handwerksbetriebe.<\/span><\/p>\n","protected":false},"featured_media":3348,"template":"","meta":[],"product_brand":[],"product_cat":[464],"product_tag":[478,485],"class_list":{"0":"post-3346","1":"product","2":"type-product","3":"status-publish","4":"has-post-thumbnail","6":"product_cat-elektrische-membranpumpen","7":"product_tag-aufbau","8":"product_tag-iniezione-de","10":"first","11":"instock","12":"shipping-taxable","13":"product-type-simple"},"_links":{"self":[{"href":"https:\/\/digital4d.net\/masterspray\/wp-json\/wp\/v2\/product\/3346","targetHints":{"allow":["GET"]}}],"collection":[{"href":"https:\/\/digital4d.net\/masterspray\/wp-json\/wp\/v2\/product"}],"about":[{"href":"https:\/\/digital4d.net\/masterspray\/wp-json\/wp\/v2\/types\/product"}],"wp:featuredmedia":[{"embeddable":true,"href":"https:\/\/digital4d.net\/masterspray\/wp-json\/wp\/v2\/media\/3348"}],"wp:attachment":[{"href":"https:\/\/digital4d.net\/masterspray\/wp-json\/wp\/v2\/media?parent=3346"}],"wp:term":[{"taxonomy":"product_brand","embeddable":true,"href":"https:\/\/digital4d.net\/masterspray\/wp-json\/wp\/v2\/product_brand?post=3346"},{"taxonomy":"product_cat","embeddable":true,"href":"https:\/\/digital4d.net\/masterspray\/wp-json\/wp\/v2\/product_cat?post=3346"},{"taxonomy":"product_tag","embeddable":true,"href":"https:\/\/digital4d.net\/masterspray\/wp-json\/wp\/v2\/product_tag?post=3346"}],"curies":[{"name":"wp","href":"https:\/\/api.w.org\/{rel}","templated":true}]}}