{"id":3365,"date":"2019-01-29T15:43:10","date_gmt":"2019-01-29T14:43:10","guid":{"rendered":"https:\/\/digital4d.net\/masterspray\/prodotto\/gold-4200\/"},"modified":"2021-10-05T16:13:15","modified_gmt":"2021-10-05T14:13:15","slug":"gold-4200","status":"publish","type":"product","link":"https:\/\/digital4d.net\/masterspray\/prodotto\/gold-4200\/?lang=es","title":{"rendered":"GOLD 4200"},"content":{"rendered":"<p><span class=\"VIiyi\" lang=\"es\"><span class=\"JLqJ4b ChMk0b\" data-language-for-alternatives=\"es\" data-language-to-translate-into=\"it\" data-phrase-index=\"0\">Es una bomba sin aire de diafragma el\u00e9ctrica ideal para trabajos de pintura en aerosol peque\u00f1os y medianos.<\/span> <span class=\"JLqJ4b ChMk0b\" data-language-for-alternatives=\"es\" data-language-to-translate-into=\"it\" data-phrase-index=\"1\">Ligero y manejable, se puede transportar f\u00e1cilmente al lugar de trabajo.<\/span> <span class=\"JLqJ4b ChMk0b\" data-language-for-alternatives=\"es\" data-language-to-translate-into=\"it\" data-phrase-index=\"2\">El cabezal de la bomba es de aluminio tratado, la v\u00e1lvula de carburo de tungsteno para garantizar la calidad y durabilidad de los componentes.<\/span> <\/span><\/p>\n<p><span class=\"VIiyi\" lang=\"es\"><span class=\"JLqJ4b ChMk0b\" data-language-for-alternatives=\"es\" data-language-to-translate-into=\"it\" data-phrase-index=\"4\">El motor el\u00e9ctrico de la GOLD 4200 es de clase H, es decir: m\u00e1xima calidad y seguridad.<\/span> <span class=\"JLqJ4b ChMk0b\" data-language-for-alternatives=\"es\" data-language-to-translate-into=\"it\" data-phrase-index=\"5\">Puede funcionar incluso en condiciones dif\u00edciles y con altas temperaturas ambientales.<\/span> <span class=\"JLqJ4b ChMk0b\" data-language-for-alternatives=\"es\" data-language-to-translate-into=\"it\" data-phrase-index=\"6\">Un sistema autom\u00e1tico corta la energ\u00eda cuando los l\u00edmites de seguridad el\u00e9ctrica est\u00e1n a punto de superarse.<\/span><\/span><\/p>\n<p><span class=\"JLqJ4b ChMk0b\" data-language-for-alternatives=\"es\" data-language-to-translate-into=\"it\" data-phrase-index=\"7\">La configuraci\u00f3n est\u00e1ndar del equipo incluye:<\/span><\/p>\n<ul>\n<li>Tubo HP dia. 1\/4\u2033 \u2013 mt. 10<\/li>\n<li><span class=\"JLqJ4b ChMk0b\" data-language-for-alternatives=\"es\" data-language-to-translate-into=\"it\" data-phrase-index=\"12\">Sistema de succi\u00f3n<\/span><\/li>\n<li>Pistola Airless<\/li>\n<li><span class=\"JLqJ4b ChMk0b\" data-language-for-alternatives=\"es\" data-language-to-translate-into=\"it\" data-phrase-index=\"16\">Boquilla autolimpiante cpl.<\/span><\/li>\n<\/ul>\n<h3><span class=\"JLqJ4b ChMk0b\" data-language-for-alternatives=\"es\" data-language-to-translate-into=\"it\" data-phrase-index=\"18\">Aplicaciones<\/span><\/h3>\n<p><span class=\"VIiyi\" lang=\"es\"><span class=\"JLqJ4b ChMk0b\" data-language-for-alternatives=\"es\" data-language-to-translate-into=\"it\" data-phrase-index=\"0\">Acr\u00edlicos, antioxidantes, emulsiones, fijadores, imprimaciones, pinturas al agua, agentes de impregnaci\u00f3n, lacas, imprimaciones, esmaltes, barnices, etc.<\/span><\/span><\/p>\n<h3><span class=\"VIiyi\" lang=\"es\"><span class=\"JLqJ4b ChMk0b\" data-language-for-alternatives=\"es\" data-language-to-translate-into=\"it\" data-phrase-index=\"22\">Campos de aplicaci\u00f3n<\/span><\/span><\/h3>\n<p><span class=\"VIiyi\" lang=\"es\"><span class=\"JLqJ4b ChMk0b\" data-language-for-alternatives=\"es\" data-language-to-translate-into=\"it\" data-phrase-index=\"0\">Blanqueo de interiores y exteriores \u2022 Enlucido \u2022 Renovaciones \u2022 Construcciones industriales \u2022 Pintura de techos \u2022 etc.<\/span><\/span><\/p>\n<p>&nbsp;<\/p>\n","protected":false},"excerpt":{"rendered":"<p><span class=\"VIiyi\" lang=\"es\"><span class=\"JLqJ4b ChMk0b\" data-language-for-alternatives=\"es\" data-language-to-translate-into=\"it\" data-phrase-index=\"0\">Es una bomba de pintura airless de diafragma dise\u00f1ada para las necesidades de las peque\u00f1as industrias y para el artesano.<\/span> <span class=\"JLqJ4b ChMk0b\" data-language-for-alternatives=\"es\" data-language-to-translate-into=\"it\" data-phrase-index=\"1\">Ideal para peque\u00f1as y medianas obras de construcci\u00f3n, para aplicar lacas, pinturas, para pulir muebles, para carpinter\u00eda y talleres artesanales.<\/span><\/span><\/p>\n","protected":false},"featured_media":3367,"template":"","meta":[],"product_brand":[],"product_cat":[462],"product_tag":[480,481],"class_list":{"0":"post-3365","1":"product","2":"type-product","3":"status-publish","4":"has-post-thumbnail","6":"product_cat-bombas-de-diafragma-electricas","7":"product_tag-construccion","8":"product_tag-iniezione-es","10":"first","11":"instock","12":"shipping-taxable","13":"product-type-simple"},"_links":{"self":[{"href":"https:\/\/digital4d.net\/masterspray\/wp-json\/wp\/v2\/product\/3365","targetHints":{"allow":["GET"]}}],"collection":[{"href":"https:\/\/digital4d.net\/masterspray\/wp-json\/wp\/v2\/product"}],"about":[{"href":"https:\/\/digital4d.net\/masterspray\/wp-json\/wp\/v2\/types\/product"}],"wp:featuredmedia":[{"embeddable":true,"href":"https:\/\/digital4d.net\/masterspray\/wp-json\/wp\/v2\/media\/3367"}],"wp:attachment":[{"href":"https:\/\/digital4d.net\/masterspray\/wp-json\/wp\/v2\/media?parent=3365"}],"wp:term":[{"taxonomy":"product_brand","embeddable":true,"href":"https:\/\/digital4d.net\/masterspray\/wp-json\/wp\/v2\/product_brand?post=3365"},{"taxonomy":"product_cat","embeddable":true,"href":"https:\/\/digital4d.net\/masterspray\/wp-json\/wp\/v2\/product_cat?post=3365"},{"taxonomy":"product_tag","embeddable":true,"href":"https:\/\/digital4d.net\/masterspray\/wp-json\/wp\/v2\/product_tag?post=3365"}],"curies":[{"name":"wp","href":"https:\/\/api.w.org\/{rel}","templated":true}]}}