{"id":3384,"date":"2019-01-29T15:43:12","date_gmt":"2019-01-29T14:43:12","guid":{"rendered":"https:\/\/digital4d.net\/masterspray\/prodotto\/argon-48\/"},"modified":"2021-10-15T16:06:05","modified_gmt":"2021-10-15T14:06:05","slug":"argon-48","status":"publish","type":"product","link":"https:\/\/digital4d.net\/masterspray\/prodotto\/argon-48\/?lang=fr","title":{"rendered":"ARGON 48"},"content":{"rendered":"<p><span class=\"VIiyi\" lang=\"fr\"><span class=\"JLqJ4b ChMk0b\" data-language-for-alternatives=\"fr\" data-language-to-translate-into=\"it\" data-phrase-index=\"0\" data-number-of-phrases=\"5\">L&#8217;ARGON 48 est \u00e9quip\u00e9 d&#8217;un moteur pneumatique \u00e0 inversion volum\u00e9trique rapide qui permet une tr\u00e8s faible perte de charge lors de l&#8217;inversion.Le moteur n&#8217;a aucun probl\u00e8me de gel et n\u00e9cessite une lubrification r\u00e9duite.<\/span> <span class=\"JLqJ4b ChMk0b\" data-language-for-alternatives=\"fr\" data-language-to-translate-into=\"it\" data-phrase-index=\"1\" data-number-of-phrases=\"5\">Le piston produit a un traitement au chrome dur et toutes les pi\u00e8ces en contact avec le produit sont en acier inoxydable et carbure de tungst\u00e8ne.<\/span> <\/span><\/p>\n<p><span class=\"VIiyi\" lang=\"fr\"><span class=\"JLqJ4b ChMk0b\" data-language-for-alternatives=\"fr\" data-language-to-translate-into=\"it\" data-phrase-index=\"3\" data-number-of-phrases=\"5\">Cet \u00e9quipement de grande capacit\u00e9 peut \u00e9galement mettre sous vide des produits \u00e9pais ou thixotropes.<\/span> <span class=\"JLqJ4b ChMk0b\" data-language-for-alternatives=\"fr\" data-language-to-translate-into=\"it\" data-phrase-index=\"4\" data-number-of-phrases=\"5\">ARGON 48 a \u00e9t\u00e9 con\u00e7u pour les besoins des moyennes et grandes industries, menuiserie, menuiserie, chemin de fer, industrie automobile, industrie du b\u00e2timent, industrie m\u00e9canique, industrie navale.<\/span><\/span><\/p>\n<h3><span class=\"VIiyi\" lang=\"fr\"><span class=\"JLqJ4b\" data-language-for-alternatives=\"fr\" data-language-to-translate-into=\"it\" data-phrase-index=\"0\" data-number-of-phrases=\"1\">Applications<\/span><\/span><\/h3>\n<p><span class=\"VIiyi\" lang=\"fr\"><span class=\"JLqJ4b ChMk0b\" data-language-for-alternatives=\"fr\" data-language-to-translate-into=\"it\" data-phrase-index=\"0\" data-number-of-phrases=\"1\">Alcool, anti-bruit, adh\u00e9sifs, d\u00e9tergents, agents de d\u00e9moulage, \u00e9poxy, graisses, graisses v\u00e9g\u00e9tales, peintures \u00e0 l&#8217;eau, encres, lubrifiants, mastics, huiles, mastics, solvants, colorants, mastics, peintures, peintures \u00e0 l&#8217;huile, peintures acryliques , etc &#8230;<\/span><\/span><\/p>\n<h3><span class=\"VIiyi\" lang=\"fr\"><span class=\"JLqJ4b\" data-language-for-alternatives=\"fr\" data-language-to-translate-into=\"it\" data-phrase-index=\"0\" data-number-of-phrases=\"1\">Domaines d&#8217;application<\/span><\/span><\/h3>\n<p><span class=\"VIiyi\" lang=\"fr\"><span class=\"JLqJ4b ChMk0b\" data-language-for-alternatives=\"fr\" data-language-to-translate-into=\"it\" data-phrase-index=\"0\" data-number-of-phrases=\"1\">Artisans \u2022 Menuiserie \u2022 Menuiserie \u2022 Chemins de fer \u2022 Industrie automobile \u2022 Industrie du b\u00e2timent \u2022 Industrie m\u00e9canique \u2022 Industrie navale<\/span><\/span><\/p>\n<p>&nbsp;<\/p>\n","protected":false},"excerpt":{"rendered":"<p><span class=\"VIiyi\" lang=\"fr\"><span class=\"JLqJ4b ChMk0b\" data-language-for-alternatives=\"fr\" data-language-to-translate-into=\"it\" data-phrase-index=\"0\" data-number-of-phrases=\"2\">Il s&#8217;agit d&#8217;un \u00e9quipement pneumatique \u00e0 piston airless de grande capacit\u00e9 capable de pulv\u00e9riser des produits denses ou thixotropes.<\/span> <span class=\"JLqJ4b ChMk0b\" data-language-for-alternatives=\"fr\" data-language-to-translate-into=\"it\" data-phrase-index=\"1\" data-number-of-phrases=\"2\">C&#8217;est un \u00e9quipement id\u00e9al pour les besoins des moyennes et grandes industries, menuiserie, menuiserie, chemins de fer, industrie automobile, industrie de la construction, industrie m\u00e9canique, industrie de la construction navale.<\/span><\/span><\/p>\n","protected":false},"featured_media":3386,"template":"","meta":[],"product_brand":[],"product_cat":[474],"product_tag":[498,484],"class_list":{"0":"post-3384","1":"product","2":"type-product","3":"status-publish","4":"has-post-thumbnail","6":"product_cat-pompes-pneumatiques","7":"product_tag-industrie","8":"product_tag-iniezione-fr","10":"first","11":"instock","12":"shipping-taxable","13":"product-type-simple"},"_links":{"self":[{"href":"https:\/\/digital4d.net\/masterspray\/wp-json\/wp\/v2\/product\/3384","targetHints":{"allow":["GET"]}}],"collection":[{"href":"https:\/\/digital4d.net\/masterspray\/wp-json\/wp\/v2\/product"}],"about":[{"href":"https:\/\/digital4d.net\/masterspray\/wp-json\/wp\/v2\/types\/product"}],"wp:featuredmedia":[{"embeddable":true,"href":"https:\/\/digital4d.net\/masterspray\/wp-json\/wp\/v2\/media\/3386"}],"wp:attachment":[{"href":"https:\/\/digital4d.net\/masterspray\/wp-json\/wp\/v2\/media?parent=3384"}],"wp:term":[{"taxonomy":"product_brand","embeddable":true,"href":"https:\/\/digital4d.net\/masterspray\/wp-json\/wp\/v2\/product_brand?post=3384"},{"taxonomy":"product_cat","embeddable":true,"href":"https:\/\/digital4d.net\/masterspray\/wp-json\/wp\/v2\/product_cat?post=3384"},{"taxonomy":"product_tag","embeddable":true,"href":"https:\/\/digital4d.net\/masterspray\/wp-json\/wp\/v2\/product_tag?post=3384"}],"curies":[{"name":"wp","href":"https:\/\/api.w.org\/{rel}","templated":true}]}}