{"id":3391,"date":"2019-01-29T15:43:14","date_gmt":"2019-01-29T14:43:14","guid":{"rendered":"https:\/\/digital4d.net\/masterspray\/prodotto\/argon-40-l\/"},"modified":"2021-10-15T16:24:44","modified_gmt":"2021-10-15T14:24:44","slug":"argon-40-l","status":"publish","type":"product","link":"https:\/\/digital4d.net\/masterspray\/prodotto\/argon-40-l\/?lang=fr","title":{"rendered":"ARGON 40 L"},"content":{"rendered":"<p><span class=\"VIiyi\" lang=\"fr\"><span class=\"JLqJ4b ChMk0b\" data-language-for-alternatives=\"fr\" data-language-to-translate-into=\"it\" data-phrase-index=\"0\" data-number-of-phrases=\"5\">Il s&#8217;agit d&#8217;une pompe pneumatique \u00e0 piston avec un moteur pneumatique \u00e0 inversion volum\u00e9trique rapide qui permet une tr\u00e8s faible perte de charge lors de l&#8217;inversion et le syst\u00e8me de r\u00e9glage simultan\u00e9 des packs de joints.<\/span> <span class=\"JLqJ4b ChMk0b\" data-language-for-alternatives=\"fr\" data-language-to-translate-into=\"it\" data-phrase-index=\"1\" data-number-of-phrases=\"5\">L&#8217;ajustement simultan\u00e9 des packs en fonction de l&#8217;usure permet une dur\u00e9e de vie plus longue et surtout une meilleure performance de l&#8217;\u00e9quipement.<\/span> <span class=\"JLqJ4b ChMk0b\" data-language-for-alternatives=\"fr\" data-language-to-translate-into=\"it\" data-phrase-index=\"2\" data-number-of-phrases=\"5\">Le piston produit a un traitement au chrome dur et toutes les pi\u00e8ces en contact avec le produit sont en acier inoxydable et carbure de tungst\u00e8ne.<\/span> <\/span><\/p>\n<p><span class=\"VIiyi\" lang=\"fr\"><span class=\"JLqJ4b ChMk0b\" data-language-for-alternatives=\"fr\" data-language-to-translate-into=\"it\" data-phrase-index=\"4\" data-number-of-phrases=\"5\">ARGON 40 a \u00e9t\u00e9 con\u00e7u pour aspirer directement \u00e0 partir de f\u00fbts de 200 litres pour pulv\u00e9riser ou transf\u00e9rer des produits tr\u00e8s denses<\/span><\/span><\/p>\n<h3><span class=\"VIiyi\" lang=\"fr\"><span class=\"JLqJ4b\" data-language-for-alternatives=\"fr\" data-language-to-translate-into=\"it\" data-phrase-index=\"0\" data-number-of-phrases=\"1\">Applications<\/span><\/span><\/h3>\n<p><span class=\"VIiyi\" lang=\"fr\"><span class=\"JLqJ4b ChMk0b\" data-language-for-alternatives=\"fr\" data-language-to-translate-into=\"it\" data-phrase-index=\"0\" data-number-of-phrases=\"1\">Alcool, anti-bruit, adh\u00e9sifs, d\u00e9tergents, agents de d\u00e9moulage, \u00e9poxy, graisses, graisses v\u00e9g\u00e9tales, peintures \u00e0 l&#8217;eau, encres, lubrifiants, mastics, huiles, mastics, solvants, colorants, mastics, peintures, peintures \u00e0 l&#8217;huile, peintures acryliques , etc &#8230;<\/span><\/span><\/p>\n<h3><span class=\"VIiyi\" lang=\"fr\"><span class=\"JLqJ4b\" data-language-for-alternatives=\"fr\" data-language-to-translate-into=\"it\" data-phrase-index=\"0\" data-number-of-phrases=\"1\">Domaines d&#8217;application<\/span><\/span><\/h3>\n<p><span class=\"VIiyi\" lang=\"fr\"><span class=\"JLqJ4b ChMk0b\" data-language-for-alternatives=\"fr\" data-language-to-translate-into=\"it\" data-phrase-index=\"0\" data-number-of-phrases=\"1\">Artisans \u2022 Menuiserie \u2022 Menuiserie \u2022 Chemins de fer \u2022 Industrie automobile \u2022 Industrie du b\u00e2timent \u2022 Industrie m\u00e9canique \u2022 Industrie navale<\/span><\/span><\/p>\n<p>&nbsp;<\/p>\n","protected":false},"excerpt":{"rendered":"<p><span class=\"VIiyi\" lang=\"fr\"><span class=\"JLqJ4b ChMk0b\" data-language-for-alternatives=\"fr\" data-language-to-translate-into=\"it\" data-phrase-index=\"0\" data-number-of-phrases=\"3\">Il s&#8217;agit d&#8217;un \u00e9quipement airless \u00e0 piston pneumatique avec un taux de compression de 40:1.<\/span> <span class=\"JLqJ4b ChMk0b\" data-language-for-alternatives=\"fr\" data-language-to-translate-into=\"it\" data-phrase-index=\"1\" data-number-of-phrases=\"3\">Cet \u00e9quipement de grande capacit\u00e9 peut \u00e9galement mettre sous vide des produits \u00e9pais ou thixotropes.<\/span> <span class=\"JLqJ4b ChMk0b\" data-language-for-alternatives=\"fr\" data-language-to-translate-into=\"it\" data-phrase-index=\"2\" data-number-of-phrases=\"3\">ARGON 40 L a \u00e9t\u00e9 con\u00e7u pour aspirer directement \u00e0 partir de f\u00fbts de 200 litres pour pulv\u00e9riser ou transf\u00e9rer des produits tr\u00e8s denses<\/span><\/span><\/p>\n","protected":false},"featured_media":5834,"template":"","meta":[],"product_brand":[],"product_cat":[474],"product_tag":[483],"class_list":{"0":"post-3391","1":"product","2":"type-product","3":"status-publish","4":"has-post-thumbnail","6":"product_cat-pompes-pneumatiques","7":"product_tag-batiment","9":"first","10":"instock","11":"shipping-taxable","12":"product-type-simple"},"_links":{"self":[{"href":"https:\/\/digital4d.net\/masterspray\/wp-json\/wp\/v2\/product\/3391","targetHints":{"allow":["GET"]}}],"collection":[{"href":"https:\/\/digital4d.net\/masterspray\/wp-json\/wp\/v2\/product"}],"about":[{"href":"https:\/\/digital4d.net\/masterspray\/wp-json\/wp\/v2\/types\/product"}],"wp:featuredmedia":[{"embeddable":true,"href":"https:\/\/digital4d.net\/masterspray\/wp-json\/wp\/v2\/media\/5834"}],"wp:attachment":[{"href":"https:\/\/digital4d.net\/masterspray\/wp-json\/wp\/v2\/media?parent=3391"}],"wp:term":[{"taxonomy":"product_brand","embeddable":true,"href":"https:\/\/digital4d.net\/masterspray\/wp-json\/wp\/v2\/product_brand?post=3391"},{"taxonomy":"product_cat","embeddable":true,"href":"https:\/\/digital4d.net\/masterspray\/wp-json\/wp\/v2\/product_cat?post=3391"},{"taxonomy":"product_tag","embeddable":true,"href":"https:\/\/digital4d.net\/masterspray\/wp-json\/wp\/v2\/product_tag?post=3391"}],"curies":[{"name":"wp","href":"https:\/\/api.w.org\/{rel}","templated":true}]}}