{"id":3464,"date":"2019-01-29T15:43:12","date_gmt":"2019-01-29T14:43:12","guid":{"rendered":"https:\/\/digital4d.net\/masterspray\/prodotto\/argon-30\/"},"modified":"2024-04-28T17:12:30","modified_gmt":"2024-04-28T15:12:30","slug":"argon-30","status":"publish","type":"product","link":"https:\/\/digital4d.net\/masterspray\/prodotto\/argon-30\/?lang=de","title":{"rendered":"ARGON 30"},"content":{"rendered":"<p>Es handelt sich um eine pneumatische Kolbenpumpe mit einem pneumatischen Motor mit schneller volumetrischer Umkehrung, der einen sehr geringen Druckabfall beim Umkehren und das gleichzeitige Verstellsystem der Dichtungspakete erm\u00f6glicht.<\/p>\n<p>Die gleichzeitige Anpassung der Packungen in Bezug auf den Verschlei\u00df erm\u00f6glicht eine l\u00e4ngere Lebensdauer und vor allem eine bessere Leistung der Pumpe. Der hergestellte Kolben ist hartverchromt und alle produktber\u00fchrenden Teile aus Edelstahl und Wolframkarbid. Die entsprechend ausger\u00fcstete Pumpe kann sowohl im Airless als auch im Aircombi arbeiten.<\/p>\n<p>ARGON 30 ist ein besonders vielseitiges Ger\u00e4t, das in verschiedenen Branchen und f\u00fcr verschiedene Zwecke eingesetzt werden kann, von der Tischlerei, Zimmerei, Mechanik, Marine usw.<\/p>\n<h3>Anwendungen<\/h3>\n<p>Alkohol, L\u00e4rmschutz, Klebstoffe, Reinigungsmittel, Trennmittel, Epoxide, Fette, Pflanzenfette, Wasserlacke, Tinten, Schmierstoffe, Kitte, \u00d6le, Dichtstoffe, L\u00f6sungsmittel, Farbstoffe, Dichtstoffe, Farben, \u00d6lfarben, Acrylfarben , einkomponentige Harze<\/p>\n<h3>Anwendungsgebiete<\/h3>\n<p>\u2022 Zimmerei \u2022 Tischlerei \u2022 Eisenbahn \u2022 Automobilindustrie \u2022 Bauindustrie \u2022 Maschinenbau \u2022 Schifffahrtsindustrie<\/p>\n<p>&nbsp;<\/p>\n","protected":false},"excerpt":{"rendered":"<p><span class=\"VIiyi\" lang=\"de\"><span class=\"JLqJ4b ChMk0b\" data-language-for-alternatives=\"de\" data-language-to-translate-into=\"it\" data-phrase-index=\"0\" data-number-of-phrases=\"2\">Es handelt sich um ein Airlessger\u00e4t mit pneumatischem Kolben mit einem Verdichtungsverh\u00e4ltnis von 30:1.<\/span> <span class=\"JLqJ4b ChMk0b\" data-language-for-alternatives=\"de\" data-language-to-translate-into=\"it\" data-phrase-index=\"1\" data-number-of-phrases=\"2\">ARGON 30 ist f\u00fcr die Bed\u00fcrfnisse der mittelst\u00e4ndischen Industrie, f\u00fcr Handwerk, Zimmerei, Tischlerei, Eisenbahn, Automobilindustrie, Bauindustrie, Maschinenbau, Schiffbauindustrie konzipiert.<\/span><\/span><\/p>\n","protected":false},"featured_media":6084,"template":"","meta":[],"product_brand":[],"product_cat":[475],"product_tag":[496,499,485],"class_list":{"0":"post-3464","1":"product","2":"type-product","3":"status-publish","4":"has-post-thumbnail","6":"product_cat-pneumatische-pumpen","7":"product_tag-finish","8":"product_tag-industrie-de","9":"product_tag-iniezione-de","11":"first","12":"instock","13":"shipping-taxable","14":"product-type-simple"},"_links":{"self":[{"href":"https:\/\/digital4d.net\/masterspray\/wp-json\/wp\/v2\/product\/3464","targetHints":{"allow":["GET"]}}],"collection":[{"href":"https:\/\/digital4d.net\/masterspray\/wp-json\/wp\/v2\/product"}],"about":[{"href":"https:\/\/digital4d.net\/masterspray\/wp-json\/wp\/v2\/types\/product"}],"wp:featuredmedia":[{"embeddable":true,"href":"https:\/\/digital4d.net\/masterspray\/wp-json\/wp\/v2\/media\/6084"}],"wp:attachment":[{"href":"https:\/\/digital4d.net\/masterspray\/wp-json\/wp\/v2\/media?parent=3464"}],"wp:term":[{"taxonomy":"product_brand","embeddable":true,"href":"https:\/\/digital4d.net\/masterspray\/wp-json\/wp\/v2\/product_brand?post=3464"},{"taxonomy":"product_cat","embeddable":true,"href":"https:\/\/digital4d.net\/masterspray\/wp-json\/wp\/v2\/product_cat?post=3464"},{"taxonomy":"product_tag","embeddable":true,"href":"https:\/\/digital4d.net\/masterspray\/wp-json\/wp\/v2\/product_tag?post=3464"}],"curies":[{"name":"wp","href":"https:\/\/api.w.org\/{rel}","templated":true}]}}