{"id":3469,"date":"2019-01-29T15:43:12","date_gmt":"2019-01-29T14:43:12","guid":{"rendered":"https:\/\/digital4d.net\/masterspray\/prodotto\/argon-40\/"},"modified":"2021-10-19T15:44:26","modified_gmt":"2021-10-19T13:44:26","slug":"argon-40","status":"publish","type":"product","link":"https:\/\/digital4d.net\/masterspray\/prodotto\/argon-40\/?lang=de","title":{"rendered":"ARGON 40"},"content":{"rendered":"<p><span class=\"JLqJ4b ChMk0b\" data-language-for-alternatives=\"de\" data-language-to-translate-into=\"it\" data-phrase-index=\"0\" data-number-of-phrases=\"7\">Es handelt sich um eine pneumatische Kolbenpumpe mit einem pneumatischen Motor mit schneller volumetrischer Umkehrung, der einen sehr geringen Druckabfall beim Umkehren und das gleichzeitige Verstellsystem der Dichtungspakete erm\u00f6glicht.<\/span> <span class=\"JLqJ4b ChMk0b\" data-language-for-alternatives=\"de\" data-language-to-translate-into=\"it\" data-phrase-index=\"1\" data-number-of-phrases=\"7\">Die gleichzeitige Anpassung der Packungen in Bezug auf den Verschlei\u00df erm\u00f6glicht eine l\u00e4ngere Lebensdauer und vor allem eine bessere Leistung der Ausr\u00fcstung.<\/span><\/p>\n<p><span class=\"JLqJ4b ChMk0b\" data-language-for-alternatives=\"de\" data-language-to-translate-into=\"it\" data-phrase-index=\"2\" data-number-of-phrases=\"7\">Der hergestellte Kolben ist hartverchromt und alle produktber\u00fchrenden Teile aus Edelstahl und Wolframkarbid.<\/span> <span class=\"JLqJ4b ChMk0b\" data-language-for-alternatives=\"de\" data-language-to-translate-into=\"it\" data-phrase-index=\"4\" data-number-of-phrases=\"7\">Die entsprechend ausger\u00fcstete Pumpe kann sowohl im Airless als auch im Aircombi arbeiten.<\/span><\/p>\n<p>ARGON 40 ist ein besonders vielseitiges Ger\u00e4t, das in verschiedenen Branchen und f\u00fcr verschiedene Zwecke eingesetzt werden kann, von der Tischlerei, Zimmerei, Mechanik, Marine usw.<\/p>\n<h3>Anwendungen<\/h3>\n<p>Alkohol, L\u00e4rmschutz, Klebstoffe, Reinigungsmittel, Trennmittel, Epoxide, Fette, Pflanzenfette, Wasserlacke, Tinten, Schmierstoffe, Kitte, \u00d6le, Dichtstoffe, L\u00f6sungsmittel, Farbstoffe, Dichtstoffe, Farben, \u00d6lfarben, Acrylfarben , einkomponentige Harze<\/p>\n<h3>Anwendungsgebiete<\/h3>\n<p>\u2022 Zimmerei \u2022 Tischlerei \u2022 Eisenbahn \u2022 Automobilindustrie \u2022 Bauindustrie \u2022 Maschinenbau \u2022 Schifffahrtsindustrie<\/p>\n","protected":false},"excerpt":{"rendered":"<p><span class=\"VIiyi\" lang=\"de\"><span class=\"JLqJ4b ChMk0b\" data-language-for-alternatives=\"de\" data-language-to-translate-into=\"it\" data-phrase-index=\"0\" data-number-of-phrases=\"3\">Es ist ein pneumatisches Kolbenger\u00e4t mit einem Verdichtungsverh\u00e4ltnis von 40:1.<\/span> <span class=\"JLqJ4b ChMk0b\" data-language-for-alternatives=\"de\" data-language-to-translate-into=\"it\" data-phrase-index=\"1\" data-number-of-phrases=\"3\">Diese Hochleistungsanlage kann auch dicke oder thixotrope Produkte aufsaugen.<\/span> <span class=\"JLqJ4b ChMk0b\" data-language-for-alternatives=\"de\" data-language-to-translate-into=\"it\" data-phrase-index=\"2\" data-number-of-phrases=\"3\">ARGON 40 ist f\u00fcr die Bed\u00fcrfnisse der mittelgro\u00dfen Industrie, f\u00fcr Handwerk, Zimmerei, Tischlerei, Eisenbahn, Automobilindustrie, Bauindustrie, Maschinenbau, Schiffbauindustrie konzipiert.<\/span><\/span><\/p>\n","protected":false},"featured_media":6120,"template":"","meta":[],"product_brand":[],"product_cat":[475,507],"product_tag":[496,499,485],"class_list":{"0":"post-3469","1":"product","2":"type-product","3":"status-publish","4":"has-post-thumbnail","6":"product_cat-pneumatische-pumpen","7":"product_cat-senza-categoria-de","8":"product_tag-finish","9":"product_tag-industrie-de","10":"product_tag-iniezione-de","12":"first","13":"instock","14":"shipping-taxable","15":"product-type-simple"},"_links":{"self":[{"href":"https:\/\/digital4d.net\/masterspray\/wp-json\/wp\/v2\/product\/3469","targetHints":{"allow":["GET"]}}],"collection":[{"href":"https:\/\/digital4d.net\/masterspray\/wp-json\/wp\/v2\/product"}],"about":[{"href":"https:\/\/digital4d.net\/masterspray\/wp-json\/wp\/v2\/types\/product"}],"wp:featuredmedia":[{"embeddable":true,"href":"https:\/\/digital4d.net\/masterspray\/wp-json\/wp\/v2\/media\/6120"}],"wp:attachment":[{"href":"https:\/\/digital4d.net\/masterspray\/wp-json\/wp\/v2\/media?parent=3469"}],"wp:term":[{"taxonomy":"product_brand","embeddable":true,"href":"https:\/\/digital4d.net\/masterspray\/wp-json\/wp\/v2\/product_brand?post=3469"},{"taxonomy":"product_cat","embeddable":true,"href":"https:\/\/digital4d.net\/masterspray\/wp-json\/wp\/v2\/product_cat?post=3469"},{"taxonomy":"product_tag","embeddable":true,"href":"https:\/\/digital4d.net\/masterspray\/wp-json\/wp\/v2\/product_tag?post=3469"}],"curies":[{"name":"wp","href":"https:\/\/api.w.org\/{rel}","templated":true}]}}