{"id":3474,"date":"2019-01-29T15:43:12","date_gmt":"2019-01-29T14:43:12","guid":{"rendered":"https:\/\/digital4d.net\/masterspray\/prodotto\/argon-48\/"},"modified":"2021-10-19T16:12:49","modified_gmt":"2021-10-19T14:12:49","slug":"argon-48","status":"publish","type":"product","link":"https:\/\/digital4d.net\/masterspray\/prodotto\/argon-48\/?lang=de","title":{"rendered":"ARGON 48"},"content":{"rendered":"<p><span class=\"VIiyi\" lang=\"de\"><span class=\"JLqJ4b ChMk0b\" data-language-for-alternatives=\"de\" data-language-to-translate-into=\"it\" data-phrase-index=\"0\" data-number-of-phrases=\"5\">ARGON 48 verf\u00fcgt \u00fcber einen pneumatischen Motor mit schneller volumetrischer Umkehrung, der einen sehr geringen Druckabfall beim Umkehren erm\u00f6glicht.Der Motor hat keine Probleme mit Einfrieren und erfordert weniger Schmierung.<\/span> <span class=\"JLqJ4b ChMk0b\" data-language-for-alternatives=\"de\" data-language-to-translate-into=\"it\" data-phrase-index=\"1\" data-number-of-phrases=\"5\">Der hergestellte Kolben ist hartverchromt und alle produktber\u00fchrenden Teile aus Edelstahl und Wolframkarbid.<\/span> <span class=\"JLqJ4b ChMk0b\" data-language-for-alternatives=\"de\" data-language-to-translate-into=\"it\" data-phrase-index=\"3\" data-number-of-phrases=\"5\">Diese Hochleistungsanlage kann auch dicke oder thixotrope Produkte aufsaugen.<\/span> <\/span><\/p>\n<p><span class=\"VIiyi\" lang=\"de\"><span class=\"JLqJ4b ChMk0b\" data-language-for-alternatives=\"de\" data-language-to-translate-into=\"it\" data-phrase-index=\"4\" data-number-of-phrases=\"5\">ARGON 48 wurde f\u00fcr die Bed\u00fcrfnisse der mittelgro\u00dfen Industrie, Zimmerei, Tischlerei, Eisenbahn, Automobilindustrie, Bauindustrie, Maschinenbau, Schiffbauindustrie entwickelt.<\/span><\/span><\/p>\n<h3>Anwendungen<\/h3>\n<p>Alkohol, L\u00e4rmschutz, Klebstoffe, Reinigungsmittel, Trennmittel, Epoxide, Fette, Pflanzenfette, Wasserlacke, Tinten, Schmierstoffe, Kitte, \u00d6le, Dichtstoffe, L\u00f6sungsmittel, Farbstoffe, Dichtstoffe, Farben, \u00d6lfarben, Acrylfarben , einkomponentige Harze<\/p>\n<h3>Anwendungsgebiete<\/h3>\n<p><span class=\"VIiyi\" lang=\"de\"><span class=\"JLqJ4b ChMk0b\" data-language-for-alternatives=\"de\" data-language-to-translate-into=\"it\" data-phrase-index=\"0\" data-number-of-phrases=\"1\">Handwerker \u2022 Zimmerei \u2022 Tischlerei \u2022 Eisenbahnen \u2022 Automobilindustrie \u2022 Bauindustrie \u2022 Maschinenbau \u2022 Schifffahrtsindustrie<\/span><\/span><\/p>\n<p>&nbsp;<\/p>\n","protected":false},"excerpt":{"rendered":"<p><span class=\"JLqJ4b ChMk0b\" data-language-for-alternatives=\"de\" data-language-to-translate-into=\"it\" data-phrase-index=\"0\" data-number-of-phrases=\"2\">Es handelt sich um ein pneumatisches Airless-Kolbenger\u00e4t mit gro\u00dfer Kapazit\u00e4t, das dichte oder thixotrope Produkte spritzen kann.<\/span> <span class=\"JLqJ4b ChMk0b\" data-language-for-alternatives=\"de\" data-language-to-translate-into=\"it\" data-phrase-index=\"1\" data-number-of-phrases=\"2\">Es ist eine ideale Ausr\u00fcstung f\u00fcr die Bed\u00fcrfnisse der mittelgro\u00dfen Industrie, Zimmerei, Tischlerei, Eisenbahn, Automobilindustrie, Bauindustrie, Maschinenbau, Schiffbauindustrie.<\/span><\/p>\n","protected":false},"featured_media":3476,"template":"","meta":[],"product_brand":[],"product_cat":[475],"product_tag":[499,485],"class_list":{"0":"post-3474","1":"product","2":"type-product","3":"status-publish","4":"has-post-thumbnail","6":"product_cat-pneumatische-pumpen","7":"product_tag-industrie-de","8":"product_tag-iniezione-de","10":"first","11":"instock","12":"shipping-taxable","13":"product-type-simple"},"_links":{"self":[{"href":"https:\/\/digital4d.net\/masterspray\/wp-json\/wp\/v2\/product\/3474","targetHints":{"allow":["GET"]}}],"collection":[{"href":"https:\/\/digital4d.net\/masterspray\/wp-json\/wp\/v2\/product"}],"about":[{"href":"https:\/\/digital4d.net\/masterspray\/wp-json\/wp\/v2\/types\/product"}],"wp:featuredmedia":[{"embeddable":true,"href":"https:\/\/digital4d.net\/masterspray\/wp-json\/wp\/v2\/media\/3476"}],"wp:attachment":[{"href":"https:\/\/digital4d.net\/masterspray\/wp-json\/wp\/v2\/media?parent=3474"}],"wp:term":[{"taxonomy":"product_brand","embeddable":true,"href":"https:\/\/digital4d.net\/masterspray\/wp-json\/wp\/v2\/product_brand?post=3474"},{"taxonomy":"product_cat","embeddable":true,"href":"https:\/\/digital4d.net\/masterspray\/wp-json\/wp\/v2\/product_cat?post=3474"},{"taxonomy":"product_tag","embeddable":true,"href":"https:\/\/digital4d.net\/masterspray\/wp-json\/wp\/v2\/product_tag?post=3474"}],"curies":[{"name":"wp","href":"https:\/\/api.w.org\/{rel}","templated":true}]}}