{"id":3482,"date":"2019-01-29T15:43:14","date_gmt":"2019-01-29T14:43:14","guid":{"rendered":"https:\/\/digital4d.net\/masterspray\/prodotto\/argon-40-l\/"},"modified":"2021-11-22T14:16:57","modified_gmt":"2021-11-22T13:16:57","slug":"argon-40-l","status":"publish","type":"product","link":"https:\/\/digital4d.net\/masterspray\/prodotto\/argon-40-l\/?lang=de","title":{"rendered":"ARGON 40 L"},"content":{"rendered":"<p>Es ist eine pneumatische Kolbenpumpe mit einem pneumatischen Motor mit schneller volumetrischer Umkehrung, der einen sehr geringen Druckabfall beim Umkehren und das gleichzeitige Verstellsystem der Dichtungspakete erm\u00f6glicht. Die gleichzeitige Anpassung der Packungen in Bezug auf den Verschlei\u00df erm\u00f6glicht eine l\u00e4ngere Lebensdauer und vor allem eine bessere Leistung der Ausr\u00fcstung.<\/p>\n<p>ARGON 40 wurde entwickelt, um direkt aus 200-Liter-F\u00e4ssern zu saugen, um sehr dichte Produkte zu spritzen oder zu \u00fcbertragen<\/p>\n<h3>Anwendungen<\/h3>\n<p>Alkohol, L\u00e4rmschutz, Klebstoffe, Reinigungsmittel, Trennmittel, Epoxide, Fette, Pflanzenfette, Wasserlacke, Tinten, Schmierstoffe, Kitte, \u00d6le, Dichtstoffe, L\u00f6sungsmittel, Farbstoffe, Dichtstoffe, Farben, \u00d6lfarben, Acrylfarben , einkomponentige Harze<\/p>\n<h3>Anwendugsgebiete<\/h3>\n<p>Renovierungen \u2022 Industriebauten \u2022 Malerarbeiten<\/p>\n<p>&nbsp;<\/p>\n","protected":false},"excerpt":{"rendered":"<p>Es ist ein pneumatischen Airlessger\u00e4t mit einem Verdichtungsverh\u00e4ltnis von 40:1. Diese Hochleistungsanlage kann auch dicke oder thixotrope Produkte aufsaugen. ARGON 40 L wurde entwickelt, um direkt aus 200-Liter-F\u00e4ssern zu saugen, um sehr dichte Produkte zu spr\u00fchen oder zu \u00fcbertragen<\/p>\n","protected":false},"featured_media":5835,"template":"","meta":[],"product_brand":[],"product_cat":[475],"product_tag":[478],"class_list":{"0":"post-3482","1":"product","2":"type-product","3":"status-publish","4":"has-post-thumbnail","6":"product_cat-pneumatische-pumpen","7":"product_tag-aufbau","9":"first","10":"instock","11":"shipping-taxable","12":"product-type-simple"},"_links":{"self":[{"href":"https:\/\/digital4d.net\/masterspray\/wp-json\/wp\/v2\/product\/3482","targetHints":{"allow":["GET"]}}],"collection":[{"href":"https:\/\/digital4d.net\/masterspray\/wp-json\/wp\/v2\/product"}],"about":[{"href":"https:\/\/digital4d.net\/masterspray\/wp-json\/wp\/v2\/types\/product"}],"wp:featuredmedia":[{"embeddable":true,"href":"https:\/\/digital4d.net\/masterspray\/wp-json\/wp\/v2\/media\/5835"}],"wp:attachment":[{"href":"https:\/\/digital4d.net\/masterspray\/wp-json\/wp\/v2\/media?parent=3482"}],"wp:term":[{"taxonomy":"product_brand","embeddable":true,"href":"https:\/\/digital4d.net\/masterspray\/wp-json\/wp\/v2\/product_brand?post=3482"},{"taxonomy":"product_cat","embeddable":true,"href":"https:\/\/digital4d.net\/masterspray\/wp-json\/wp\/v2\/product_cat?post=3482"},{"taxonomy":"product_tag","embeddable":true,"href":"https:\/\/digital4d.net\/masterspray\/wp-json\/wp\/v2\/product_tag?post=3482"}],"curies":[{"name":"wp","href":"https:\/\/api.w.org\/{rel}","templated":true}]}}