{"id":3539,"date":"2019-01-29T15:43:14","date_gmt":"2019-01-29T14:43:14","guid":{"rendered":"https:\/\/digital4d.net\/masterspray\/prodotto\/argon-40-l\/"},"modified":"2021-11-22T14:29:38","modified_gmt":"2021-11-22T13:29:38","slug":"argon-40-l","status":"publish","type":"product","link":"https:\/\/digital4d.net\/masterspray\/prodotto\/argon-40-l\/?lang=es","title":{"rendered":"ARGON 40 L"},"content":{"rendered":"<p>Es una bomba neum\u00e1tica de pist\u00f3n con motor neum\u00e1tico de inversi\u00f3n volum\u00e9trica r\u00e1pida que permite una ca\u00edda de presi\u00f3n muy baja en caso de inversi\u00f3n y el sistema de ajuste simult\u00e1neo de los paquetes de juntas. El ajuste simult\u00e1neo de los paquetes en relaci\u00f3n al desgaste permite una mayor vida \u00fatil y sobre todo un mejor rendimiento del equipo. El pist\u00f3n producido tiene un tratamiento de cromo duro y todas las partes en contacto con el producto en acero inoxidable y carburo de tungsteno.<\/p>\n<p>ARGON 40 ha sido dise\u00f1ado para aspirar directamente de bidones de 200 litros para pulverizar o trasvasar productos muy densos<\/p>\n<h3>Aplicaciones<\/h3>\n<p>Alcohol, antirruido, adhesivos, detergentes, desmoldeantes, epoxis, grasas, grasas vegetales, pinturas a base de agua, tintas, lubricantes, masillas, aceites, selladores, disolventes, tintes, selladores, pinturas, pinturas a base de aceite, pinturas acr\u00edlicas , etc &#8230;<\/p>\n<h3>Campos de aplicaci\u00f3n<\/h3>\n<p><span class=\"VIiyi\" lang=\"es\"><span class=\"JLqJ4b ChMk0b\" data-language-for-alternatives=\"es\" data-language-to-translate-into=\"it\" data-phrase-index=\"24\">Reformas \u2022 Construcciones Industriales \u2022 Pintura<\/span><\/span><\/p>\n<p>&nbsp;<\/p>\n","protected":false},"excerpt":{"rendered":"<p>Es un equipo airless de pist\u00f3n neum\u00e1tico con una relaci\u00f3n de compresi\u00f3n de 40: 1. Este equipo de gran capacidad tambi\u00e9n puede aspirar productos espesos o tixotr\u00f3picos. ARGON 40 L ha sido dise\u00f1ado para aspirar directamente de bidones de 200 l para pulverizar o trasvasar productos muy densos<\/p>\n","protected":false},"featured_media":5837,"template":"","meta":[],"product_brand":[],"product_cat":[477],"product_tag":[480],"class_list":{"0":"post-3539","1":"product","2":"type-product","3":"status-publish","4":"has-post-thumbnail","6":"product_cat-bombas-neumaticas","7":"product_tag-construccion","9":"first","10":"instock","11":"shipping-taxable","12":"product-type-simple"},"_links":{"self":[{"href":"https:\/\/digital4d.net\/masterspray\/wp-json\/wp\/v2\/product\/3539","targetHints":{"allow":["GET"]}}],"collection":[{"href":"https:\/\/digital4d.net\/masterspray\/wp-json\/wp\/v2\/product"}],"about":[{"href":"https:\/\/digital4d.net\/masterspray\/wp-json\/wp\/v2\/types\/product"}],"wp:featuredmedia":[{"embeddable":true,"href":"https:\/\/digital4d.net\/masterspray\/wp-json\/wp\/v2\/media\/5837"}],"wp:attachment":[{"href":"https:\/\/digital4d.net\/masterspray\/wp-json\/wp\/v2\/media?parent=3539"}],"wp:term":[{"taxonomy":"product_brand","embeddable":true,"href":"https:\/\/digital4d.net\/masterspray\/wp-json\/wp\/v2\/product_brand?post=3539"},{"taxonomy":"product_cat","embeddable":true,"href":"https:\/\/digital4d.net\/masterspray\/wp-json\/wp\/v2\/product_cat?post=3539"},{"taxonomy":"product_tag","embeddable":true,"href":"https:\/\/digital4d.net\/masterspray\/wp-json\/wp\/v2\/product_tag?post=3539"}],"curies":[{"name":"wp","href":"https:\/\/api.w.org\/{rel}","templated":true}]}}