{"id":3602,"date":"2019-01-29T15:43:12","date_gmt":"2019-01-29T14:43:12","guid":{"rendered":"https:\/\/digital4d.net\/masterspray\/prodotto\/argon-30\/"},"modified":"2021-11-22T15:10:57","modified_gmt":"2021-11-22T14:10:57","slug":"argon-30","status":"publish","type":"product","link":"https:\/\/digital4d.net\/masterspray\/prodotto\/argon-30\/?lang=es","title":{"rendered":"ARGON 30"},"content":{"rendered":"<p>Es una bomba neum\u00e1tica de pist\u00f3n con motor neum\u00e1tico de inversi\u00f3n volum\u00e9trica r\u00e1pida que permite una ca\u00edda de presi\u00f3n muy baja en caso de inversi\u00f3n y el sistema de ajuste simult\u00e1neo de los paquetes de juntas. El ajuste simult\u00e1neo de los paquetes en relaci\u00f3n al desgaste permite una mayor vida \u00fatil y sobre todo un mejor rendimiento del equipo. El pist\u00f3n producido tiene un tratamiento de cromo duro y todas las partes en contacto con el producto en acero inoxidable y carburo de tungsteno.<\/p>\n<p>El equipo, debidamente equipado, puede funcionar tanto en airless como en aircombi.<\/p>\n<h3>Aplicaciones<\/h3>\n<p>Alcohol, antirruido, adhesivos, detergentes, desmoldeantes, epoxis, grasas, grasas vegetales, pinturas a base de agua, tintas, lubricantes, masillas, aceites, selladores, disolventes, tintes, selladores, pinturas, pinturas a base de aceite, pinturas acr\u00edlicas , etc &#8230;<\/p>\n<h3>Campos de aplicaci\u00f3n<\/h3>\n<p>\u2022 Carpinter\u00eda \u2022 Ebanister\u00eda \u2022 Ferrocarriles \u2022 Industria automotriz \u2022 Industria de la construcci\u00f3n \u2022 Industria mec\u00e1nica \u2022 Industria naval \u2022 Inyecci\u00f3n<\/p>\n<p>&nbsp;<\/p>\n","protected":false},"excerpt":{"rendered":"<p>Es un equipo airless de pist\u00f3n neum\u00e1tico con una relaci\u00f3n de compresi\u00f3n de 30: 1. ARGON 30 ha sido dise\u00f1ado para las necesidades de industrias medianas, para artesanos, carpinter\u00eda, ebanister\u00eda, ferrocarriles, industria automotriz, industria de la construcci\u00f3n, industria mec\u00e1nica, industria de construcci\u00f3n naval.<\/p>\n","protected":false},"featured_media":6086,"template":"","meta":[],"product_brand":[],"product_cat":[477],"product_tag":[494,501,481],"class_list":{"0":"post-3602","1":"product","2":"type-product","3":"status-publish","4":"has-post-thumbnail","6":"product_cat-bombas-neumaticas","7":"product_tag-acabado","8":"product_tag-industria-es","9":"product_tag-iniezione-es","11":"first","12":"instock","13":"shipping-taxable","14":"product-type-simple"},"_links":{"self":[{"href":"https:\/\/digital4d.net\/masterspray\/wp-json\/wp\/v2\/product\/3602","targetHints":{"allow":["GET"]}}],"collection":[{"href":"https:\/\/digital4d.net\/masterspray\/wp-json\/wp\/v2\/product"}],"about":[{"href":"https:\/\/digital4d.net\/masterspray\/wp-json\/wp\/v2\/types\/product"}],"wp:featuredmedia":[{"embeddable":true,"href":"https:\/\/digital4d.net\/masterspray\/wp-json\/wp\/v2\/media\/6086"}],"wp:attachment":[{"href":"https:\/\/digital4d.net\/masterspray\/wp-json\/wp\/v2\/media?parent=3602"}],"wp:term":[{"taxonomy":"product_brand","embeddable":true,"href":"https:\/\/digital4d.net\/masterspray\/wp-json\/wp\/v2\/product_brand?post=3602"},{"taxonomy":"product_cat","embeddable":true,"href":"https:\/\/digital4d.net\/masterspray\/wp-json\/wp\/v2\/product_cat?post=3602"},{"taxonomy":"product_tag","embeddable":true,"href":"https:\/\/digital4d.net\/masterspray\/wp-json\/wp\/v2\/product_tag?post=3602"}],"curies":[{"name":"wp","href":"https:\/\/api.w.org\/{rel}","templated":true}]}}