{"id":3607,"date":"2019-01-29T15:43:12","date_gmt":"2019-01-29T14:43:12","guid":{"rendered":"https:\/\/digital4d.net\/masterspray\/prodotto\/argon-48\/"},"modified":"2021-11-22T15:14:23","modified_gmt":"2021-11-22T14:14:23","slug":"argon-48","status":"publish","type":"product","link":"https:\/\/digital4d.net\/masterspray\/prodotto\/argon-48\/?lang=es","title":{"rendered":"ARGON 48"},"content":{"rendered":"<p>ARGON 48 tiene un motor neum\u00e1tico con inversi\u00f3n volum\u00e9trica r\u00e1pida que resulta en una presi\u00f3n muy baja en la inversi\u00f3n, el motor no tiene problemas de congelaci\u00f3n y requiere una lubricaci\u00f3n reducida. El producto del pist\u00f3n fue tratado con cromo duro y contactamos con el producto de acero inoxidable y carburo de tungsteno.<\/p>\n<p>Este equipo de gran capacidad tambi\u00e9n puede aspirar productos espesos o tixotr\u00f3picos. ARGON 48 fue adquirido para las necesidades de la industria mediana-grande, ebanister\u00eda, ebanister\u00eda, ferrocarriles, industria automotriz, construcci\u00f3n, industria mec\u00e1nica, industria naval.<\/p>\n<h3>Aplicaciones<\/h3>\n<p>Alcohol, antirruido, adhesivos, detergentes, desmoldeantes, epoxis, grasas, grasas vegetales, pinturas a base de agua, tintas, lubricantes, masillas, aceites, selladores, disolventes, tintes, selladores, pinturas, pinturas a base de aceite, pinturas acr\u00edlicas , etc &#8230;<\/p>\n<h3>Campos de aplicaci\u00f3n<\/h3>\n<p>\u2022 Carpinter\u00eda \u2022 Ebanister\u00eda \u2022 Ferrocarriles \u2022 Industria automotriz \u2022 Industria de la construcci\u00f3n \u2022 Industria mec\u00e1nica \u2022 Industria naval<\/p>\n<p>&nbsp;<\/p>\n","protected":false},"excerpt":{"rendered":"<p>Es un equipo neum\u00e1tico de pist\u00f3n airless de gran capacidad capaz de pulverizar productos densos o tixotr\u00f3picos. Es un equipo ideal para las necesidades de industrias medianas-grandes, carpinter\u00eda, ebanister\u00eda, ferrocarriles, industria automotriz, industria de la construcci\u00f3n, industria mec\u00e1nica, industria de construcci\u00f3n naval.<\/p>\n","protected":false},"featured_media":3609,"template":"","meta":[],"product_brand":[],"product_cat":[477],"product_tag":[501,481],"class_list":{"0":"post-3607","1":"product","2":"type-product","3":"status-publish","4":"has-post-thumbnail","6":"product_cat-bombas-neumaticas","7":"product_tag-industria-es","8":"product_tag-iniezione-es","10":"first","11":"instock","12":"shipping-taxable","13":"product-type-simple"},"_links":{"self":[{"href":"https:\/\/digital4d.net\/masterspray\/wp-json\/wp\/v2\/product\/3607","targetHints":{"allow":["GET"]}}],"collection":[{"href":"https:\/\/digital4d.net\/masterspray\/wp-json\/wp\/v2\/product"}],"about":[{"href":"https:\/\/digital4d.net\/masterspray\/wp-json\/wp\/v2\/types\/product"}],"wp:featuredmedia":[{"embeddable":true,"href":"https:\/\/digital4d.net\/masterspray\/wp-json\/wp\/v2\/media\/3609"}],"wp:attachment":[{"href":"https:\/\/digital4d.net\/masterspray\/wp-json\/wp\/v2\/media?parent=3607"}],"wp:term":[{"taxonomy":"product_brand","embeddable":true,"href":"https:\/\/digital4d.net\/masterspray\/wp-json\/wp\/v2\/product_brand?post=3607"},{"taxonomy":"product_cat","embeddable":true,"href":"https:\/\/digital4d.net\/masterspray\/wp-json\/wp\/v2\/product_cat?post=3607"},{"taxonomy":"product_tag","embeddable":true,"href":"https:\/\/digital4d.net\/masterspray\/wp-json\/wp\/v2\/product_tag?post=3607"}],"curies":[{"name":"wp","href":"https:\/\/api.w.org\/{rel}","templated":true}]}}