{"id":3713,"date":"2019-01-29T15:43:11","date_gmt":"2019-01-29T14:43:11","guid":{"rendered":"https:\/\/digital4d.net\/masterspray\/prodotto\/iron-15000\/"},"modified":"2021-11-22T16:35:02","modified_gmt":"2021-11-22T15:35:02","slug":"iron-15000","status":"publish","type":"product","link":"https:\/\/digital4d.net\/masterspray\/prodotto\/iron-15000\/?lang=fr","title":{"rendered":"IRON 15000"},"content":{"rendered":"<p>C&#8217;est un appareil \u00e9lectrique \u00e0 piston hydraulique qui fonctionne en airless. L&#8217;\u00e9quipement a un d\u00e9bit libre de 4,5 litres \/ min, id\u00e9al pour les travaux de peinture au pistolet de moyenne et grande envergure.<\/p>\n<p>Le moteur \u00e9lectrique qui commande la pompe hydraulique est en classe H, c&#8217;est-\u00e0-dire : la plus haute qualit\u00e9 et s\u00e9curit\u00e9. Il peut fonctionner m\u00eame dans des conditions difficiles et avec des temp\u00e9ratures ambiantes \u00e9lev\u00e9es. Un syst\u00e8me automatique coupe l&#8217;alimentation lorsque les limites de s\u00e9curit\u00e9 \u00e9lectrique sont sur le point d&#8217;\u00eatre d\u00e9pass\u00e9es. Toutes les pi\u00e8ces en contact avec le produit sont en acier inoxydable et carbure de tungst\u00e8ne pour assurer une plus grande s\u00e9curit\u00e9.<\/p>\n<p>L&#8217;\u00e9quipement standard comprend :<\/p>\n<ul>\n<li>\u00d8 tube HP 3\/8&#8243; &#8211; 10m<\/li>\n<li>Pistolet sans air<\/li>\n<li>Buse autonettoyante cpl.<\/li>\n<\/ul>\n<h3>Applications<\/h3>\n<p>Acrylique, antirouille, bitumineux, \u00e9lastom\u00e8res, \u00e9mulsions, fixateurs, appr\u00eats, enduits, peintures \u00e0 l&#8217;eau, ignifuges, imperm\u00e9abilisants, agents d&#8217;impr\u00e9gnation, encapsulants, enduits autolissants, enduits pr\u00e9m\u00e9lang\u00e9s, intumescents, isolants, laques, appr\u00eats, lissage agents, r\u00e9sines \u00e9poxy, enduits, enduits, peintures, etc.<\/p>\n<h3>Champs d\u2019application<\/h3>\n<p><span class=\"VIiyi\" lang=\"fr\"><span class=\"JLqJ4b ChMk0b\" data-language-for-alternatives=\"fr\" data-language-to-translate-into=\"it\" data-phrase-index=\"24\">Blanchiment \u00e0 la chaux int\u00e9rieur et ext\u00e9rieur \u2022 Pl\u00e2trerie \u2022 R\u00e9novations \u2022 Constructions industrielles \u2022 Peinture \u2022 etc.<\/span><\/span><\/p>\n<p>&nbsp;<\/p>\n","protected":false},"excerpt":{"rendered":"<p>C&#8217;est un \u00e9quipement airless hydraulique \u00e0 piston. Con\u00e7u pour pulv\u00e9riser tous les produits thixotropes en construction. Gr\u00e2ce \u00e0 l&#8217;aspiration directe, l&#8217;\u00e9quipement est capable de pulv\u00e9riser des produits denses.<\/p>\n","protected":false},"featured_media":3691,"template":"","meta":[],"product_brand":[],"product_cat":[466],"product_tag":[483],"class_list":{"0":"post-3713","1":"product","2":"type-product","3":"status-publish","4":"has-post-thumbnail","6":"product_cat-pompes-airless-hydrauliques-a-pistons","7":"product_tag-batiment","9":"first","10":"instock","11":"shipping-taxable","12":"product-type-simple"},"_links":{"self":[{"href":"https:\/\/digital4d.net\/masterspray\/wp-json\/wp\/v2\/product\/3713","targetHints":{"allow":["GET"]}}],"collection":[{"href":"https:\/\/digital4d.net\/masterspray\/wp-json\/wp\/v2\/product"}],"about":[{"href":"https:\/\/digital4d.net\/masterspray\/wp-json\/wp\/v2\/types\/product"}],"wp:featuredmedia":[{"embeddable":true,"href":"https:\/\/digital4d.net\/masterspray\/wp-json\/wp\/v2\/media\/3691"}],"wp:attachment":[{"href":"https:\/\/digital4d.net\/masterspray\/wp-json\/wp\/v2\/media?parent=3713"}],"wp:term":[{"taxonomy":"product_brand","embeddable":true,"href":"https:\/\/digital4d.net\/masterspray\/wp-json\/wp\/v2\/product_brand?post=3713"},{"taxonomy":"product_cat","embeddable":true,"href":"https:\/\/digital4d.net\/masterspray\/wp-json\/wp\/v2\/product_cat?post=3713"},{"taxonomy":"product_tag","embeddable":true,"href":"https:\/\/digital4d.net\/masterspray\/wp-json\/wp\/v2\/product_tag?post=3713"}],"curies":[{"name":"wp","href":"https:\/\/api.w.org\/{rel}","templated":true}]}}