{"id":3723,"date":"2019-01-29T15:43:11","date_gmt":"2019-01-29T14:43:11","guid":{"rendered":"https:\/\/digital4d.net\/masterspray\/prodotto\/iron-15000\/"},"modified":"2021-11-22T16:53:34","modified_gmt":"2021-11-22T15:53:34","slug":"iron-15000","status":"publish","type":"product","link":"https:\/\/digital4d.net\/masterspray\/prodotto\/iron-15000\/?lang=de","title":{"rendered":"IRON 15000"},"content":{"rendered":"<p>Es ist ein elektrisches hydraulisches Kolbenger\u00e4t, das im Airless arbeitet. Das Ger\u00e4t hat eine freie Durchflussmenge von 4,5 ltr\/min, ideal f\u00fcr mittlere und gro\u00dfe Lackierarbeiten.<\/p>\n<p>Der Elektromotor, der die Hydraulikpumpe steuert, ist Klasse H, das hei\u00dft: h\u00f6chste Qualit\u00e4t und Sicherheit. Es kann auch unter rauen Bedingungen und bei hohen Umgebungstemperaturen arbeiten. Ein automatisches System unterbricht den Strom, wenn die elektrischen Sicherheitsgrenzen \u00fcberschritten werden. Alle produktber\u00fchrenden Teile sind aus Edelstahl und Wolframkarbid, um mehr Sicherheit zu gew\u00e4hrleisten.<\/p>\n<p>Die Standardausstattung beinhaltet:<\/p>\n<ul>\n<li>Schlauch HP dia. 3\/8&#8243; &#8211; mt. 10<\/li>\n<li>Airless-Pistole<\/li>\n<li>D\u00fcse kpl.<\/li>\n<\/ul>\n<h3>Anwendungen<\/h3>\n<p>Acryl, Rostschutz, Bitumen, Elastomere, Emulsionen, Fixiermittel, Grundierungen, Putze, Wasserlacke, Brandschutzmittel, Abdichtungen, Impr\u00e4gniermittel, Vergussmassen, Verlaufspachtel, Fertigputze, Intumeszenzmittel, Isolatoren, Lacke, Grundierungen, Gl\u00e4ttung Mittel, Epoxidharze, F\u00fcllstoffe, F\u00fcllstoffe, Farben usw.<\/p>\n<h3>Anwendungsgebiete<\/h3>\n<p>Innen- und Au\u00dfenanstrich \u2022 Malerarbeiten \u2022 Renovierungen \u2022 Industriebauten \u2022 Malerarbeiten \u2022 etc.<\/p>\n<p>&nbsp;<\/p>\n","protected":false},"excerpt":{"rendered":"<p>Es ist ein kolbenhydraulisches Airless-Ger\u00e4t. Entwickelt zum Spritzen aller thixotropen Produkte im Bauwesen. Dank der direkten Absaugung ist das Ger\u00e4t in der Lage, dichte Produkte zu verspr\u00fchen.<\/p>\n","protected":false},"featured_media":3692,"template":"","meta":[],"product_brand":[],"product_cat":[467],"product_tag":[478],"class_list":{"0":"post-3723","1":"product","2":"type-product","3":"status-publish","4":"has-post-thumbnail","6":"product_cat-airless-hydraulische-kolbenpumpen","7":"product_tag-aufbau","9":"first","10":"instock","11":"shipping-taxable","12":"product-type-simple"},"_links":{"self":[{"href":"https:\/\/digital4d.net\/masterspray\/wp-json\/wp\/v2\/product\/3723","targetHints":{"allow":["GET"]}}],"collection":[{"href":"https:\/\/digital4d.net\/masterspray\/wp-json\/wp\/v2\/product"}],"about":[{"href":"https:\/\/digital4d.net\/masterspray\/wp-json\/wp\/v2\/types\/product"}],"wp:featuredmedia":[{"embeddable":true,"href":"https:\/\/digital4d.net\/masterspray\/wp-json\/wp\/v2\/media\/3692"}],"wp:attachment":[{"href":"https:\/\/digital4d.net\/masterspray\/wp-json\/wp\/v2\/media?parent=3723"}],"wp:term":[{"taxonomy":"product_brand","embeddable":true,"href":"https:\/\/digital4d.net\/masterspray\/wp-json\/wp\/v2\/product_brand?post=3723"},{"taxonomy":"product_cat","embeddable":true,"href":"https:\/\/digital4d.net\/masterspray\/wp-json\/wp\/v2\/product_cat?post=3723"},{"taxonomy":"product_tag","embeddable":true,"href":"https:\/\/digital4d.net\/masterspray\/wp-json\/wp\/v2\/product_tag?post=3723"}],"curies":[{"name":"wp","href":"https:\/\/api.w.org\/{rel}","templated":true}]}}