{"id":3725,"date":"2019-01-29T15:43:11","date_gmt":"2019-01-29T14:43:11","guid":{"rendered":"https:\/\/digital4d.net\/masterspray\/prodotto\/iron-21000\/"},"modified":"2021-11-22T17:00:38","modified_gmt":"2021-11-22T16:00:38","slug":"iron-21000","status":"publish","type":"product","link":"https:\/\/digital4d.net\/masterspray\/prodotto\/iron-21000\/?lang=de","title":{"rendered":"IRON 21000"},"content":{"rendered":"<p>E&#8217; un&#8217;apparecchiatura elettrica idraulica a pistone che lavora in airless. IRON 21000 ha una portata libera di 6,5 ltr\/min, l&#8217;ideale per medi e grandi lavori di verniciatura a spruzzo.<\/p>\n<p>Il motore elettrico che comanda la pompa idraulica \u00e9 in classe H, vale a dire: il massimo della qualit\u00e0 e della sicurezza. Pu\u00f2 lavorare anche in condizioni gravose e con alte temperature ambientali. Un sistema automatico interrompe la corrente quando i limiti di sicurezza elettrici stanno per essere superati. Tutte le parti in contatto con il prodotto sono in acciaio inox e carburo di tungsteno per garantire una maggior sicurezza.<\/p>\n<p>Il set-up standard dell&#8217;apparecchiatura include:<\/p>\n<ul>\n<li>Tubo HP dia. 3\/8&#8243; &#8211; mt. 10<\/li>\n<li>Pistola Airless<\/li>\n<li>Ugello Autopulitore cpl.<\/li>\n<\/ul>\n<h3>Applicazioni<\/h3>\n<p>Acrilico, antiruggine, bituminosi, elastomeri, emulsioni, fissativi, fondi, gessi, idropitture, ignifughi, impermeabilizzanti, impregnanti, incapsulanti, intonaci autolivellanti, intonaci premiscelati, intumescenti, isolanti, lacche, primer, rasanti, resine epossidiche, riempitivi, smalti, stucchi, vernici, ecc.<\/p>\n<h3>Campi d&#8217;applicazione<\/h3>\n<p>Imbiancature Interne ed Esterne \u2022 Intonacature \u2022 Ristrutturazioni \u2022 Costruzioni Industriali \u2022 Verniciatura \u2022 Verniciatura tetti \u2022 Impermeabilizzazioni<\/p>\n<p>&nbsp;<\/p>\n","protected":false},"excerpt":{"rendered":"<p>Es ist ein kolbenhydraulisches Airless-Ger\u00e4t. Entwickelt zum Spritzen aller thixotropen Produkte im Bauwesen. Dank der direkten Absaugung ist das Ger\u00e4t in der Lage, dichte Produkte zu verspr\u00fchen.<\/p>\n","protected":false},"featured_media":3692,"template":"","meta":[],"product_brand":[],"product_cat":[467,507],"product_tag":[478],"class_list":{"0":"post-3725","1":"product","2":"type-product","3":"status-publish","4":"has-post-thumbnail","6":"product_cat-airless-hydraulische-kolbenpumpen","7":"product_cat-senza-categoria-de","8":"product_tag-aufbau","10":"first","11":"instock","12":"shipping-taxable","13":"product-type-simple"},"_links":{"self":[{"href":"https:\/\/digital4d.net\/masterspray\/wp-json\/wp\/v2\/product\/3725","targetHints":{"allow":["GET"]}}],"collection":[{"href":"https:\/\/digital4d.net\/masterspray\/wp-json\/wp\/v2\/product"}],"about":[{"href":"https:\/\/digital4d.net\/masterspray\/wp-json\/wp\/v2\/types\/product"}],"wp:featuredmedia":[{"embeddable":true,"href":"https:\/\/digital4d.net\/masterspray\/wp-json\/wp\/v2\/media\/3692"}],"wp:attachment":[{"href":"https:\/\/digital4d.net\/masterspray\/wp-json\/wp\/v2\/media?parent=3725"}],"wp:term":[{"taxonomy":"product_brand","embeddable":true,"href":"https:\/\/digital4d.net\/masterspray\/wp-json\/wp\/v2\/product_brand?post=3725"},{"taxonomy":"product_cat","embeddable":true,"href":"https:\/\/digital4d.net\/masterspray\/wp-json\/wp\/v2\/product_cat?post=3725"},{"taxonomy":"product_tag","embeddable":true,"href":"https:\/\/digital4d.net\/masterspray\/wp-json\/wp\/v2\/product_tag?post=3725"}],"curies":[{"name":"wp","href":"https:\/\/api.w.org\/{rel}","templated":true}]}}