{"id":3926,"date":"2021-05-24T11:32:17","date_gmt":"2021-05-24T09:32:17","guid":{"rendered":"https:\/\/digital4d.net\/masterspray\/prodotto\/agitateur-pneumatique-9\/"},"modified":"2021-05-24T11:32:17","modified_gmt":"2021-05-24T09:32:17","slug":"agitateur-pneumatique-9","status":"publish","type":"product","link":"https:\/\/digital4d.net\/masterspray\/prodotto\/agitateur-pneumatique-9\/?lang=fr","title":{"rendered":"Agitateur pneumatique"},"content":{"rendered":"","protected":false},"excerpt":{"rendered":"<table style=\"width: 97.7527%; border-style: solid; border-color: #c2c2c2; height: 53px;\" border=\"0\" cellspacing=\"1\">\n<thead>\n<tr style=\"height: 23px; background-color: #d9d9d9; border-bottom: 1px solid;\">\n<th style=\"width: 15.4773%; height: 23px; border-color: #000000; border-style: none;\" scope=\"row\"><strong>REF<\/strong><\/th>\n<th style=\"width: 69.5228%; height: 23px; border-color: #000000; border-style: none;\" scope=\"row\"><strong>DESCRIPTION<\/strong><\/th>\n<\/tr>\n<\/thead>\n<tbody>\n<tr style=\"height: 23px; border-bottom: 1px solid; border-color: #d4d4d4;\">\n<td style=\"width: 15.4773%; height: 20px;\">MS80200<\/td>\n<td style=\"width: 69.5228%; height: 20px;\">Agitateur pneumatique \u00e0 vitesse variable mont\u00e9 sur couvercle pour r\u00e9cipients<\/td>\n<\/tr>\n<tr style=\"height: 23px; border-bottom: 1px solid; border-color: #d4d4d4;\">\n<td style=\"width: 15.4773%; height: 10px;\">MS80200-A<\/td>\n<td style=\"width: 69.5228%; height: 10px;\">Agitateur pneumatique \u00e0 vitesse variable mont\u00e9 sur couvercle pour r\u00e9cipients<\/td>\n<\/tr>\n<\/tbody>\n<\/table>\n<p>&nbsp;<\/p>\n","protected":false},"featured_media":3927,"template":"","meta":[],"product_brand":[],"product_cat":[271],"product_tag":[],"class_list":{"0":"post-3926","1":"product","2":"type-product","3":"status-publish","4":"has-post-thumbnail","6":"product_cat-agitateurs-et-melangeurs","8":"first","9":"instock","10":"shipping-taxable","11":"product-type-simple"},"_links":{"self":[{"href":"https:\/\/digital4d.net\/masterspray\/wp-json\/wp\/v2\/product\/3926","targetHints":{"allow":["GET"]}}],"collection":[{"href":"https:\/\/digital4d.net\/masterspray\/wp-json\/wp\/v2\/product"}],"about":[{"href":"https:\/\/digital4d.net\/masterspray\/wp-json\/wp\/v2\/types\/product"}],"wp:featuredmedia":[{"embeddable":true,"href":"https:\/\/digital4d.net\/masterspray\/wp-json\/wp\/v2\/media\/3927"}],"wp:attachment":[{"href":"https:\/\/digital4d.net\/masterspray\/wp-json\/wp\/v2\/media?parent=3926"}],"wp:term":[{"taxonomy":"product_brand","embeddable":true,"href":"https:\/\/digital4d.net\/masterspray\/wp-json\/wp\/v2\/product_brand?post=3926"},{"taxonomy":"product_cat","embeddable":true,"href":"https:\/\/digital4d.net\/masterspray\/wp-json\/wp\/v2\/product_cat?post=3926"},{"taxonomy":"product_tag","embeddable":true,"href":"https:\/\/digital4d.net\/masterspray\/wp-json\/wp\/v2\/product_tag?post=3926"}],"curies":[{"name":"wp","href":"https:\/\/api.w.org\/{rel}","templated":true}]}}