{"id":3945,"date":"2021-05-24T11:49:55","date_gmt":"2021-05-24T09:49:55","guid":{"rendered":"https:\/\/digital4d.net\/masterspray\/prodotto\/pneumatischer-ruehre-8\/"},"modified":"2021-05-24T11:49:55","modified_gmt":"2021-05-24T09:49:55","slug":"pneumatischer-ruehre-8","status":"publish","type":"product","link":"https:\/\/digital4d.net\/masterspray\/prodotto\/pneumatischer-ruehre-8\/?lang=de","title":{"rendered":"Pneumatischer R\u00fchre"},"content":{"rendered":"","protected":false},"excerpt":{"rendered":"<table style=\"width: 97.7527%; border-style: solid; border-color: #c2c2c2; height: 33px;\" border=\"0\" cellspacing=\"1\">\n<thead>\n<tr style=\"height: 23px; background-color: #d9d9d9; border-bottom: 1px solid;\">\n<th style=\"width: 15.4773%; height: 23px; border-color: #000000; border-style: none;\" scope=\"row\"><strong>REF<\/strong><\/th>\n<th style=\"width: 69.5228%; height: 23px; border-color: #000000; border-style: none;\" scope=\"row\"><strong>BEZEICHNUNG<\/strong><\/th>\n<\/tr>\n<\/thead>\n<tbody>\n<tr style=\"height: 23px; border-bottom: 1px solid; border-color: #d4d4d4;\">\n<td style=\"width: 15.4773%; height: 10px;\">MS1AM25<\/td>\n<td style=\"width: 69.5228%; height: 10px;\">Pneumatischer R\u00fchrer mit variabler Geschwindigkeit, montiert auf einem Deckel f\u00fcr Beh\u00e4lter 25 lt.<\/td>\n<\/tr>\n<\/tbody>\n<\/table>\n<p>&nbsp;<\/p>\n","protected":false},"featured_media":3946,"template":"","meta":[],"product_brand":[],"product_cat":[273],"product_tag":[],"class_list":{"0":"post-3945","1":"product","2":"type-product","3":"status-publish","4":"has-post-thumbnail","6":"product_cat-ruehrer-und-mischer","8":"first","9":"instock","10":"shipping-taxable","11":"product-type-simple"},"_links":{"self":[{"href":"https:\/\/digital4d.net\/masterspray\/wp-json\/wp\/v2\/product\/3945","targetHints":{"allow":["GET"]}}],"collection":[{"href":"https:\/\/digital4d.net\/masterspray\/wp-json\/wp\/v2\/product"}],"about":[{"href":"https:\/\/digital4d.net\/masterspray\/wp-json\/wp\/v2\/types\/product"}],"wp:featuredmedia":[{"embeddable":true,"href":"https:\/\/digital4d.net\/masterspray\/wp-json\/wp\/v2\/media\/3946"}],"wp:attachment":[{"href":"https:\/\/digital4d.net\/masterspray\/wp-json\/wp\/v2\/media?parent=3945"}],"wp:term":[{"taxonomy":"product_brand","embeddable":true,"href":"https:\/\/digital4d.net\/masterspray\/wp-json\/wp\/v2\/product_brand?post=3945"},{"taxonomy":"product_cat","embeddable":true,"href":"https:\/\/digital4d.net\/masterspray\/wp-json\/wp\/v2\/product_cat?post=3945"},{"taxonomy":"product_tag","embeddable":true,"href":"https:\/\/digital4d.net\/masterspray\/wp-json\/wp\/v2\/product_tag?post=3945"}],"curies":[{"name":"wp","href":"https:\/\/api.w.org\/{rel}","templated":true}]}}