{"id":5492,"date":"2019-01-29T15:43:13","date_gmt":"2019-01-29T14:43:13","guid":{"rendered":"https:\/\/digital4d.net\/masterspray\/prodotto\/opal-pneus-mini\/"},"modified":"2019-01-29T15:43:13","modified_gmt":"2019-01-29T14:43:13","slug":"opal-pneus-mini","status":"publish","type":"product","link":"https:\/\/digital4d.net\/masterspray\/prodotto\/opal-pneus-mini\/?lang=fr","title":{"rendered":"OPAL PNEUS MINI"},"content":{"rendered":"<p>Le pistolet OPAL PNEUS MINI est disponible dans la gamme des pistolets pour la pulv\u00e9risation \u00e0 l&#8217;int\u00e9rieur des tuyaux, dans les cas o\u00f9 il est n\u00e9cessaire de pulv\u00e9riser des tuyaux de diam\u00e8tre inf\u00e9rieur. Ce pistolet airless est capable de pulv\u00e9riser l&#8217;int\u00e9rieur de tuyaux d&#8217;un diam\u00e8tre minimum de 30 mm jusqu&#8217;\u00e0 un maximum de 250 mm. Pistolet simple et pratique.<\/p>\n<h3>Performance<\/h3>\n<p>&nbsp;<\/p>\n<table style=\"text-align: left; width: 500px; height: 50px;\" border=\"0\">\n<tbody>\n<tr>\n<td style=\"background-color: #dcdcdc; width: 539px;\">Diam\u00e8tre int\u00e9rieur min.\u00a0 \u00a0mm<\/td>\n<td style=\"background-color: #dcdcdc; width: 323px;\" colspan=\"1\" rowspan=\"1\">30<\/td>\n<\/tr>\n<tr>\n<td style=\"width: 539px;\">Diam\u00e8tre int\u00e9rieur max. \u00a0 \u00a0mm<\/td>\n<td style=\"width: 323px;\" colspan=\"1\" rowspan=\"1\">250<\/td>\n<\/tr>\n<tr>\n<td style=\"background-color: #dcdcdc; width: 539px;\">Manchon (standard)<span style=\"font-style: italic;\">Sur demande<\/span><\/td>\n<td style=\"background-color: #dcdcdc; width: 323px;\" colspan=\"1\" rowspan=\"1\">11\/16&#8243;<span style=\"font-style: italic;\">7\/8&#8243;<\/span><\/td>\n<\/tr>\n<tr>\n<td style=\"width: 539px;\">Raccord d&#8217;entr\u00e9e de mat\u00e9riau (standard)<span style=\"font-style: italic;\">Sur demande<\/span><\/td>\n<td style=\"width: 323px;\" colspan=\"1\" rowspan=\"1\">M16x1,5<span style=\"font-style: italic;\">1\/4&#8243; NPS\/BSP<\/span><\/td>\n<\/tr>\n<tr>\n<td style=\"background-color: #dcdcdc; width: 539px;\"><span style=\"font-style: italic;\">Une buse conique est n\u00e9cessaire<\/span><\/td>\n<td style=\"background-color: #dcdcdc; width: 323px;\" colspan=\"1\" rowspan=\"1\"><\/td>\n<\/tr>\n<\/tbody>\n<\/table>\n","protected":false},"excerpt":{"rendered":"<p>Syst\u00e8me de pulv\u00e9risation interne de tuyaux (PNEUS) d&#8217;un minimum de 30 mm jusqu&#8217;\u00e0 250 mm. (possibilit\u00e9 d&#8217;avoir des bras avec des longueurs personnalis\u00e9es)<\/p>\n","protected":false},"featured_media":5485,"template":"","meta":[],"product_brand":[],"product_cat":[446],"product_tag":[502],"class_list":{"0":"post-5492","1":"product","2":"type-product","3":"status-publish","4":"has-post-thumbnail","6":"product_cat-pistolets-airless","7":"product_tag-pistolets","9":"first","10":"instock","11":"shipping-taxable","12":"product-type-simple"},"_links":{"self":[{"href":"https:\/\/digital4d.net\/masterspray\/wp-json\/wp\/v2\/product\/5492","targetHints":{"allow":["GET"]}}],"collection":[{"href":"https:\/\/digital4d.net\/masterspray\/wp-json\/wp\/v2\/product"}],"about":[{"href":"https:\/\/digital4d.net\/masterspray\/wp-json\/wp\/v2\/types\/product"}],"wp:featuredmedia":[{"embeddable":true,"href":"https:\/\/digital4d.net\/masterspray\/wp-json\/wp\/v2\/media\/5485"}],"wp:attachment":[{"href":"https:\/\/digital4d.net\/masterspray\/wp-json\/wp\/v2\/media?parent=5492"}],"wp:term":[{"taxonomy":"product_brand","embeddable":true,"href":"https:\/\/digital4d.net\/masterspray\/wp-json\/wp\/v2\/product_brand?post=5492"},{"taxonomy":"product_cat","embeddable":true,"href":"https:\/\/digital4d.net\/masterspray\/wp-json\/wp\/v2\/product_cat?post=5492"},{"taxonomy":"product_tag","embeddable":true,"href":"https:\/\/digital4d.net\/masterspray\/wp-json\/wp\/v2\/product_tag?post=5492"}],"curies":[{"name":"wp","href":"https:\/\/api.w.org\/{rel}","templated":true}]}}