{"id":5506,"date":"2019-01-29T15:43:13","date_gmt":"2019-01-29T14:43:13","guid":{"rendered":"https:\/\/digital4d.net\/masterspray\/prodotto\/opal-pneus\/"},"modified":"2019-01-29T15:43:13","modified_gmt":"2019-01-29T14:43:13","slug":"opal-pneus","status":"publish","type":"product","link":"https:\/\/digital4d.net\/masterspray\/prodotto\/opal-pneus\/?lang=fr","title":{"rendered":"OPAL PNEUS"},"content":{"rendered":"<p>PNEUS est un pistolet airless professionnel \u00e0 commande automatique ou manuelle pour pulv\u00e9riser la surface interne des tuayux. Ce pistolet est capable de pulv\u00e9riser l&#8217;int\u00e9rieur de tuayux d&#8217;un diam\u00e8tre minimum de 250 mm. jusqu&#8217;\u00e0 un maximum de 750 mm. L&#8217;atomisation de la mati\u00e8re s&#8217;effectue par le syst\u00e8me airless (pression hydraulique) gr\u00e2ce \u00e0 une t\u00eate rotative pneumatique \u00e0 360\u00b0 (de 10 \u00e0 100 RPM). Une buse sans air est appliqu\u00e9e sur la t\u00eate rotative pneumatique. Gr\u00e2ce \u00e0 la commande pneumatique, il est possible de r\u00e9gler, en fonction des besoins de pulv\u00e9risation, la vitesse de rotation.<\/p>\n<h3>Performance<\/h3>\n<p>&nbsp;<\/p>\n<table style=\"text-align: left; width: 600px;\" border=\"0\">\n<tbody>\n<tr>\n<td style=\"background-color: #dcdcdc; width: 539px;\">Moteur<\/td>\n<td style=\"background-color: #dcdcdc; width: 323px;\" colspan=\"1\" rowspan=\"1\">Pneu<\/td>\n<\/tr>\n<tr>\n<td style=\"width: 539px;\">Puissance<\/td>\n<td style=\"width: 323px;\" colspan=\"1\" rowspan=\"1\">1\/4 HP<\/td>\n<\/tr>\n<tr>\n<td style=\"background-color: #dcdcdc; width: 539px;\">Max. RPM<\/td>\n<td style=\"background-color: #dcdcdc; width: 323px;\" colspan=\"1\" rowspan=\"1\">100<\/td>\n<\/tr>\n<tr>\n<td style=\"width: 539px;\">Diam\u00e8tre int\u00e9rieur min.\u00a0\u00a0\u00a0\u00a0\u00a0\u00a0 mm<\/td>\n<td style=\"width: 323px;\" colspan=\"1\" rowspan=\"1\">250<\/td>\n<\/tr>\n<tr>\n<td style=\"background-color: #dcdcdc; width: 539px;\">Diam\u00e8tre int\u00e9rieur max. \u00a0 \u00a0 \u00a0 mm<\/td>\n<td style=\"background-color: #dcdcdc; width: 323px;\" colspan=\"1\" rowspan=\"1\">750<\/td>\n<\/tr>\n<tr>\n<td style=\"width: 539px;\">Manchon (Standard)<\/p>\n<p><span style=\"font-style: italic;\">Sur demande<\/span><\/td>\n<td style=\"width: 323px;\" colspan=\"1\" rowspan=\"1\">11\/16&#8243;<\/p>\n<p><span style=\"font-style: italic;\">7\/8&#8243;<\/span><\/td>\n<\/tr>\n<tr>\n<td style=\"background-color: #dcdcdc; width: 539px;\">Raccord d&#8217;entr\u00e9e de mat\u00e9riau (standard)<\/p>\n<p><span style=\"font-style: italic;\">Sur demande<\/span><\/td>\n<td style=\"background-color: #dcdcdc; width: 323px;\" colspan=\"1\" rowspan=\"1\">M16x1,5<\/p>\n<p><span style=\"font-style: italic;\">1\/4&#8243; NPS\/BSP<\/span><\/td>\n<\/tr>\n<tr>\n<td style=\"width: 539px;\">Raccord d&#8217;entr\u00e9e d&#8217;air (standard)<\/td>\n<td style=\"width: 323px;\" colspan=\"1\" rowspan=\"1\">Adaptateur rapide<\/td>\n<\/tr>\n<\/tbody>\n<\/table>\n","protected":false},"excerpt":{"rendered":"<p>Syst\u00e8me de pulv\u00e9risation interne de tuyaux (PNEUS) d&#8217;un minimum de 250 cm jusqu&#8217;\u00e0 750 cm. (possibilit\u00e9 d&#8217;avoir des bras avec des longueurs personnalis\u00e9es)<\/p>\n<p><a href=\"https:\/\/www.youtube.com\/watch?v=GSe6cyNmNyU\"><img decoding=\"async\" class=\"alignnone wp-image-5500\" src=\"https:\/\/digital4d.net\/masterspray\/wp-content\/uploads\/2019\/01\/R-300x211.jpg\" alt=\"\" width=\"81\" height=\"57\" srcset=\"https:\/\/digital4d.net\/masterspray\/wp-content\/uploads\/2019\/01\/R-300x211.jpg 300w, https:\/\/digital4d.net\/masterspray\/wp-content\/uploads\/2019\/01\/R-1024x719.jpg 1024w, https:\/\/digital4d.net\/masterspray\/wp-content\/uploads\/2019\/01\/R-768x539.jpg 768w, https:\/\/digital4d.net\/masterspray\/wp-content\/uploads\/2019\/01\/R-1536x1079.jpg 1536w, https:\/\/digital4d.net\/masterspray\/wp-content\/uploads\/2019\/01\/R-2048x1439.jpg 2048w, https:\/\/digital4d.net\/masterspray\/wp-content\/uploads\/2019\/01\/R-400x284.jpg 400w, https:\/\/digital4d.net\/masterspray\/wp-content\/uploads\/2019\/01\/R-1080x759.jpg 1080w, https:\/\/digital4d.net\/masterspray\/wp-content\/uploads\/2019\/01\/R-1280x899.jpg 1280w, https:\/\/digital4d.net\/masterspray\/wp-content\/uploads\/2019\/01\/R-980x688.jpg 980w, https:\/\/digital4d.net\/masterspray\/wp-content\/uploads\/2019\/01\/R-480x337.jpg 480w, https:\/\/digital4d.net\/masterspray\/wp-content\/uploads\/2019\/01\/R-24x17.jpg 24w, https:\/\/digital4d.net\/masterspray\/wp-content\/uploads\/2019\/01\/R-36x25.jpg 36w, https:\/\/digital4d.net\/masterspray\/wp-content\/uploads\/2019\/01\/R-48x34.jpg 48w, https:\/\/digital4d.net\/masterspray\/wp-content\/uploads\/2019\/01\/R-600x421.jpg 600w\" sizes=\"(max-width: 81px) 100vw, 81px\" \/><\/a><\/p>\n","protected":false},"featured_media":5495,"template":"","meta":[],"product_brand":[],"product_cat":[446],"product_tag":[502],"class_list":{"0":"post-5506","1":"product","2":"type-product","3":"status-publish","4":"has-post-thumbnail","6":"product_cat-pistolets-airless","7":"product_tag-pistolets","9":"first","10":"instock","11":"shipping-taxable","12":"product-type-simple"},"_links":{"self":[{"href":"https:\/\/digital4d.net\/masterspray\/wp-json\/wp\/v2\/product\/5506","targetHints":{"allow":["GET"]}}],"collection":[{"href":"https:\/\/digital4d.net\/masterspray\/wp-json\/wp\/v2\/product"}],"about":[{"href":"https:\/\/digital4d.net\/masterspray\/wp-json\/wp\/v2\/types\/product"}],"wp:featuredmedia":[{"embeddable":true,"href":"https:\/\/digital4d.net\/masterspray\/wp-json\/wp\/v2\/media\/5495"}],"wp:attachment":[{"href":"https:\/\/digital4d.net\/masterspray\/wp-json\/wp\/v2\/media?parent=5506"}],"wp:term":[{"taxonomy":"product_brand","embeddable":true,"href":"https:\/\/digital4d.net\/masterspray\/wp-json\/wp\/v2\/product_brand?post=5506"},{"taxonomy":"product_cat","embeddable":true,"href":"https:\/\/digital4d.net\/masterspray\/wp-json\/wp\/v2\/product_cat?post=5506"},{"taxonomy":"product_tag","embeddable":true,"href":"https:\/\/digital4d.net\/masterspray\/wp-json\/wp\/v2\/product_tag?post=5506"}],"curies":[{"name":"wp","href":"https:\/\/api.w.org\/{rel}","templated":true}]}}