{"id":5507,"date":"2019-01-29T15:43:13","date_gmt":"2019-01-29T14:43:13","guid":{"rendered":"https:\/\/digital4d.net\/masterspray\/prodotto\/opal-pneus\/"},"modified":"2019-01-29T15:43:13","modified_gmt":"2019-01-29T14:43:13","slug":"opal-pneus","status":"publish","type":"product","link":"https:\/\/digital4d.net\/masterspray\/prodotto\/opal-pneus\/?lang=de","title":{"rendered":"OPAL PNEUS"},"content":{"rendered":"<p>PNEUS ist eine professionelle Airless-Pistole mit automatischer oder manueller Steuerung zum Bespr\u00fchen der Innenfl\u00e4che von Rohren. Diese Pistole kann die Innenseite von Rohren mit einem Mindestdurchmesser von 250 mm bespr\u00fchen. bis maximal 750 mm. Die Zerst\u00e4ubung des Materials erfolgt durch das Airless-System (hydraulischer Druck) dank eines um 360 \u00b0 drehbaren pneumatischen Kopfes (von 10 bis 100 U \/ min). Auf den pneumatischen Rotationskopf wird eine Airless-D\u00fcse aufgebracht. Durch die pneumatische Steuerung ist es m\u00f6glich, die Rotationsgeschwindigkeit entsprechend den Spritzanforderungen einzustellen.<\/p>\n<h3>Leistung<\/h3>\n<p>&nbsp;<\/p>\n<table style=\"text-align: left; width: 600px;\" border=\"0\">\n<tbody>\n<tr>\n<td style=\"background-color: #dcdcdc; width: 539px;\">Motor<\/td>\n<td style=\"background-color: #dcdcdc; width: 323px;\" colspan=\"1\" rowspan=\"1\">pneumatischer<\/td>\n<\/tr>\n<tr>\n<td style=\"width: 539px;\">Leistung<\/td>\n<td style=\"width: 323px;\" colspan=\"1\" rowspan=\"1\">1\/4 HP<\/td>\n<\/tr>\n<tr>\n<td style=\"background-color: #dcdcdc; width: 539px;\">Max. RPM<\/td>\n<td style=\"background-color: #dcdcdc; width: 323px;\" colspan=\"1\" rowspan=\"1\">100<\/td>\n<\/tr>\n<tr>\n<td style=\"width: 539px;\">Innendurchmesser Mindest. mm<\/td>\n<td style=\"width: 323px;\" colspan=\"1\" rowspan=\"1\">250<\/td>\n<\/tr>\n<tr>\n<td style=\"background-color: #dcdcdc; width: 539px;\">Innendurchmesser max. \u00a0 \u00a0 \u00a0 mm<\/td>\n<td style=\"background-color: #dcdcdc; width: 323px;\" colspan=\"1\" rowspan=\"1\">750<\/td>\n<\/tr>\n<tr>\n<td style=\"width: 539px;\">Diffuser (Standard)<\/p>\n<p><span style=\"font-style: italic;\">Auf Anfrage<\/span><\/td>\n<td style=\"width: 323px;\" colspan=\"1\" rowspan=\"1\">11\/16&#8243;<\/p>\n<p><span style=\"font-style: italic;\">7\/8&#8243;<\/span><\/td>\n<\/tr>\n<tr>\n<td style=\"background-color: #dcdcdc; width: 539px;\">Materialeinlassfitting (Standard)<span style=\"font-style: italic;\">Auf Anfrage<\/span><\/td>\n<td style=\"background-color: #dcdcdc; width: 323px;\" colspan=\"1\" rowspan=\"1\">M16x1,5<\/p>\n<p><span style=\"font-style: italic;\">1\/4&#8243; NPS\/BSP<\/span><\/td>\n<\/tr>\n<tr>\n<td style=\"width: 539px;\">Lufteinlassfitting (Standard)<\/td>\n<td style=\"width: 323px;\" colspan=\"1\" rowspan=\"1\">Schnelladapter<\/td>\n<\/tr>\n<\/tbody>\n<\/table>\n","protected":false},"excerpt":{"rendered":"<p>System zum Innenspritzen von Rohren (PNEUS) von mindestens 250 cm bis 750 cm. (M\u00f6glichkeit, Arme mit kundenspezifischen L\u00e4ngen zu haben)<\/p>\n<p><a href=\"https:\/\/www.youtube.com\/watch?v=GSe6cyNmNyU\"><img decoding=\"async\" class=\"alignnone wp-image-5500\" src=\"https:\/\/digital4d.net\/masterspray\/wp-content\/uploads\/2019\/01\/R-300x211.jpg\" alt=\"\" width=\"81\" height=\"57\" srcset=\"https:\/\/digital4d.net\/masterspray\/wp-content\/uploads\/2019\/01\/R-300x211.jpg 300w, https:\/\/digital4d.net\/masterspray\/wp-content\/uploads\/2019\/01\/R-1024x719.jpg 1024w, https:\/\/digital4d.net\/masterspray\/wp-content\/uploads\/2019\/01\/R-768x539.jpg 768w, https:\/\/digital4d.net\/masterspray\/wp-content\/uploads\/2019\/01\/R-1536x1079.jpg 1536w, https:\/\/digital4d.net\/masterspray\/wp-content\/uploads\/2019\/01\/R-2048x1439.jpg 2048w, https:\/\/digital4d.net\/masterspray\/wp-content\/uploads\/2019\/01\/R-400x284.jpg 400w, https:\/\/digital4d.net\/masterspray\/wp-content\/uploads\/2019\/01\/R-1080x759.jpg 1080w, https:\/\/digital4d.net\/masterspray\/wp-content\/uploads\/2019\/01\/R-1280x899.jpg 1280w, https:\/\/digital4d.net\/masterspray\/wp-content\/uploads\/2019\/01\/R-980x688.jpg 980w, https:\/\/digital4d.net\/masterspray\/wp-content\/uploads\/2019\/01\/R-480x337.jpg 480w, https:\/\/digital4d.net\/masterspray\/wp-content\/uploads\/2019\/01\/R-24x17.jpg 24w, https:\/\/digital4d.net\/masterspray\/wp-content\/uploads\/2019\/01\/R-36x25.jpg 36w, https:\/\/digital4d.net\/masterspray\/wp-content\/uploads\/2019\/01\/R-48x34.jpg 48w, https:\/\/digital4d.net\/masterspray\/wp-content\/uploads\/2019\/01\/R-600x421.jpg 600w\" sizes=\"(max-width: 81px) 100vw, 81px\" \/><\/a><\/p>\n","protected":false},"featured_media":5496,"template":"","meta":[],"product_brand":[],"product_cat":[449],"product_tag":[503],"class_list":{"0":"post-5507","1":"product","2":"type-product","3":"status-publish","4":"has-post-thumbnail","6":"product_cat-airlesspistolen","7":"product_tag-spritzpistolen","9":"first","10":"instock","11":"shipping-taxable","12":"product-type-simple"},"_links":{"self":[{"href":"https:\/\/digital4d.net\/masterspray\/wp-json\/wp\/v2\/product\/5507","targetHints":{"allow":["GET"]}}],"collection":[{"href":"https:\/\/digital4d.net\/masterspray\/wp-json\/wp\/v2\/product"}],"about":[{"href":"https:\/\/digital4d.net\/masterspray\/wp-json\/wp\/v2\/types\/product"}],"wp:featuredmedia":[{"embeddable":true,"href":"https:\/\/digital4d.net\/masterspray\/wp-json\/wp\/v2\/media\/5496"}],"wp:attachment":[{"href":"https:\/\/digital4d.net\/masterspray\/wp-json\/wp\/v2\/media?parent=5507"}],"wp:term":[{"taxonomy":"product_brand","embeddable":true,"href":"https:\/\/digital4d.net\/masterspray\/wp-json\/wp\/v2\/product_brand?post=5507"},{"taxonomy":"product_cat","embeddable":true,"href":"https:\/\/digital4d.net\/masterspray\/wp-json\/wp\/v2\/product_cat?post=5507"},{"taxonomy":"product_tag","embeddable":true,"href":"https:\/\/digital4d.net\/masterspray\/wp-json\/wp\/v2\/product_tag?post=5507"}],"curies":[{"name":"wp","href":"https:\/\/api.w.org\/{rel}","templated":true}]}}