{"id":5509,"date":"2019-01-29T15:43:13","date_gmt":"2019-01-29T14:43:13","guid":{"rendered":"https:\/\/digital4d.net\/masterspray\/prodotto\/opal-pneus\/"},"modified":"2019-01-29T15:43:13","modified_gmt":"2019-01-29T14:43:13","slug":"opal-pneus","status":"publish","type":"product","link":"https:\/\/digital4d.net\/masterspray\/prodotto\/opal-pneus\/?lang=es","title":{"rendered":"OPAL PNEUS"},"content":{"rendered":"<p>PNEUS es una pistola airless profesional con control autom\u00e1tico o manual para pulverizar la superficie interna de las tuber\u00edas. Esta pistola es capaz de pulverizar el interior de tuber\u00edas con un di\u00e1metro m\u00ednimo de 250 mm. hasta un m\u00e1ximo de 750 mm. La atomizaci\u00f3n del material se realiza a trav\u00e9s del sistema airless (presi\u00f3n hidr\u00e1ulica) gracias a un cabezal giratorio neum\u00e1tico de 360\u00b0 (de 10 a 100 RPM). Se aplica una boquilla sin aire al cabezal giratorio neum\u00e1tico. A trav\u00e9s del control neum\u00e1tico es posible ajustar, seg\u00fan las necesidades de pulverizaci\u00f3n, la velocidad de rotaci\u00f3n.<\/p>\n<h3>Actuaci\u00f3n<\/h3>\n<p>&nbsp;<\/p>\n<table style=\"text-align: left; width: 600px;\" border=\"0\">\n<tbody>\n<tr>\n<td style=\"background-color: #dcdcdc; width: 539px;\">Motor<\/td>\n<td style=\"background-color: #dcdcdc; width: 323px;\" colspan=\"1\" rowspan=\"1\">Neum\u00e1tico<\/td>\n<\/tr>\n<tr>\n<td style=\"width: 539px;\">Potencia<\/td>\n<td style=\"width: 323px;\" colspan=\"1\" rowspan=\"1\">1\/4 HP<\/td>\n<\/tr>\n<tr>\n<td style=\"background-color: #dcdcdc; width: 539px;\">Max. RPM<\/td>\n<td style=\"background-color: #dcdcdc; width: 323px;\" colspan=\"1\" rowspan=\"1\">100<\/td>\n<\/tr>\n<tr>\n<td style=\"width: 539px;\">di\u00e1metro interior m\u00edn.\u00a0\u00a0\u00a0\u00a0\u00a0\u00a0\u00a0 mm<\/td>\n<td style=\"width: 323px;\" colspan=\"1\" rowspan=\"1\">250<\/td>\n<\/tr>\n<tr>\n<td style=\"background-color: #dcdcdc; width: 539px;\">di\u00e1metro interior m\u00e1x. \u00a0 \u00a0 mm<\/td>\n<td style=\"background-color: #dcdcdc; width: 323px;\" colspan=\"1\" rowspan=\"1\">750<\/td>\n<\/tr>\n<tr>\n<td style=\"width: 539px;\">Diffuser (Standard)<\/p>\n<p><span style=\"font-style: italic;\">Bajo pedido<\/span><\/td>\n<td style=\"width: 323px;\" colspan=\"1\" rowspan=\"1\">11\/16&#8243;<\/p>\n<p><span style=\"font-style: italic;\">7\/8&#8243;<\/span><\/td>\n<\/tr>\n<tr>\n<td style=\"background-color: #dcdcdc; width: 539px;\">Raccord de entrada de material (est\u00e1ndar)<span style=\"font-style: italic;\">Bajo pedido<\/span><\/td>\n<td style=\"background-color: #dcdcdc; width: 323px;\" colspan=\"1\" rowspan=\"1\">M16x1,5<\/p>\n<p><span style=\"font-style: italic;\">1\/4&#8243; NPS\/BSP<\/span><\/td>\n<\/tr>\n<tr>\n<td style=\"width: 539px;\">Raccord de entrada de aire (est\u00e1ndar)<\/td>\n<td style=\"width: 323px;\" colspan=\"1\" rowspan=\"1\">Adaptador r\u00e1pido<\/td>\n<\/tr>\n<\/tbody>\n<\/table>\n","protected":false},"excerpt":{"rendered":"<p>Sistema para la pulverizaci\u00f3n interna de tuber\u00edas (PNEUS) desde un m\u00ednimo de 250 cm hasta 750 cm. (posibilidad de tener brazos con longitudes personalizadas)<\/p>\n<p><a href=\"https:\/\/www.youtube.com\/watch?v=GSe6cyNmNyU\"><img decoding=\"async\" class=\"alignnone wp-image-5500\" src=\"https:\/\/digital4d.net\/masterspray\/wp-content\/uploads\/2019\/01\/R-300x211.jpg\" alt=\"\" width=\"81\" height=\"57\" srcset=\"https:\/\/digital4d.net\/masterspray\/wp-content\/uploads\/2019\/01\/R-300x211.jpg 300w, https:\/\/digital4d.net\/masterspray\/wp-content\/uploads\/2019\/01\/R-1024x719.jpg 1024w, https:\/\/digital4d.net\/masterspray\/wp-content\/uploads\/2019\/01\/R-768x539.jpg 768w, https:\/\/digital4d.net\/masterspray\/wp-content\/uploads\/2019\/01\/R-1536x1079.jpg 1536w, https:\/\/digital4d.net\/masterspray\/wp-content\/uploads\/2019\/01\/R-2048x1439.jpg 2048w, https:\/\/digital4d.net\/masterspray\/wp-content\/uploads\/2019\/01\/R-400x284.jpg 400w, https:\/\/digital4d.net\/masterspray\/wp-content\/uploads\/2019\/01\/R-1080x759.jpg 1080w, https:\/\/digital4d.net\/masterspray\/wp-content\/uploads\/2019\/01\/R-1280x899.jpg 1280w, https:\/\/digital4d.net\/masterspray\/wp-content\/uploads\/2019\/01\/R-980x688.jpg 980w, https:\/\/digital4d.net\/masterspray\/wp-content\/uploads\/2019\/01\/R-480x337.jpg 480w, https:\/\/digital4d.net\/masterspray\/wp-content\/uploads\/2019\/01\/R-24x17.jpg 24w, https:\/\/digital4d.net\/masterspray\/wp-content\/uploads\/2019\/01\/R-36x25.jpg 36w, https:\/\/digital4d.net\/masterspray\/wp-content\/uploads\/2019\/01\/R-48x34.jpg 48w, https:\/\/digital4d.net\/masterspray\/wp-content\/uploads\/2019\/01\/R-600x421.jpg 600w\" sizes=\"(max-width: 81px) 100vw, 81px\" \/><\/a><\/p>\n","protected":false},"featured_media":5498,"template":"","meta":[],"product_brand":[],"product_cat":[447],"product_tag":[505],"class_list":{"0":"post-5509","1":"product","2":"type-product","3":"status-publish","4":"has-post-thumbnail","6":"product_cat-pistolas-airless","7":"product_tag-pistolas-de-pulverizacion","9":"first","10":"instock","11":"shipping-taxable","12":"product-type-simple"},"_links":{"self":[{"href":"https:\/\/digital4d.net\/masterspray\/wp-json\/wp\/v2\/product\/5509","targetHints":{"allow":["GET"]}}],"collection":[{"href":"https:\/\/digital4d.net\/masterspray\/wp-json\/wp\/v2\/product"}],"about":[{"href":"https:\/\/digital4d.net\/masterspray\/wp-json\/wp\/v2\/types\/product"}],"wp:featuredmedia":[{"embeddable":true,"href":"https:\/\/digital4d.net\/masterspray\/wp-json\/wp\/v2\/media\/5498"}],"wp:attachment":[{"href":"https:\/\/digital4d.net\/masterspray\/wp-json\/wp\/v2\/media?parent=5509"}],"wp:term":[{"taxonomy":"product_brand","embeddable":true,"href":"https:\/\/digital4d.net\/masterspray\/wp-json\/wp\/v2\/product_brand?post=5509"},{"taxonomy":"product_cat","embeddable":true,"href":"https:\/\/digital4d.net\/masterspray\/wp-json\/wp\/v2\/product_cat?post=5509"},{"taxonomy":"product_tag","embeddable":true,"href":"https:\/\/digital4d.net\/masterspray\/wp-json\/wp\/v2\/product_tag?post=5509"}],"curies":[{"name":"wp","href":"https:\/\/api.w.org\/{rel}","templated":true}]}}