{"id":5516,"date":"2019-01-29T15:43:13","date_gmt":"2019-01-29T14:43:13","guid":{"rendered":"https:\/\/digital4d.net\/masterspray\/prodotto\/brilliant-250al\/"},"modified":"2019-01-29T15:43:13","modified_gmt":"2019-01-29T14:43:13","slug":"brilliant-250al","status":"publish","type":"product","link":"https:\/\/digital4d.net\/masterspray\/prodotto\/brilliant-250al\/?lang=es","title":{"rendered":"Brilliant 250AL"},"content":{"rendered":"<p>Es una pistola airless de dise\u00f1o compacto y su ligereza la hace extremadamente f\u00e1cil de usar y manejar.<\/p>\n<h3>Rendimiento<\/h3>\n<ul>\n<li>Presi\u00f3n m\u00e1xima  250 Bar<\/li>\n<li>Presi\u00f3n m\u00e1xima 500 Bar (solo en la versi\u00f3n de acero inoxidable)<\/li>\n<li>Obturador y asiento de carburo de tungsteno<\/li>\n<li>Ajuste manual de paquetes<\/li>\n<li>Racor de acero inoxidable 1\/4&#8243; o 16&#215;1.5<\/li>\n<li>Abertura de 3\/8&#8243; <\/li>\n<li>Piezas de Al, Fe, SS, TC, Cu, lat\u00f3n y PTFE<\/li>\n<\/ul>\n<p>&nbsp;<\/p>\n","protected":false},"excerpt":{"rendered":"<p>Pistola autom\u00e1tica airless muy ligera y de f\u00e1cil manejo ideal para industrias que necesiten realizar pintura en serie.<\/p>\n","protected":false},"featured_media":5515,"template":"","meta":[],"product_brand":[],"product_cat":[447],"product_tag":[505],"class_list":{"0":"post-5516","1":"product","2":"type-product","3":"status-publish","4":"has-post-thumbnail","6":"product_cat-pistolas-airless","7":"product_tag-pistolas-de-pulverizacion","9":"first","10":"instock","11":"shipping-taxable","12":"product-type-simple"},"_links":{"self":[{"href":"https:\/\/digital4d.net\/masterspray\/wp-json\/wp\/v2\/product\/5516","targetHints":{"allow":["GET"]}}],"collection":[{"href":"https:\/\/digital4d.net\/masterspray\/wp-json\/wp\/v2\/product"}],"about":[{"href":"https:\/\/digital4d.net\/masterspray\/wp-json\/wp\/v2\/types\/product"}],"wp:featuredmedia":[{"embeddable":true,"href":"https:\/\/digital4d.net\/masterspray\/wp-json\/wp\/v2\/media\/5515"}],"wp:attachment":[{"href":"https:\/\/digital4d.net\/masterspray\/wp-json\/wp\/v2\/media?parent=5516"}],"wp:term":[{"taxonomy":"product_brand","embeddable":true,"href":"https:\/\/digital4d.net\/masterspray\/wp-json\/wp\/v2\/product_brand?post=5516"},{"taxonomy":"product_cat","embeddable":true,"href":"https:\/\/digital4d.net\/masterspray\/wp-json\/wp\/v2\/product_cat?post=5516"},{"taxonomy":"product_tag","embeddable":true,"href":"https:\/\/digital4d.net\/masterspray\/wp-json\/wp\/v2\/product_tag?post=5516"}],"curies":[{"name":"wp","href":"https:\/\/api.w.org\/{rel}","templated":true}]}}