{"id":5518,"date":"2019-01-29T15:43:13","date_gmt":"2019-01-29T14:43:13","guid":{"rendered":"https:\/\/digital4d.net\/masterspray\/prodotto\/brilliant-250al\/"},"modified":"2019-01-29T15:43:13","modified_gmt":"2019-01-29T14:43:13","slug":"brilliant-250al","status":"publish","type":"product","link":"https:\/\/digital4d.net\/masterspray\/prodotto\/brilliant-250al\/?lang=de","title":{"rendered":"Brilliant 250AL"},"content":{"rendered":"<p>Es handelt sich um eine Airless-Spritzpistole mit kompaktem Design, die durch ihr geringes Gewicht \u00e4u\u00dferst einfach zu bedienen und zu handhaben ist.<\/p>\n<h3>Performance<\/h3>\n<ul>\n<li>Max. Druck 250 Bar<\/li>\n<li>Max. Druck 500 Bar (nur in Edelstahlausf\u00fchrung)<\/li>\n<li>Verschluss und Sitz aus Wolframkarbid<\/li>\n<li>Manuelle Anpassung der Packungen<\/li>\n<li>1\/4&#8243; oder 16&#215;1,5 Edelstahlverschraubung<\/li>\n<li>3\/8 &#8220;\u00d6ffnung<\/li>\n<li>Al-, Fe-, SS-, TC-, Cu-, Messing- und PTFE-Teile<\/li>\n<\/ul>\n<p>&nbsp;<\/p>\n","protected":false},"excerpt":{"rendered":"<p>Sehr leichte und einfach zu handhabende automatische Airless-Pistole, ideal f\u00fcr Industrien, die Serienlackierungen durchf\u00fchren m\u00fcssen.<\/p>\n","protected":false},"featured_media":5513,"template":"","meta":[],"product_brand":[],"product_cat":[449],"product_tag":[503],"class_list":{"0":"post-5518","1":"product","2":"type-product","3":"status-publish","4":"has-post-thumbnail","6":"product_cat-airlesspistolen","7":"product_tag-spritzpistolen","9":"first","10":"instock","11":"shipping-taxable","12":"product-type-simple"},"_links":{"self":[{"href":"https:\/\/digital4d.net\/masterspray\/wp-json\/wp\/v2\/product\/5518","targetHints":{"allow":["GET"]}}],"collection":[{"href":"https:\/\/digital4d.net\/masterspray\/wp-json\/wp\/v2\/product"}],"about":[{"href":"https:\/\/digital4d.net\/masterspray\/wp-json\/wp\/v2\/types\/product"}],"wp:featuredmedia":[{"embeddable":true,"href":"https:\/\/digital4d.net\/masterspray\/wp-json\/wp\/v2\/media\/5513"}],"wp:attachment":[{"href":"https:\/\/digital4d.net\/masterspray\/wp-json\/wp\/v2\/media?parent=5518"}],"wp:term":[{"taxonomy":"product_brand","embeddable":true,"href":"https:\/\/digital4d.net\/masterspray\/wp-json\/wp\/v2\/product_brand?post=5518"},{"taxonomy":"product_cat","embeddable":true,"href":"https:\/\/digital4d.net\/masterspray\/wp-json\/wp\/v2\/product_cat?post=5518"},{"taxonomy":"product_tag","embeddable":true,"href":"https:\/\/digital4d.net\/masterspray\/wp-json\/wp\/v2\/product_tag?post=5518"}],"curies":[{"name":"wp","href":"https:\/\/api.w.org\/{rel}","templated":true}]}}