{"id":5519,"date":"2019-01-29T15:43:13","date_gmt":"2019-01-29T14:43:13","guid":{"rendered":"https:\/\/digital4d.net\/masterspray\/prodotto\/brilliant-250al\/"},"modified":"2019-01-29T15:43:13","modified_gmt":"2019-01-29T14:43:13","slug":"brilliant-250al","status":"publish","type":"product","link":"https:\/\/digital4d.net\/masterspray\/prodotto\/brilliant-250al\/?lang=fr","title":{"rendered":"Brilliant 250AL"},"content":{"rendered":"<p>C&#8217;est un pistolet airless au design compact et sa l\u00e9g\u00e8ret\u00e9 le rend extr\u00eamement facile \u00e0 utiliser et \u00e0 manipuler.<\/p>\n<h3>Performance<\/h3>\n<ul>\n<li>Pression Max 250 Bar<\/li>\n<li>Pression maxi 500 Bar (uniquement dans la version en acier inoxydable)<\/li>\n<li>Obturateur et si\u00e8ge en carbure de tungst\u00e8ne <\/li>\n<li>Ajustement manuel des packs<\/li>\n<li>Raccord inox 1\/4&#8243; ou 16&#215;1,5 <\/li>\n<li>Ouverture 3\/8&#8243;<\/li>\n<li>Pi\u00e8ces en Al, Fe, SS, TC, Cu, laiton et PTFE<\/li>\n<\/ul>\n<p>&nbsp;<\/p>\n","protected":false},"excerpt":{"rendered":"<p>Pistolet airless automatique tr\u00e8s l\u00e9ger et maniable id\u00e9al pour les industries qui doivent r\u00e9aliser des peintures en s\u00e9rie.<\/p>\n","protected":false},"featured_media":5512,"template":"","meta":[],"product_brand":[],"product_cat":[446],"product_tag":[502],"class_list":{"0":"post-5519","1":"product","2":"type-product","3":"status-publish","4":"has-post-thumbnail","6":"product_cat-pistolets-airless","7":"product_tag-pistolets","9":"first","10":"instock","11":"shipping-taxable","12":"product-type-simple"},"_links":{"self":[{"href":"https:\/\/digital4d.net\/masterspray\/wp-json\/wp\/v2\/product\/5519","targetHints":{"allow":["GET"]}}],"collection":[{"href":"https:\/\/digital4d.net\/masterspray\/wp-json\/wp\/v2\/product"}],"about":[{"href":"https:\/\/digital4d.net\/masterspray\/wp-json\/wp\/v2\/types\/product"}],"wp:featuredmedia":[{"embeddable":true,"href":"https:\/\/digital4d.net\/masterspray\/wp-json\/wp\/v2\/media\/5512"}],"wp:attachment":[{"href":"https:\/\/digital4d.net\/masterspray\/wp-json\/wp\/v2\/media?parent=5519"}],"wp:term":[{"taxonomy":"product_brand","embeddable":true,"href":"https:\/\/digital4d.net\/masterspray\/wp-json\/wp\/v2\/product_brand?post=5519"},{"taxonomy":"product_cat","embeddable":true,"href":"https:\/\/digital4d.net\/masterspray\/wp-json\/wp\/v2\/product_cat?post=5519"},{"taxonomy":"product_tag","embeddable":true,"href":"https:\/\/digital4d.net\/masterspray\/wp-json\/wp\/v2\/product_tag?post=5519"}],"curies":[{"name":"wp","href":"https:\/\/api.w.org\/{rel}","templated":true}]}}