{"id":5527,"date":"2019-01-29T15:43:13","date_gmt":"2019-01-29T14:43:13","guid":{"rendered":"https:\/\/digital4d.net\/masterspray\/prodotto\/xxl\/"},"modified":"2019-01-29T15:43:13","modified_gmt":"2019-01-29T14:43:13","slug":"xxl","status":"publish","type":"product","link":"https:\/\/digital4d.net\/masterspray\/prodotto\/xxl\/?lang=de","title":{"rendered":"XXL"},"content":{"rendered":"<p>Es handelt sich um eine Airless-Spritzpistole mit kompaktem Design, die durch ihr geringes Gewicht \u00e4u\u00dferst einfach zu bedienen und zu handhaben ist.<\/p>\n<p>XXL wurde entwickelt, um dichte Materialien im Bauwesen zu spritzen. Sie ist die ideale Airless-Pistole f\u00fcr die hydraulischen Kolbenger\u00e4te der IRON-Serie<br \/>\nDer Stab mit 7 mm Kugel garantiert eine hohe Arbeitsleistung.<\/p>\n<h3>Leistung<\/h3>\n<ul>\n<li>Die ideale Pistole zum Spritzen dichter Materialien, sogar mit D\u00fcsen bis zu 0,072 \u201d<\/li>\n<li> Schnelle und einfache Wartung <\/li>\n<li> Entwickelt f\u00fcr maximale Arbeitseffizienz <\/li>\n<li> Leicht und einfach zu handhaben, gebaut, um lange zu arbeiten, ohne den Bediener zu erm\u00fcden <\/li>\n<li> Lackiergeschwindigkeit und hervorragendes Finish <\/li>\n<li>Die ideale Airless-Pistole f\u00fcr die IRON-Serie<\/li>\n<li>Max. Arbeitsdruck: 500 Bar<\/li>\n<li>7-mm-Kugel<\/li>\n<li>1\/2 \u201dEdelstahlfitting <\/li>\n<\/ul>\n<p>&nbsp;<\/p>\n","protected":false},"excerpt":{"rendered":"<p>Sehr leichte und handliche Airless-Pistole. Dank der breiten Produktdurchg\u00e4nge ist es ideal f\u00fcr gro\u00dfe Lackierarbeiten auch mit dichten Produkten.<\/p>\n","protected":false},"featured_media":5523,"template":"","meta":[],"product_brand":[],"product_cat":[449],"product_tag":[503],"class_list":{"0":"post-5527","1":"product","2":"type-product","3":"status-publish","4":"has-post-thumbnail","6":"product_cat-airlesspistolen","7":"product_tag-spritzpistolen","9":"first","10":"instock","11":"shipping-taxable","12":"product-type-simple"},"_links":{"self":[{"href":"https:\/\/digital4d.net\/masterspray\/wp-json\/wp\/v2\/product\/5527","targetHints":{"allow":["GET"]}}],"collection":[{"href":"https:\/\/digital4d.net\/masterspray\/wp-json\/wp\/v2\/product"}],"about":[{"href":"https:\/\/digital4d.net\/masterspray\/wp-json\/wp\/v2\/types\/product"}],"wp:featuredmedia":[{"embeddable":true,"href":"https:\/\/digital4d.net\/masterspray\/wp-json\/wp\/v2\/media\/5523"}],"wp:attachment":[{"href":"https:\/\/digital4d.net\/masterspray\/wp-json\/wp\/v2\/media?parent=5527"}],"wp:term":[{"taxonomy":"product_brand","embeddable":true,"href":"https:\/\/digital4d.net\/masterspray\/wp-json\/wp\/v2\/product_brand?post=5527"},{"taxonomy":"product_cat","embeddable":true,"href":"https:\/\/digital4d.net\/masterspray\/wp-json\/wp\/v2\/product_cat?post=5527"},{"taxonomy":"product_tag","embeddable":true,"href":"https:\/\/digital4d.net\/masterspray\/wp-json\/wp\/v2\/product_tag?post=5527"}],"curies":[{"name":"wp","href":"https:\/\/api.w.org\/{rel}","templated":true}]}}