{"id":5536,"date":"2019-01-29T15:43:13","date_gmt":"2019-01-29T14:43:13","guid":{"rendered":"https:\/\/digital4d.net\/masterspray\/prodotto\/p-500\/"},"modified":"2025-02-12T11:00:33","modified_gmt":"2025-02-12T10:00:33","slug":"p-500","status":"publish","type":"product","link":"https:\/\/digital4d.net\/masterspray\/prodotto\/p-500\/?lang=es","title":{"rendered":"TOP GUN PRO"},"content":{"rendered":"<p>Es una pistola airless profesional robusta y manejable, probada durante a\u00f1os y conocida por nuestros mejores clientes para trabajar durante mucho tiempo. Con esta pistola se consigue una producci\u00f3n r\u00e1pida y un acabado perfecto. Trabaja hasta una presi\u00f3n de 500 Bar. La TOP GUN Pro es la pistola ideal para trabajos en grandes empresas de pintura que necesitan realizar altas producciones<\/p>\n<h3>Rendimiento<\/h3>\n<ul>\n<li>Ligero y f\u00e1cil de manejar, construido para trabajar durante mucho tiempo sin cansar al operador<\/li>\n<li>Rapidez de pintado y excelente acabado<\/li>\n<li>Este modelo se puede utilizar con todos los aparatos airless el\u00e9ctricos y neum\u00e1ticos<\/li>\n<li>Presi\u00f3n m\u00e1xima de trabajo: 500 Bar<\/li>\n<li>Racor de acero inoxidable 1\/4&#8243; o 16&#215;1.5<\/li>\n<\/ul>\n<p>&nbsp;<\/p>\n<table>\n<tbody>\n<tr>\n<td width=\"79\"><strong>Ref.<\/strong><\/td>\n<td width=\"349\"><strong>Descripci\u00f3n<\/strong><\/td>\n<\/tr>\n<tr>\n<td width=\"79\">76205<\/td>\n<td width=\"349\">TOP GUN Pro &#8211; 1\/4\u201c &#8211; 11\/16\u201c<\/td>\n<\/tr>\n<tr>\n<td width=\"79\">76200<\/td>\n<td width=\"349\">TOP GUN Pro &#8211; M16x1.5 &#8211; 11\/16\u201c<\/td>\n<\/tr>\n<tr>\n<td width=\"79\">76205G<\/td>\n<td width=\"349\">TOP GUN Pro &#8211; 1\/4\u201c &#8211; 7\/8\u201c<\/td>\n<\/tr>\n<tr>\n<td width=\"79\">77200<\/td>\n<td width=\"349\">Kit de lezna y manguito<\/td>\n<\/tr>\n<\/tbody>\n<\/table>\n","protected":false},"excerpt":{"rendered":"<p>Pistolas airless muy ligeras y manejables, probadas y aprobadas por nuestros clientes en el campo de trabajo. Est\u00e1n dise\u00f1ados para trabajar durante mucho tiempo sin problemas.<\/p>\n","protected":false},"featured_media":6355,"template":"","meta":[],"product_brand":[],"product_cat":[447],"product_tag":[505],"class_list":{"0":"post-5536","1":"product","2":"type-product","3":"status-publish","4":"has-post-thumbnail","6":"product_cat-pistolas-airless","7":"product_tag-pistolas-de-pulverizacion","9":"first","10":"instock","11":"shipping-taxable","12":"product-type-simple"},"_links":{"self":[{"href":"https:\/\/digital4d.net\/masterspray\/wp-json\/wp\/v2\/product\/5536","targetHints":{"allow":["GET"]}}],"collection":[{"href":"https:\/\/digital4d.net\/masterspray\/wp-json\/wp\/v2\/product"}],"about":[{"href":"https:\/\/digital4d.net\/masterspray\/wp-json\/wp\/v2\/types\/product"}],"wp:featuredmedia":[{"embeddable":true,"href":"https:\/\/digital4d.net\/masterspray\/wp-json\/wp\/v2\/media\/6355"}],"wp:attachment":[{"href":"https:\/\/digital4d.net\/masterspray\/wp-json\/wp\/v2\/media?parent=5536"}],"wp:term":[{"taxonomy":"product_brand","embeddable":true,"href":"https:\/\/digital4d.net\/masterspray\/wp-json\/wp\/v2\/product_brand?post=5536"},{"taxonomy":"product_cat","embeddable":true,"href":"https:\/\/digital4d.net\/masterspray\/wp-json\/wp\/v2\/product_cat?post=5536"},{"taxonomy":"product_tag","embeddable":true,"href":"https:\/\/digital4d.net\/masterspray\/wp-json\/wp\/v2\/product_tag?post=5536"}],"curies":[{"name":"wp","href":"https:\/\/api.w.org\/{rel}","templated":true}]}}