{"id":5538,"date":"2019-01-29T15:43:13","date_gmt":"2019-01-29T14:43:13","guid":{"rendered":"https:\/\/digital4d.net\/masterspray\/prodotto\/p-500\/"},"modified":"2025-02-12T10:59:00","modified_gmt":"2025-02-12T09:59:00","slug":"p-500","status":"publish","type":"product","link":"https:\/\/digital4d.net\/masterspray\/prodotto\/p-500\/?lang=de","title":{"rendered":"TOP GUN PRO"},"content":{"rendered":"<p>Sie ist eine robuste und handliche Profi-Airless-Pistole, seit Jahren erprobt und bei unseren besten Kunden bekannt f\u00fcr lange Zeit. Mit dieser Pistole wird eine schnelle Produktion und ein perfektes Finish erreicht. Sie arbeitet bis zu einem Druck von 500 Bar. Die TOP GUN Pro ist die ideale Pistole f\u00fcr Arbeiten in gro\u00dfen Lackierbetrieben, die hohe Produktionsleistungen erbringen m\u00fcssen<\/p>\n<h3>Leistung<\/h3>\n<ul>\n<li>Leicht und einfach zu handhaben, gebaut, um lange zu arbeiten, ohne den Bediener zu erm\u00fcden<\/li>\n<li>Lackiergeschwindigkeit und hervorragendes Finish<\/li>\n<li>Dieses Modell kann mit allen elektrischen und pneumatischen Airless-Ger\u00e4ten verwendet werden<\/li>\n<li>Max. Arbeitsdruck: 500 Bar<\/li>\n<li>1\/4 &#8220;oder 16&#215;1,5 Edelstahlfitting<\/li>\n<\/ul>\n<p>&nbsp;<\/p>\n<table>\n<tbody>\n<tr>\n<td width=\"79\"><strong>Ref.<\/strong><\/td>\n<td width=\"349\"><strong>Beschreibung<\/strong><\/td>\n<\/tr>\n<tr>\n<td width=\"79\">76205<\/td>\n<td width=\"349\">TOP GUN Pro &#8211; 1\/4\u201c &#8211; 11\/16\u201c<\/td>\n<\/tr>\n<tr>\n<td width=\"79\">76200<\/td>\n<td width=\"349\">TOP GUN Pro &#8211; M16x1.5 &#8211; 11\/16\u201c<\/td>\n<\/tr>\n<tr>\n<td width=\"79\">76205G<\/td>\n<td width=\"349\">TOP GUN Pro &#8211; 1\/4\u201c &#8211; 7\/8\u201c<\/td>\n<\/tr>\n<tr>\n<td width=\"79\">77200<\/td>\n<td width=\"349\">Service-Set<\/td>\n<\/tr>\n<\/tbody>\n<\/table>\n","protected":false},"excerpt":{"rendered":"<p>Sehr leichte und handliche Airless-Pistolen, von unseren Kunden im Arbeitsumfeld getestet und f\u00fcr gut befunden. Sie sind so konzipiert, dass sie lange Zeit ohne Probleme funktionieren.<\/p>\n","protected":false},"featured_media":6353,"template":"","meta":[],"product_brand":[],"product_cat":[449],"product_tag":[503],"class_list":{"0":"post-5538","1":"product","2":"type-product","3":"status-publish","4":"has-post-thumbnail","6":"product_cat-airlesspistolen","7":"product_tag-spritzpistolen","9":"first","10":"instock","11":"shipping-taxable","12":"product-type-simple"},"_links":{"self":[{"href":"https:\/\/digital4d.net\/masterspray\/wp-json\/wp\/v2\/product\/5538","targetHints":{"allow":["GET"]}}],"collection":[{"href":"https:\/\/digital4d.net\/masterspray\/wp-json\/wp\/v2\/product"}],"about":[{"href":"https:\/\/digital4d.net\/masterspray\/wp-json\/wp\/v2\/types\/product"}],"wp:featuredmedia":[{"embeddable":true,"href":"https:\/\/digital4d.net\/masterspray\/wp-json\/wp\/v2\/media\/6353"}],"wp:attachment":[{"href":"https:\/\/digital4d.net\/masterspray\/wp-json\/wp\/v2\/media?parent=5538"}],"wp:term":[{"taxonomy":"product_brand","embeddable":true,"href":"https:\/\/digital4d.net\/masterspray\/wp-json\/wp\/v2\/product_brand?post=5538"},{"taxonomy":"product_cat","embeddable":true,"href":"https:\/\/digital4d.net\/masterspray\/wp-json\/wp\/v2\/product_cat?post=5538"},{"taxonomy":"product_tag","embeddable":true,"href":"https:\/\/digital4d.net\/masterspray\/wp-json\/wp\/v2\/product_tag?post=5538"}],"curies":[{"name":"wp","href":"https:\/\/api.w.org\/{rel}","templated":true}]}}