{"id":5539,"date":"2019-01-29T15:43:13","date_gmt":"2019-01-29T14:43:13","guid":{"rendered":"https:\/\/digital4d.net\/masterspray\/prodotto\/p-500\/"},"modified":"2025-02-12T10:57:59","modified_gmt":"2025-02-12T09:57:59","slug":"p-500","status":"publish","type":"product","link":"https:\/\/digital4d.net\/masterspray\/prodotto\/p-500\/?lang=fr","title":{"rendered":"TOP GUN PRO"},"content":{"rendered":"<p>C&#8217;est un pistolet airless professionnel robuste et maniable, test\u00e9 depuis des ann\u00e9es et reconnu par nos meilleurs clients pour fonctionner longtemps. Une production rapide et une finition parfaite sont obtenues avec ce pistolet. Il fonctionne jusqu&#8217;\u00e0 une pression de 500 bars.Le TOP GUN Pro est le pistolet id\u00e9al pour les travaux dans les grandes entreprises de peinture qui doivent faire des productions \u00e9lev\u00e9es.<\/p>\n<h3>Performances<\/h3>\n<ul>\n<li>L\u00e9ger et facile \u00e0 manipuler, con\u00e7u pour fonctionner longtemps sans fatiguer l&#8217;op\u00e9rateur<\/li>\n<li>Rapidit\u00e9 de peinture et excellente finition<\/li>\n<li>Ce mod\u00e8le peut \u00eatre utilis\u00e9 avec tous les appareils airless \u00e9lectriques et pneumatiques<\/li>\n<li>Pression de service maxi : 500 Bar<\/li>\n<li>Raccord inox 1\/4&#8243; ou 16&#215;1,5<\/li>\n<\/ul>\n<p>&nbsp;<\/p>\n<table>\n<tbody>\n<tr>\n<td width=\"79\"><strong>Ref.<\/strong><\/td>\n<td width=\"349\"><strong>Description<\/strong><\/td>\n<\/tr>\n<tr>\n<td width=\"79\">76205<\/td>\n<td width=\"349\">TOP GUN Pro &#8211; 1\/4\u201c &#8211; 11\/16\u201c<\/td>\n<\/tr>\n<tr>\n<td width=\"79\">76200<\/td>\n<td width=\"349\">TOP GUN Pro &#8211; M16x1.5 &#8211; 11\/16\u201c<\/td>\n<\/tr>\n<tr>\n<td width=\"79\">76205G<\/td>\n<td width=\"349\">TOP GUN Pro &#8211; 1\/4\u201c &#8211; 7\/8\u201c<\/td>\n<\/tr>\n<tr>\n<td width=\"79\">77200<\/td>\n<td width=\"349\">Service-Set<\/td>\n<\/tr>\n<\/tbody>\n<\/table>\n","protected":false},"excerpt":{"rendered":"<p>Pistolets airless tr\u00e8s l\u00e9gers et maniables, test\u00e9s et approuv\u00e9s par nos clients dans le domaine du travail. Ils sont con\u00e7us pour fonctionner longtemps sans probl\u00e8me.<\/p>\n","protected":false},"featured_media":6352,"template":"","meta":[],"product_brand":[],"product_cat":[446],"product_tag":[502],"class_list":{"0":"post-5539","1":"product","2":"type-product","3":"status-publish","4":"has-post-thumbnail","6":"product_cat-pistolets-airless","7":"product_tag-pistolets","9":"first","10":"instock","11":"shipping-taxable","12":"product-type-simple"},"_links":{"self":[{"href":"https:\/\/digital4d.net\/masterspray\/wp-json\/wp\/v2\/product\/5539","targetHints":{"allow":["GET"]}}],"collection":[{"href":"https:\/\/digital4d.net\/masterspray\/wp-json\/wp\/v2\/product"}],"about":[{"href":"https:\/\/digital4d.net\/masterspray\/wp-json\/wp\/v2\/types\/product"}],"wp:featuredmedia":[{"embeddable":true,"href":"https:\/\/digital4d.net\/masterspray\/wp-json\/wp\/v2\/media\/6352"}],"wp:attachment":[{"href":"https:\/\/digital4d.net\/masterspray\/wp-json\/wp\/v2\/media?parent=5539"}],"wp:term":[{"taxonomy":"product_brand","embeddable":true,"href":"https:\/\/digital4d.net\/masterspray\/wp-json\/wp\/v2\/product_brand?post=5539"},{"taxonomy":"product_cat","embeddable":true,"href":"https:\/\/digital4d.net\/masterspray\/wp-json\/wp\/v2\/product_cat?post=5539"},{"taxonomy":"product_tag","embeddable":true,"href":"https:\/\/digital4d.net\/masterspray\/wp-json\/wp\/v2\/product_tag?post=5539"}],"curies":[{"name":"wp","href":"https:\/\/api.w.org\/{rel}","templated":true}]}}