{"id":5548,"date":"2019-01-29T15:43:12","date_gmt":"2019-01-29T14:43:12","guid":{"rendered":"https:\/\/digital4d.net\/masterspray\/prodotto\/500-l\/"},"modified":"2022-10-27T14:01:28","modified_gmt":"2022-10-27T12:01:28","slug":"500-l","status":"publish","type":"product","link":"https:\/\/digital4d.net\/masterspray\/prodotto\/500-l\/?lang=de","title":{"rendered":"AG 500-L"},"content":{"rendered":"<p>Es handelt sich um eine Airless-Spritzpistole mit Wechselsystem \u201eCompact System\u201c. Dieses Modell ist mit Abstand die Airless-Pistole mit dem schnellsten Wartungssystem auf dem Markt.<\/p>\n<h3>Compact System<\/h3>\n<p>&nbsp;<\/p>\n<p><a href=\"https:\/\/digital4d.net\/masterspray\/wp-content\/uploads\/2014\/09\/serviceset500l.jpg\"><img decoding=\"async\" class=\"alignnone wp-image-625 size-medium\" src=\"https:\/\/digital4d.net\/masterspray\/wp-content\/uploads\/2014\/09\/serviceset500l-300x120.jpg\" alt=\"\" width=\"300\" height=\"120\" \/><\/a><\/p>\n<h3>Leistung<\/h3>\n<ul>\n<li>Leicht und einfach zu handhaben, gebaut, um lange zu arbeiten, ohne den Bediener zu erm\u00fcden<\/li>\n<li>Lackiergeschwindigkeit und hervorragendes Finish<\/li>\n<li>Schnelligkeit der Wartung dank des neuen Compact-Systems<\/li>\n<li>Dieses Modell kann mit allen elektrischen und pneumatischen Airless-Ger\u00e4ten verwendet werden<\/li>\n<li>Kugeldurchmesser. 5<\/li>\n<li>Max. Arbeitsdruck: 500 Bar<\/li>\n<li>1\/4&#8243; oder 16&#215;1,5 Edelstahlverschraubung<\/li>\n<\/ul>\n<p>&nbsp;<\/p>\n","protected":false},"excerpt":{"rendered":"<p>Sehr leichte und handliche Airless-Pistolen, von unseren Kunden im Arbeitsumfeld getestet und f\u00fcr gut befunden. Ich bin darauf ausgelegt, lange ohne Probleme zu arbeiten. Erh\u00e4ltlich in verschiedenen Versionen, um den Bed\u00fcrfnissen der Benutzer gerecht zu werden.<\/p>\n","protected":false},"featured_media":5544,"template":"","meta":[],"product_brand":[],"product_cat":[449],"product_tag":[503],"class_list":{"0":"post-5548","1":"product","2":"type-product","3":"status-publish","4":"has-post-thumbnail","6":"product_cat-airlesspistolen","7":"product_tag-spritzpistolen","9":"first","10":"instock","11":"shipping-taxable","12":"product-type-simple"},"_links":{"self":[{"href":"https:\/\/digital4d.net\/masterspray\/wp-json\/wp\/v2\/product\/5548","targetHints":{"allow":["GET"]}}],"collection":[{"href":"https:\/\/digital4d.net\/masterspray\/wp-json\/wp\/v2\/product"}],"about":[{"href":"https:\/\/digital4d.net\/masterspray\/wp-json\/wp\/v2\/types\/product"}],"wp:featuredmedia":[{"embeddable":true,"href":"https:\/\/digital4d.net\/masterspray\/wp-json\/wp\/v2\/media\/5544"}],"wp:attachment":[{"href":"https:\/\/digital4d.net\/masterspray\/wp-json\/wp\/v2\/media?parent=5548"}],"wp:term":[{"taxonomy":"product_brand","embeddable":true,"href":"https:\/\/digital4d.net\/masterspray\/wp-json\/wp\/v2\/product_brand?post=5548"},{"taxonomy":"product_cat","embeddable":true,"href":"https:\/\/digital4d.net\/masterspray\/wp-json\/wp\/v2\/product_cat?post=5548"},{"taxonomy":"product_tag","embeddable":true,"href":"https:\/\/digital4d.net\/masterspray\/wp-json\/wp\/v2\/product_tag?post=5548"}],"curies":[{"name":"wp","href":"https:\/\/api.w.org\/{rel}","templated":true}]}}