{"id":5581,"date":"2019-01-29T15:43:10","date_gmt":"2019-01-29T14:43:10","guid":{"rendered":"https:\/\/digital4d.net\/masterspray\/prodotto\/250\/"},"modified":"2019-01-29T15:43:10","modified_gmt":"2019-01-29T14:43:10","slug":"250","status":"publish","type":"product","link":"https:\/\/digital4d.net\/masterspray\/prodotto\/250\/?lang=es","title":{"rendered":"AG 250"},"content":{"rendered":"<p>Es una pistola airless con sistema de sustituci\u00f3n &#8220;Compact System&#8221;. Este modelo es con diferencia la pistola airless con el sistema de mantenimiento m\u00e1s r\u00e1pido del mercado.<\/p>\n<h3>Compact System<\/h3>\n<p>&nbsp;<\/p>\n<p><a href=\"https:\/\/digital4d.net\/masterspray\/wp-content\/uploads\/2014\/09\/serviceset250.jpg\"><img decoding=\"async\" class=\"alignnone size-medium wp-image-623\" src=\"https:\/\/digital4d.net\/masterspray\/wp-content\/uploads\/2014\/09\/serviceset250-300x120.jpg\" alt=\"serviceset250\" width=\"300\" height=\"120\" \/><\/a><\/p>\n<h3> Rendimiento <\/h3>\n<ul>\n<li> Ligero y f\u00e1cil de manejar, construido para trabajar durante mucho tiempo sin cansar al operador <\/li>\n<li> Rapidez de pintado y excelente acabado <\/li>\n<li> Rapidez de mantenimiento gracias al nuevo sistema Compact<\/li>\n<li> Este modelo se puede utilizar con todos los aparatos airless el\u00e9ctricos y neum\u00e1ticos <\/li>\n<li> Di\u00e1metro de la esfera. 3 <\/li>\n<li> Presi\u00f3n m\u00e1xima de trabajo: 250 Bar <\/li>\n<li> Racor de acero inoxidable 1\/4&#8243; o 16&#215;1.5 <\/li>\n<\/ul>\n<p>&nbsp;<\/p>\n","protected":false},"excerpt":{"rendered":"<p>Pistolas airless muy ligeras y manejables, probadas y aprobadas por nuestros clientes en el campo de trabajo. Estoy dise\u00f1ado para trabajar durante mucho tiempo sin problemas. Disponible en varias versiones para satisfacer las necesidades de los usuarios.<\/p>\n","protected":false},"featured_media":5580,"template":"","meta":[],"product_brand":[],"product_cat":[447],"product_tag":[505],"class_list":{"0":"post-5581","1":"product","2":"type-product","3":"status-publish","4":"has-post-thumbnail","6":"product_cat-pistolas-airless","7":"product_tag-pistolas-de-pulverizacion","9":"first","10":"instock","11":"shipping-taxable","12":"product-type-simple"},"_links":{"self":[{"href":"https:\/\/digital4d.net\/masterspray\/wp-json\/wp\/v2\/product\/5581","targetHints":{"allow":["GET"]}}],"collection":[{"href":"https:\/\/digital4d.net\/masterspray\/wp-json\/wp\/v2\/product"}],"about":[{"href":"https:\/\/digital4d.net\/masterspray\/wp-json\/wp\/v2\/types\/product"}],"wp:featuredmedia":[{"embeddable":true,"href":"https:\/\/digital4d.net\/masterspray\/wp-json\/wp\/v2\/media\/5580"}],"wp:attachment":[{"href":"https:\/\/digital4d.net\/masterspray\/wp-json\/wp\/v2\/media?parent=5581"}],"wp:term":[{"taxonomy":"product_brand","embeddable":true,"href":"https:\/\/digital4d.net\/masterspray\/wp-json\/wp\/v2\/product_brand?post=5581"},{"taxonomy":"product_cat","embeddable":true,"href":"https:\/\/digital4d.net\/masterspray\/wp-json\/wp\/v2\/product_cat?post=5581"},{"taxonomy":"product_tag","embeddable":true,"href":"https:\/\/digital4d.net\/masterspray\/wp-json\/wp\/v2\/product_tag?post=5581"}],"curies":[{"name":"wp","href":"https:\/\/api.w.org\/{rel}","templated":true}]}}