{"id":5584,"date":"2019-01-29T15:43:10","date_gmt":"2019-01-29T14:43:10","guid":{"rendered":"https:\/\/digital4d.net\/masterspray\/prodotto\/250\/"},"modified":"2019-01-29T15:43:10","modified_gmt":"2019-01-29T14:43:10","slug":"250","status":"publish","type":"product","link":"https:\/\/digital4d.net\/masterspray\/prodotto\/250\/?lang=fr","title":{"rendered":"AG 250"},"content":{"rendered":"<p>Il s&#8217;agit d&#8217;un pistolet airless avec syst\u00e8me de remplacement &#8220;Compact System&#8221;. Ce mod\u00e8le est de loin le pistolet airless avec le syst\u00e8me de maintenance le plus rapide du march\u00e9.<\/p>\n<h3>Compact System<\/h3>\n<p>&nbsp;<\/p>\n<p><a href=\"https:\/\/digital4d.net\/masterspray\/wp-content\/uploads\/2014\/09\/serviceset250.jpg\"><img decoding=\"async\" class=\"alignnone size-medium wp-image-623\" src=\"https:\/\/digital4d.net\/masterspray\/wp-content\/uploads\/2014\/09\/serviceset250-300x120.jpg\" alt=\"serviceset250\" width=\"300\" height=\"120\" \/><\/a><\/p>\n<h3> Performances <\/h3>\n<ul>\n<li> L\u00e9ger et facile \u00e0 manipuler, con\u00e7u pour fonctionner longtemps sans fatiguer l&#8217;op\u00e9rateur <\/li>\n<li> Rapidit\u00e9 de peinture et excellente finition <\/li>\n<li> Rapidit\u00e9 de maintenance gr\u00e2ce au nouveau syst\u00e8me Compact <\/li>\n<li> Ce mod\u00e8le peut \u00eatre utilis\u00e9 avec tous les appareils airless \u00e9lectriques et pneumatiques <\/li>\n<li> Bille dia. 3 <\/li>\n<li> Pression de service maxi : 250 Bar <\/li>\n<li> Raccord inox 1\/4&#8243; ou 16&#215;1,5 <\/li>\n<\/ul>\n<p>&nbsp;<\/p>\n","protected":false},"excerpt":{"rendered":"<p>Pistolets airless tr\u00e8s l\u00e9gers et maniables, test\u00e9s et approuv\u00e9s par nos clients dans le domaine du travail. Je suis con\u00e7u pour travailler longtemps sans probl\u00e8mes. Disponible en diff\u00e9rentes versions pour r\u00e9pondre aux besoins des utilisateurs.<\/p>\n","protected":false},"featured_media":5577,"template":"","meta":[],"product_brand":[],"product_cat":[446],"product_tag":[502],"class_list":{"0":"post-5584","1":"product","2":"type-product","3":"status-publish","4":"has-post-thumbnail","6":"product_cat-pistolets-airless","7":"product_tag-pistolets","9":"first","10":"instock","11":"shipping-taxable","12":"product-type-simple"},"_links":{"self":[{"href":"https:\/\/digital4d.net\/masterspray\/wp-json\/wp\/v2\/product\/5584","targetHints":{"allow":["GET"]}}],"collection":[{"href":"https:\/\/digital4d.net\/masterspray\/wp-json\/wp\/v2\/product"}],"about":[{"href":"https:\/\/digital4d.net\/masterspray\/wp-json\/wp\/v2\/types\/product"}],"wp:featuredmedia":[{"embeddable":true,"href":"https:\/\/digital4d.net\/masterspray\/wp-json\/wp\/v2\/media\/5577"}],"wp:attachment":[{"href":"https:\/\/digital4d.net\/masterspray\/wp-json\/wp\/v2\/media?parent=5584"}],"wp:term":[{"taxonomy":"product_brand","embeddable":true,"href":"https:\/\/digital4d.net\/masterspray\/wp-json\/wp\/v2\/product_brand?post=5584"},{"taxonomy":"product_cat","embeddable":true,"href":"https:\/\/digital4d.net\/masterspray\/wp-json\/wp\/v2\/product_cat?post=5584"},{"taxonomy":"product_tag","embeddable":true,"href":"https:\/\/digital4d.net\/masterspray\/wp-json\/wp\/v2\/product_tag?post=5584"}],"curies":[{"name":"wp","href":"https:\/\/api.w.org\/{rel}","templated":true}]}}