{"id":6139,"date":"2024-04-28T17:34:16","date_gmt":"2024-04-28T15:34:17","guid":{"rendered":"https:\/\/digital4d.net\/masterspray\/?post_type=product&#038;p=6139"},"modified":"2025-02-11T11:56:03","modified_gmt":"2025-02-11T10:56:03","slug":"gt-4-0","status":"publish","type":"product","link":"https:\/\/digital4d.net\/masterspray\/prodotto\/gt-4-0\/?lang=es","title":{"rendered":"GT 4.0"},"content":{"rendered":"<p><span class=\"VIiyi\" lang=\"es\"><span class=\"JLqJ4b ChMk0b\" data-language-for-alternatives=\"es\" data-language-to-translate-into=\"it\" data-phrase-index=\"0\">Es una bomba sin aire de diafragma el\u00e9ctrica ideal para trabajos de pintura en aerosol peque\u00f1os y medianos.<\/span> <span class=\"JLqJ4b ChMk0b\" data-language-for-alternatives=\"es\" data-language-to-translate-into=\"it\" data-phrase-index=\"1\">Ligero y manejable, se puede transportar f\u00e1cilmente al lugar de trabajo.<\/span> <span class=\"JLqJ4b ChMk0b\" data-language-for-alternatives=\"es\" data-language-to-translate-into=\"it\" data-phrase-index=\"2\">El cabezal de la bomba es de aluminio tratado, la v\u00e1lvula de carburo de tungsteno para garantizar la calidad y durabilidad de los componentes.<\/span> <\/span><\/p>\n<p><span class=\"VIiyi\" lang=\"es\"><span class=\"JLqJ4b ChMk0b\" data-language-for-alternatives=\"es\" data-language-to-translate-into=\"it\" data-phrase-index=\"4\">El motor el\u00e9ctrico de la GT 4.0 es de clase H, es decir: m\u00e1xima calidad y seguridad.<\/span> <span class=\"JLqJ4b ChMk0b\" data-language-for-alternatives=\"es\" data-language-to-translate-into=\"it\" data-phrase-index=\"5\">Puede funcionar incluso en condiciones dif\u00edciles y con altas temperaturas ambientales.<\/span> <span class=\"JLqJ4b ChMk0b\" data-language-for-alternatives=\"es\" data-language-to-translate-into=\"it\" data-phrase-index=\"6\">Un sistema autom\u00e1tico corta la energ\u00eda cuando los l\u00edmites de seguridad el\u00e9ctrica est\u00e1n a punto de superarse.<\/span><\/span><\/p>\n<p><span class=\"JLqJ4b ChMk0b\" data-language-for-alternatives=\"es\" data-language-to-translate-into=\"it\" data-phrase-index=\"7\">La configuraci\u00f3n est\u00e1ndar del equipo incluye:<\/span><\/p>\n<ul>\n<li>Tubo HP dia. 1\/4\u2033 \u2013 mt. 10<\/li>\n<li><span class=\"JLqJ4b ChMk0b\" data-language-for-alternatives=\"es\" data-language-to-translate-into=\"it\" data-phrase-index=\"12\">Sistema de succi\u00f3n<\/span><\/li>\n<li>Pistola Airless<\/li>\n<li><span class=\"JLqJ4b ChMk0b\" data-language-for-alternatives=\"es\" data-language-to-translate-into=\"it\" data-phrase-index=\"16\">Boquilla autolimpiante cpl.<\/span><\/li>\n<\/ul>\n<h3><span class=\"JLqJ4b ChMk0b\" data-language-for-alternatives=\"es\" data-language-to-translate-into=\"it\" data-phrase-index=\"18\">Aplicaciones<\/span><\/h3>\n<p><span class=\"VIiyi\" lang=\"es\"><span class=\"JLqJ4b ChMk0b\" data-language-for-alternatives=\"es\" data-language-to-translate-into=\"it\" data-phrase-index=\"0\">Acr\u00edlicos, antioxidantes, emulsiones, fijadores, imprimaciones, pinturas al agua, agentes de impregnaci\u00f3n, lacas, imprimaciones, esmaltes, barnices, etc.<\/span><\/span><\/p>\n<h3><span class=\"VIiyi\" lang=\"es\"><span class=\"JLqJ4b ChMk0b\" data-language-for-alternatives=\"es\" data-language-to-translate-into=\"it\" data-phrase-index=\"22\">Campos de aplicaci\u00f3n<\/span><\/span><\/h3>\n<p><span class=\"VIiyi\" lang=\"es\"><span class=\"JLqJ4b ChMk0b\" data-language-for-alternatives=\"es\" data-language-to-translate-into=\"it\" data-phrase-index=\"0\">Blanqueo de interiores y exteriores \u2022 Enlucido \u2022 Renovaciones \u2022 Construcciones industriales \u2022 Pintura de techos \u2022 etc.<\/span><\/span><\/p>\n<p>&nbsp;<\/p>\n","protected":false},"excerpt":{"rendered":"<p><span class=\"VIiyi\" lang=\"es\"><span class=\"JLqJ4b ChMk0b\" data-language-for-alternatives=\"es\" data-language-to-translate-into=\"it\" data-phrase-index=\"0\">Es una bomba de pintura airless de diafragma dise\u00f1ada para las necesidades de las peque\u00f1as industrias y para el artesano.<\/span> <span class=\"JLqJ4b ChMk0b\" data-language-for-alternatives=\"es\" data-language-to-translate-into=\"it\" data-phrase-index=\"1\">Ideal para peque\u00f1as y medianas obras de construcci\u00f3n, para aplicar lacas, pinturas, para pulir muebles, para carpinter\u00eda y talleres artesanales.<\/span><\/span><\/p>\n","protected":false},"featured_media":6147,"template":"","meta":[],"product_brand":[],"product_cat":[462],"product_tag":[480,481],"class_list":{"0":"post-6139","1":"product","2":"type-product","3":"status-publish","4":"has-post-thumbnail","6":"product_cat-bombas-de-diafragma-electricas","7":"product_tag-construccion","8":"product_tag-iniezione-es","10":"first","11":"instock","12":"shipping-taxable","13":"product-type-simple"},"_links":{"self":[{"href":"https:\/\/digital4d.net\/masterspray\/wp-json\/wp\/v2\/product\/6139","targetHints":{"allow":["GET"]}}],"collection":[{"href":"https:\/\/digital4d.net\/masterspray\/wp-json\/wp\/v2\/product"}],"about":[{"href":"https:\/\/digital4d.net\/masterspray\/wp-json\/wp\/v2\/types\/product"}],"wp:featuredmedia":[{"embeddable":true,"href":"https:\/\/digital4d.net\/masterspray\/wp-json\/wp\/v2\/media\/6147"}],"wp:attachment":[{"href":"https:\/\/digital4d.net\/masterspray\/wp-json\/wp\/v2\/media?parent=6139"}],"wp:term":[{"taxonomy":"product_brand","embeddable":true,"href":"https:\/\/digital4d.net\/masterspray\/wp-json\/wp\/v2\/product_brand?post=6139"},{"taxonomy":"product_cat","embeddable":true,"href":"https:\/\/digital4d.net\/masterspray\/wp-json\/wp\/v2\/product_cat?post=6139"},{"taxonomy":"product_tag","embeddable":true,"href":"https:\/\/digital4d.net\/masterspray\/wp-json\/wp\/v2\/product_tag?post=6139"}],"curies":[{"name":"wp","href":"https:\/\/api.w.org\/{rel}","templated":true}]}}