{"id":6140,"date":"2024-04-28T17:34:16","date_gmt":"2024-04-28T15:34:17","guid":{"rendered":"https:\/\/digital4d.net\/masterspray\/?post_type=product&#038;p=6140"},"modified":"2025-02-11T11:55:51","modified_gmt":"2025-02-11T10:55:51","slug":"gt-4-0","status":"publish","type":"product","link":"https:\/\/digital4d.net\/masterspray\/prodotto\/gt-4-0\/?lang=fr","title":{"rendered":"GT 4.0"},"content":{"rendered":"<p>Il s&#8217;agit d&#8217;une pompe airless \u00e0 membrane \u00e9lectrique id\u00e9ale pour les petits et moyens travaux de peinture au pistolet. L\u00e9ger et maniable, il peut \u00eatre facilement transport\u00e9 sur le lieu de travail. La t\u00eate de pompe est en aluminium trait\u00e9, le clapet en carbure de tungst\u00e8ne pour assurer la qualit\u00e9 et la durabilit\u00e9 des composants.<\/p>\n<p>Le moteur \u00e9lectrique de la GT 4.0 est en classe H, c&#8217;est-\u00e0-dire : la plus haute qualit\u00e9 et s\u00e9curit\u00e9. Il peut fonctionner m\u00eame dans des conditions difficiles et avec des temp\u00e9ratures ambiantes \u00e9lev\u00e9es. Un syst\u00e8me automatique coupe l&#8217;alimentation lorsque les limites de s\u00e9curit\u00e9 \u00e9lectrique sont sur le point d&#8217;\u00eatre d\u00e9pass\u00e9es.<\/p>\n<p>La configuration standard de l&#8217;\u00e9quipement comprend :<\/p>\n<ul>\n<li>Tuyaux HP dia. 1\/4&#8243; &#8211; mt. 10<\/li>\n<li>Syst\u00e8me d\u2019aspiration<\/li>\n<li>Pistolet Airless<\/li>\n<li>Buse autonettoyante cpl.<\/li>\n<\/ul>\n<h3>Applications<\/h3>\n<p><span class=\"VIiyi\" lang=\"fr\"><span class=\"JLqJ4b\" data-language-for-alternatives=\"fr\" data-language-to-translate-into=\"it\" data-phrase-index=\"0\">Acrylique, antirouille, \u00e9mulsions, fixateurs, appr\u00eats, peintures \u00e0 l&#8217;eau, agents d&#8217;impr\u00e9gnation, laques, appr\u00eats, \u00e9maux, vernis, etc.<\/span><\/span><\/p>\n<h3>Champs d\u2019application<\/h3>\n<p><span class=\"VIiyi\" lang=\"fr\"><span class=\"JLqJ4b\" data-language-for-alternatives=\"fr\" data-language-to-translate-into=\"it\" data-phrase-index=\"0\">Blanchiment \u00e0 la chaux int\u00e9rieur et ext\u00e9rieur \u2022 Pl\u00e2trerie \u2022 R\u00e9novations \u2022 Constructions industrielles \u2022 Peinture de toiture \u2022 etc.<\/span><\/span><\/p>\n<p>&nbsp;<\/p>\n","protected":false},"excerpt":{"rendered":"<p><span class=\"VIiyi\" lang=\"fr\"><span class=\"JLqJ4b ChMk0b\" data-language-for-alternatives=\"fr\" data-language-to-translate-into=\"it\" data-phrase-index=\"0\">C&#8217;est une pompe \u00e0 peinture airless \u00e0 membrane con\u00e7ue pour les besoins des petites industries et pour l&#8217;artisan.<\/span> <span class=\"JLqJ4b ChMk0b\" data-language-for-alternatives=\"fr\" data-language-to-translate-into=\"it\" data-phrase-index=\"1\">Id\u00e9al pour les petits et moyens travaux de construction, pour l&#8217;application de laques, de peintures, pour le polissage de meubles, pour les ateliers de menuiserie et d&#8217;artisanat.<\/span><\/span><\/p>\n","protected":false},"featured_media":6144,"template":"","meta":[],"product_brand":[],"product_cat":[465],"product_tag":[483,484],"class_list":{"0":"post-6140","1":"product","2":"type-product","3":"status-publish","4":"has-post-thumbnail","6":"product_cat-pompes-a-membrane-electriques","7":"product_tag-batiment","8":"product_tag-iniezione-fr","10":"first","11":"instock","12":"shipping-taxable","13":"product-type-simple"},"_links":{"self":[{"href":"https:\/\/digital4d.net\/masterspray\/wp-json\/wp\/v2\/product\/6140","targetHints":{"allow":["GET"]}}],"collection":[{"href":"https:\/\/digital4d.net\/masterspray\/wp-json\/wp\/v2\/product"}],"about":[{"href":"https:\/\/digital4d.net\/masterspray\/wp-json\/wp\/v2\/types\/product"}],"wp:featuredmedia":[{"embeddable":true,"href":"https:\/\/digital4d.net\/masterspray\/wp-json\/wp\/v2\/media\/6144"}],"wp:attachment":[{"href":"https:\/\/digital4d.net\/masterspray\/wp-json\/wp\/v2\/media?parent=6140"}],"wp:term":[{"taxonomy":"product_brand","embeddable":true,"href":"https:\/\/digital4d.net\/masterspray\/wp-json\/wp\/v2\/product_brand?post=6140"},{"taxonomy":"product_cat","embeddable":true,"href":"https:\/\/digital4d.net\/masterspray\/wp-json\/wp\/v2\/product_cat?post=6140"},{"taxonomy":"product_tag","embeddable":true,"href":"https:\/\/digital4d.net\/masterspray\/wp-json\/wp\/v2\/product_tag?post=6140"}],"curies":[{"name":"wp","href":"https:\/\/api.w.org\/{rel}","templated":true}]}}