{"id":6308,"date":"2019-01-29T15:43:13","date_gmt":"2019-01-29T14:43:13","guid":{"rendered":"https:\/\/digital4d.net\/masterspray\/prodotto\/pc-30\/"},"modified":"2019-01-29T15:43:13","modified_gmt":"2019-01-29T14:43:13","slug":"pc-30","status":"publish","type":"product","link":"https:\/\/digital4d.net\/masterspray\/prodotto\/pc-30\/?lang=fr","title":{"rendered":"PC 30"},"content":{"rendered":"<p>Il s&#8217;agit d&#8217;un \u00e9quipement p\u00e9ristaltique con\u00e7u pour pulv\u00e9riser des produits liquides et en poudre. En plus des produits couramment utilis\u00e9s dans la construction, il est possible de pulv\u00e9riser des couleurs, des stucs, des enduits de finition, des enduits et des produits d&#8217;\u00e9tanch\u00e9it\u00e9, y compris ceux \u00e0 base de fibres avec des granulom\u00e9tries allant jusqu&#8217;\u00e0 3 mm.<\/p>\n<h3>Applications<\/h3>\n<p>R\u00e9sines artificielles avec granulom\u00e9trie jusqu&#8217;\u00e0 3 mm, Silicates avec granulom\u00e9trie. jusqu&#8217;\u00e0 3 mm, r\u00e9sines silicat\u00e9es, isolants thermiques, p\u00e2tes isolantes, enduits poreux \u00e0 base de ciment, stucs, r\u00e9sines artificielles, enduits, appr\u00eats, peintures de remplissage, y compris peintures fibreuses, peintures au quartz, enduits d\u00e9coratifs, enduits bitumineux, ignifuges, insonorisants<\/p>\n<h3>Champs de candidature<\/h3>\n<p>Pl\u00e2trage int\u00e9rieur et ext\u00e9rieur \u2022 R\u00e9novations \u2022 Imperm\u00e9abilisation<\/p>\n<p>&nbsp;<\/p>\n","protected":false},"excerpt":{"rendered":"<p>Il s&#8217;agit d&#8217;un \u00e9quipement p\u00e9ristaltique con\u00e7u pour appliquer des produits liquides et en poudre denses, avec des granulom\u00e9tries allant jusqu&#8217;\u00e0 3 mm.<\/p>\n","protected":false},"featured_media":6303,"template":"","meta":[],"product_brand":[],"product_cat":[473],"product_tag":[483],"class_list":{"0":"post-6308","1":"product","2":"type-product","3":"status-publish","4":"has-post-thumbnail","6":"product_cat-pompe-peristatique","7":"product_tag-batiment","9":"first","10":"instock","11":"shipping-taxable","12":"product-type-simple"},"_links":{"self":[{"href":"https:\/\/digital4d.net\/masterspray\/wp-json\/wp\/v2\/product\/6308","targetHints":{"allow":["GET"]}}],"collection":[{"href":"https:\/\/digital4d.net\/masterspray\/wp-json\/wp\/v2\/product"}],"about":[{"href":"https:\/\/digital4d.net\/masterspray\/wp-json\/wp\/v2\/types\/product"}],"wp:featuredmedia":[{"embeddable":true,"href":"https:\/\/digital4d.net\/masterspray\/wp-json\/wp\/v2\/media\/6303"}],"wp:attachment":[{"href":"https:\/\/digital4d.net\/masterspray\/wp-json\/wp\/v2\/media?parent=6308"}],"wp:term":[{"taxonomy":"product_brand","embeddable":true,"href":"https:\/\/digital4d.net\/masterspray\/wp-json\/wp\/v2\/product_brand?post=6308"},{"taxonomy":"product_cat","embeddable":true,"href":"https:\/\/digital4d.net\/masterspray\/wp-json\/wp\/v2\/product_cat?post=6308"},{"taxonomy":"product_tag","embeddable":true,"href":"https:\/\/digital4d.net\/masterspray\/wp-json\/wp\/v2\/product_tag?post=6308"}],"curies":[{"name":"wp","href":"https:\/\/api.w.org\/{rel}","templated":true}]}}